{"id":58466,"date":"2024-05-22T14:26:58","date_gmt":"2024-05-22T07:26:58","guid":{"rendered":"https:\/\/mouldking.store\/shop\/area-x-ab0043-sun-winged-dragon-with-600-pieces\/"},"modified":"2024-05-22T14:27:07","modified_gmt":"2024-05-22T07:27:07","slug":"area-x-ab0043-sun-winged-dragon-with-600-pieces","status":"publish","type":"product","link":"https:\/\/mouldking.store\/hu\/shop\/area-x-ab0043-sun-winged-dragon-with-600-pieces\/","title":{"rendered":"AREA-X AB0043 NAPSZ\u00c1RNYAS S\u00c1RK\u00c1NY 600 darabos"},"content":{"rendered":"<div>\u2705AREA-X AB0043 NAPSZ\u00c1RNYAS S\u00c1RK\u00c1NY<\/p>\n<p>\u2705A \u201eNapisten sz\u00e1rnyas s\u00e1rk\u00e1nya\u201d egy \u00e9rdekes koncepci\u00f3 egy Yu-Gi-Oh! k\u00e1rty\u00e1hoz, amely a s\u00e1rk\u00e1nyok mitikus k\u00e9p\u00e9t a nap isteni erej\u00e9vel \u00f6tv\u00f6zi.<\/p>\n<p>\ud83d\udeab FONTOS!<\/p>\n<p>Term\u00e9k neve: NAPSZ\u00c1RNYAS S\u00c1RK\u00c1NY<\/p>\n<p>Kateg\u00f3ria: Film<\/p>\n<p>A k\u00e9szlet tartalma: AREA-X AB0043&nbsp;<\/p>\n<p>600 db j\u00f3 min\u0151s\u00e9g\u0171 t\u00e9gla<\/p>\n<p>M\u00e9ret: 26 \u00d7 24 \u00d7 22 cm<\/p>\n<p>K\u00e9zi utas\u00edt\u00e1sok<\/p>\n<p>\ud83d\udcccA f\u0151szerepl\u0151 term\u00e9szete<\/p>\n<p>Bemutatjuk b\u00fcszke kollekci\u00f3nkat, a \u201eSUN WINGED DRAGON\u201d-t, amelyet nem szabad kihagynod.<\/p>\n<p>Ez a k\u00e1rtya nem id\u00e9zhet\u0151 Norm\u00e1l m\u00f3don vagy Be\u00e1ll\u00edthat\u00f3. Ez a k\u00e1rtya nem id\u00e9zhet\u0151 Speci\u00e1lisan, kiv\u00e9ve, ha 3 \u00e1ltalad ir\u00e1ny\u00edtott sz\u00f6rnyet fel\u00e1ldozol, bele\u00e9rtve legal\u00e1bb 1 VIL\u00c1GOS sz\u00f6rnyet \u00e9s 1 S\u00e1rk\u00e1ny T\u00edpus\u00fa sz\u00f6rnyet. Amikor ez a k\u00e1rtya Speci\u00e1lisan megid\u00e9zett: Legfeljebb 3, az ellenfeled \u00e1ltal ir\u00e1ny\u00edtott k\u00e1rty\u00e1t c\u00e9lozhatsz meg; semmis\u00edtsd meg \u0151ket. Ez a k\u00e1rtya 500 T\u00c1M-ot kap minden egyes elpuszt\u00edtott k\u00e1rty\u00e1\u00e9rt, amelyet ez a hat\u00e1s elpuszt\u00edt. Ha ez a k\u00e1rtya egy S\u00d6T\u00c9T sz\u00f6rnnyel harcol, dupl\u00e1zd meg a k\u00e1rtya eredeti T\u00c1M-j\u00e1t, csak a sebz\u00e9s kisz\u00e1m\u00edt\u00e1sa sor\u00e1n. Ha ezt a k\u00e1rty\u00e1t egy k\u00e1rtya hat\u00e1sa puszt\u00edtan\u00e1 el, fizethetsz 1000 LP-t; semleges\u00edtsd a hat\u00e1st, \u00e9s helyette megsemmis\u00edtheted azt a lapot.<\/p><\/div>","protected":false},"excerpt":{"rendered":"<p>M\u00e1rka: AREA-X<br \/>\nNem: Uniszex<br \/>\nKoroszt\u00e1ly: &gt; 6 \u00e9v<br \/>\nModellsz\u00e1m: AB0043<br \/>\nBesorol\u00e1s: \u00d6sszeszerel\u00e9s<br \/>\nM\u0171anyag blokk forma: \u00f6nz\u00e1r\u00f3 t\u00e9gla<br \/>\nAnyaga: M\u0171anyag<br \/>\nM\u0171anyag t\u00edpus: ABS<br \/>\nT\u00e9gl\u00e1k Blokkok: 600+<br \/>\nEredeti doboza nincs<\/p>","protected":false},"featured_media":58465,"comment_status":"open","ping_status":"closed","template":"","meta":{"_acf_changed":false},"product_cat":[1365,1769,371,581,1408],"product_tag":[11072,8452,8073,4705,9139,10403,9016,434,10908,3243,13300,11586],"class_list":["product","first","instock","shipping-taxable","purchasable","product-type-simple"],"acf":[],"_links":{"self":[{"href":"https:\/\/mouldking.store\/hu\/wp-json\/wp\/v2\/product\/58466","targetHints":{"allow":["GET"]}}],"collection":[{"href":"https:\/\/mouldking.store\/hu\/wp-json\/wp\/v2\/product"}],"about":[{"href":"https:\/\/mouldking.store\/hu\/wp-json\/wp\/v2\/types\/product"}],"replies":[{"embeddable":true,"href":"https:\/\/mouldking.store\/hu\/wp-json\/wp\/v2\/comments?post=58466"}],"wp:featuredmedia":[{"embeddable":true,"href":"https:\/\/mouldking.store\/hu\/wp-json\/wp\/v2\/media\/58465"}],"wp:attachment":[{"href":"https:\/\/mouldking.store\/hu\/wp-json\/wp\/v2\/media?parent=58466"}],"wp:term":[{"taxonomy":"product_cat","embeddable":true,"href":"https:\/\/mouldking.store\/hu\/wp-json\/wp\/v2\/product_cat?post=58466"},{"taxonomy":"product_tag","embeddable":true,"href":"https:\/\/mouldking.store\/hu\/wp-json\/wp\/v2\/product_tag?post=58466"}],"curies":[{"name":"wp","href":"https:\/\/api.w.org\/{rel}","templated":true}]}}