{"id":58471,"date":"2024-05-22T14:28:28","date_gmt":"2024-05-22T07:28:28","guid":{"rendered":"https:\/\/mouldking.store\/shop\/area-x-ab0040-dark-magician-with-400-pieces\/"},"modified":"2024-05-22T14:28:40","modified_gmt":"2024-05-22T07:28:40","slug":"area-x-ab0040-dark-magician-with-400-pieces","status":"publish","type":"product","link":"https:\/\/mouldking.store\/hu\/shop\/area-x-ab0040-dark-magician-with-400-pieces\/","title":{"rendered":"AREA-X AB0040 S\u00f6t\u00e9t M\u00e1gus 400 Darabbal"},"content":{"rendered":"<div>\u2705AREA-X AB0040 Dark Magician<\/p>\n<p>\u2705The Dark Magician is one of the most iconic and beloved cards in the Yu-Gi-Oh! trading card game.&nbsp;<\/p>\n<p>\ud83d\udeab FONTOS!<\/p>\n<p>Product Name: Dark Magician<\/p>\n<p>Kateg\u00f3ria: Film<\/p>\n<p>This Kit Contains: AREA-X AB0040<\/p>\n<p>400 db j\u00f3 min\u0151s\u00e9g\u0171 t\u00e9gla<\/p>\n<p>Size: 33.4 \u00d7 27.9 \u00d7 36.1 cm<\/p>\n<p>K\u00e9zi utas\u00edt\u00e1sok<\/p>\n<p>\ud83d\udcccA f\u0151szerepl\u0151 term\u00e9szete<\/p>\n<p>Introducing our proud collection named \u201cDark Magician\u201d you should not miss.<\/p>\n<p>This card is a powerful Spellcaster-type monster with considerable ATK and DEF stats. As a Normal Monster, it doesn&#8217;t have any specific effects beyond its basic battle capabilities.The Dark Magician is a mysterious sorcerer wielding formidable magical powers. He is depicted as a robed figure with a flowing cape and a staff, exuding an aura of dark mystique. With his piercing gaze and commanding presence, the Dark Magician strikes fear into the hearts of his opponents.<\/p><\/div>","protected":false},"excerpt":{"rendered":"<p>M\u00e1rka: AREA-X<br \/>\nNem: Uniszex<br \/>\nKoroszt\u00e1ly: &gt; 6 \u00e9v<br \/>\nModel Number: AB0040<br \/>\nBesorol\u00e1s: \u00d6sszeszerel\u00e9s<br \/>\nM\u0171anyag blokk forma: \u00f6nz\u00e1r\u00f3 t\u00e9gla<br \/>\nAnyaga: M\u0171anyag<br \/>\nM\u0171anyag t\u00edpus: ABS<br \/>\nT\u00e9gla T\u00e9gla: 400+<br \/>\nEredeti doboza nincs<\/p>","protected":false},"featured_media":58470,"comment_status":"open","ping_status":"closed","template":"","meta":{"_acf_changed":false},"product_cat":[1365,1769,371],"product_tag":[11072,8452,9139,13301,11586],"class_list":["product","first","instock","shipping-taxable","purchasable","product-type-simple"],"acf":[],"_links":{"self":[{"href":"https:\/\/mouldking.store\/hu\/wp-json\/wp\/v2\/product\/58471","targetHints":{"allow":["GET"]}}],"collection":[{"href":"https:\/\/mouldking.store\/hu\/wp-json\/wp\/v2\/product"}],"about":[{"href":"https:\/\/mouldking.store\/hu\/wp-json\/wp\/v2\/types\/product"}],"replies":[{"embeddable":true,"href":"https:\/\/mouldking.store\/hu\/wp-json\/wp\/v2\/comments?post=58471"}],"wp:featuredmedia":[{"embeddable":true,"href":"https:\/\/mouldking.store\/hu\/wp-json\/wp\/v2\/media\/58470"}],"wp:attachment":[{"href":"https:\/\/mouldking.store\/hu\/wp-json\/wp\/v2\/media?parent=58471"}],"wp:term":[{"taxonomy":"product_cat","embeddable":true,"href":"https:\/\/mouldking.store\/hu\/wp-json\/wp\/v2\/product_cat?post=58471"},{"taxonomy":"product_tag","embeddable":true,"href":"https:\/\/mouldking.store\/hu\/wp-json\/wp\/v2\/product_tag?post=58471"}],"curies":[{"name":"wp","href":"https:\/\/api.w.org\/{rel}","templated":true}]}}