{"id":58680,"date":"2024-05-29T15:48:01","date_gmt":"2024-05-29T08:48:01","guid":{"rendered":"https:\/\/mouldking.store\/shop\/moc-factory-64660-killer-klowns-from-outer-space-spike-shorty-jumbo-with-550-pieces\/"},"modified":"2025-12-16T20:59:09","modified_gmt":"2025-12-16T13:59:09","slug":"moc-factory-64660-killer-klowns-from-outer-space-spike-shorty-jumbo-with-550-pieces","status":"publish","type":"product","link":"https:\/\/mouldking.store\/hu\/shop\/moc-factory-64660-killer-klowns-from-outer-space-spike-shorty-jumbo-with-550-pieces\/","title":{"rendered":"MOC Factory 64660 Killer Klowns from Outer Space Spike Shorty Jumbo with 550 Pieces"},"content":{"rendered":"<div>\u2705 MOC-64660 Killer Klowns from Outer Space Spike Shorty Jumbo<\/p>\n<p>\u2705&#8221;Spike,&#8221; &#8220;Shorty,&#8221; and &#8220;Jumbo&#8221; are characters from the cult classic horror-comedy film &#8220;Killer Klowns from Outer Space.&#8221; &nbsp;<br \/>Together, Spike, Shorty, and Jumbo are part of the group of Killer Klowns who descend upon Crescent Cove in their circus-themed spaceship, wreaking havoc and capturing unsuspecting victims in cotton candy cocoons. They are memorable characters from the zany and surreal world of &#8220;Killer Klowns from Outer Space,&#8221; adding to the film&#8217;s unique blend of horror and comedy.<\/div>\n<div>\ud83d\udeab FONTOS!<\/p>\n<p>Product Name: Killer Klowns from Outer Space Spike Shorty Jumbo<\/p>\n<p>Kateg\u00f3ria: Film<\/p>\n<p>This Kit Contains: C9970<\/p>\n<p>550 db J\u00f3 min\u0151s\u00e9g\u0171 t\u00e9gla<\/p>\n<p>Size: 28 x 17 x 17 cm<\/p>\n<p>Weight: 0.39 kg<\/p>\n<p>PDF \u00datmutat\u00f3<\/p>\n<p>\ud83d\udcccA f\u0151szerepl\u0151 term\u00e9szete<\/p>\n<p>Introducing our proud collection named \u201cKiller Klowns from Outer Space Spike Shorty Jumbo\u201d you should not miss.<\/p>\n<p>Spike is one of the Killer Klowns from Outer Space, extraterrestrial beings that resemble sinister, grotesque clowns. He is distinguished by his red clown costume and has a menacing demeanor. Spike is often seen alongside the other Killer Klowns as they terrorize the residents of Crescent Cove. Shorty is another one of the Killer Klowns from Outer Space. As his name suggests, Shorty is shorter in stature compared to some of the other Klowns. He is known for his mischievous and playful personality, often engaging in antics and causing chaos with his fellow Klowns. Jumbo is a larger and bulkier Killer Klown from Outer Space. He is distinguishable by his blue clown costume and is notable for his strength and imposing presence. Jumbo is one of the more formidable Klowns, capable of causing significant damage with his size and power.<\/p><\/div>","protected":false},"excerpt":{"rendered":"<p>M\u00e1rka: MOC Factory<br \/>\nNem: Uniszex<br \/>\nKoroszt\u00e1ly: &gt; 6 \u00e9v<br \/>\nModel Number: 64660<br \/>\nBesorol\u00e1s: \u00d6sszeszerel\u00e9s<br \/>\nM\u0171anyag blokk forma: \u00f6nz\u00e1r\u00f3 t\u00e9gla<br \/>\nAnyaga: M\u0171anyag<br \/>\nM\u0171anyag t\u00edpus: ABS<br \/>\nT\u00e9gla blokkok: 550+<br \/>\nEredeti doboza nincs<\/p>","protected":false},"featured_media":58679,"comment_status":"open","ping_status":"closed","template":"","meta":{"_acf_changed":false},"product_cat":[1365,371,581,6016,1408],"product_tag":[11072,8452,13338,13334,13335,434,13337,2276,13336],"class_list":["product","first","instock","shipping-taxable","purchasable","product-type-simple"],"acf":[],"_links":{"self":[{"href":"https:\/\/mouldking.store\/hu\/wp-json\/wp\/v2\/product\/58680","targetHints":{"allow":["GET"]}}],"collection":[{"href":"https:\/\/mouldking.store\/hu\/wp-json\/wp\/v2\/product"}],"about":[{"href":"https:\/\/mouldking.store\/hu\/wp-json\/wp\/v2\/types\/product"}],"replies":[{"embeddable":true,"href":"https:\/\/mouldking.store\/hu\/wp-json\/wp\/v2\/comments?post=58680"}],"wp:featuredmedia":[{"embeddable":true,"href":"https:\/\/mouldking.store\/hu\/wp-json\/wp\/v2\/media\/58679"}],"wp:attachment":[{"href":"https:\/\/mouldking.store\/hu\/wp-json\/wp\/v2\/media?parent=58680"}],"wp:term":[{"taxonomy":"product_cat","embeddable":true,"href":"https:\/\/mouldking.store\/hu\/wp-json\/wp\/v2\/product_cat?post=58680"},{"taxonomy":"product_tag","embeddable":true,"href":"https:\/\/mouldking.store\/hu\/wp-json\/wp\/v2\/product_tag?post=58680"}],"curies":[{"name":"wp","href":"https:\/\/api.w.org\/{rel}","templated":true}]}}