{"id":58779,"date":"2024-05-29T16:12:03","date_gmt":"2024-05-29T09:12:03","guid":{"rendered":"https:\/\/mouldking.store\/shop\/moc-factory-133070-adventure-time-beemo-bmo-with-271-pieces\/"},"modified":"2025-12-16T20:59:06","modified_gmt":"2025-12-16T13:59:06","slug":"moc-factory-133070-adventure-time-beemo-bmo-with-271-pieces","status":"publish","type":"product","link":"https:\/\/mouldking.store\/hu\/shop\/moc-factory-133070-adventure-time-beemo-bmo-with-271-pieces\/","title":{"rendered":"MOC Factory 133070 Kalandra fel! Beemo BMO 271 darabbal"},"content":{"rendered":"<div>\u2705 MOC-133070 Adventure Time Beemo BMO<\/p>\n<p>\u2705Beemo, often referred to as BMO, is a fictional character from the animated television series &#8220;Adventure Time.&#8221; Created by Pendleton Ward, &#8220;Adventure Time&#8221; follows the adventures of Finn the Human and his magical dog Jake in the post-apocalyptic Land of Ooo.<\/p>\n<p>\ud83d\udeab FONTOS!<\/p>\n<p>Product Name: Adventure Time Beemo BMO<\/p>\n<p>Category: Game<\/p>\n<p>This Kit Contains: C10030<\/p>\n<p>271 pcs Good Quality Bricks<\/p>\n<p>Size: 7 x 4 x 16 cm<\/p>\n<p>S\u00faly: 0,2 kg<\/p>\n<p>PDF \u00datmutat\u00f3<\/p>\n<p>\ud83d\udcccA f\u0151szerepl\u0151 term\u00e9szete<\/p>\n<p>Introducing our proud collection named \u201cAdventure Time Beemo BMO\u201d you should not miss.<\/p>\n<p>BMO is a sentient video game console and multi-purpose robot who serves as Finn and Jake&#8217;s loyal friend and companion. BMO is characterized by its childlike innocence, curiosity, and creativity. Despite being a machine, BMO exhibits human-like emotions and desires, often expressing a desire for friendship and adventure. BMO resembles a small, portable video game console with a built-in screen and buttons. It has a simple, boxy design with a face-like display screen that displays various expressions and emotions. BMO is portrayed as cheerful, optimistic, and imaginative. It enjoys playing video games, watching movies, and engaging in creative activities like singing and dancing. BMO often refers to itself in the third person and has a playful and quirky demeanor.<\/p><\/div>","protected":false},"excerpt":{"rendered":"<p>M\u00e1rka: MOC Factory<br \/>\nNem: Uniszex<br \/>\nKoroszt\u00e1ly: &gt; 6 \u00e9v<br \/>\nModel Number: 133070<br \/>\nBesorol\u00e1s: \u00d6sszeszerel\u00e9s<br \/>\nM\u0171anyag blokk forma: \u00f6nz\u00e1r\u00f3 t\u00e9gla<br \/>\nAnyaga: M\u0171anyag<br \/>\nM\u0171anyag t\u00edpus: ABS<br \/>\nBricks Blocks: 271 +<br \/>\nEredeti doboza nincs<\/p>","protected":false},"featured_media":58778,"comment_status":"open","ping_status":"closed","template":"","meta":{"_acf_changed":false},"product_cat":[1365,1769,371],"product_tag":[6470,13346,13347,11072,8452,9139],"class_list":["product","first","instock","shipping-taxable","purchasable","product-type-simple"],"acf":[],"_links":{"self":[{"href":"https:\/\/mouldking.store\/hu\/wp-json\/wp\/v2\/product\/58779","targetHints":{"allow":["GET"]}}],"collection":[{"href":"https:\/\/mouldking.store\/hu\/wp-json\/wp\/v2\/product"}],"about":[{"href":"https:\/\/mouldking.store\/hu\/wp-json\/wp\/v2\/types\/product"}],"replies":[{"embeddable":true,"href":"https:\/\/mouldking.store\/hu\/wp-json\/wp\/v2\/comments?post=58779"}],"wp:featuredmedia":[{"embeddable":true,"href":"https:\/\/mouldking.store\/hu\/wp-json\/wp\/v2\/media\/58778"}],"wp:attachment":[{"href":"https:\/\/mouldking.store\/hu\/wp-json\/wp\/v2\/media?parent=58779"}],"wp:term":[{"taxonomy":"product_cat","embeddable":true,"href":"https:\/\/mouldking.store\/hu\/wp-json\/wp\/v2\/product_cat?post=58779"},{"taxonomy":"product_tag","embeddable":true,"href":"https:\/\/mouldking.store\/hu\/wp-json\/wp\/v2\/product_tag?post=58779"}],"curies":[{"name":"wp","href":"https:\/\/api.w.org\/{rel}","templated":true}]}}