{"id":58788,"date":"2024-05-29T16:34:18","date_gmt":"2024-05-29T09:34:18","guid":{"rendered":"https:\/\/mouldking.store\/shop\/moc-factory-89125-angel-mobile-suit-girl-female-robot-robot-girl-singer-with-296-pieces\/"},"modified":"2025-12-16T20:59:06","modified_gmt":"2025-12-16T13:59:06","slug":"moc-factory-89125-angel-mobile-suit-girl-female-robot-robot-girl-singer-with-296-pieces","status":"publish","type":"product","link":"https:\/\/mouldking.store\/hu\/shop\/moc-factory-89125-angel-mobile-suit-girl-female-robot-robot-girl-singer-with-296-pieces\/","title":{"rendered":"MOC Factory 89125 Angel Mobile Suit Girl N\u0151i Robot Robot Girl Singer 296 darabbal"},"content":{"rendered":"<div>\u2705 MOC-89125 Angel Mobile Suit Girl Female Robot Robot Girl Singer<\/p>\n<p>\u2705A female robot or android designed to resemble a human woman, often with sleek and futuristic features. She may have metallic or synthetic skin, glowing eyes, and other robotic enhancements.<\/p>\n<p>\ud83d\udeab FONTOS!<\/p>\n<p>Product Name: Angel Mobile Suit Girl Female Robot Robot Girl Singer<\/p>\n<p>Kateg\u00f3ria: Film<\/p>\n<p>This Kit Contains: C9979<\/p>\n<p>296 pcs Good Quality Bricks<\/p>\n<p>S\u00faly: 0,12 kg<\/p>\n<p>PDF \u00datmutat\u00f3<\/p>\n<p>\ud83d\udcccA f\u0151szerepl\u0151 term\u00e9szete<\/p>\n<p>Introducing our proud collection named \u201cAngel Mobile Suit Girl Female Robot Robot Girl Singer\u201d you should not miss.<\/p>\n<p>The character may possess a wide range of personalities, from stoic and robotic to warm and emotive. Despite her artificial nature, she may exhibit human-like emotions and desires, especially when it comes to her passion for singing and performing. The character archetype of the robot girl singer explores themes of technology, humanity, and the nature of consciousness. It raises questions about what it means to be human and the potential consequences of creating sentient artificial beings.<\/p><\/div>","protected":false},"excerpt":{"rendered":"<p>M\u00e1rka: MOC Factory<br \/>\nNem: Uniszex<br \/>\nKoroszt\u00e1ly: &gt; 6 \u00e9v<br \/>\nModel Number: 89125<br \/>\nBesorol\u00e1s: \u00d6sszeszerel\u00e9s<br \/>\nM\u0171anyag blokk forma: \u00f6nz\u00e1r\u00f3 t\u00e9gla<br \/>\nAnyaga: M\u0171anyag<br \/>\nM\u0171anyag t\u00edpus: ABS<br \/>\nBricks Blocks: 296 +<br \/>\nEredeti doboza nincs<\/p>","protected":false},"featured_media":58787,"comment_status":"open","ping_status":"closed","template":"","meta":{"_acf_changed":false},"product_cat":[1365,1475,371,581,1408],"product_tag":[12658,11072,8452,12324,11035,11802,434,13348,8564],"class_list":["product","first","instock","shipping-taxable","purchasable","product-type-simple"],"acf":[],"_links":{"self":[{"href":"https:\/\/mouldking.store\/hu\/wp-json\/wp\/v2\/product\/58788","targetHints":{"allow":["GET"]}}],"collection":[{"href":"https:\/\/mouldking.store\/hu\/wp-json\/wp\/v2\/product"}],"about":[{"href":"https:\/\/mouldking.store\/hu\/wp-json\/wp\/v2\/types\/product"}],"replies":[{"embeddable":true,"href":"https:\/\/mouldking.store\/hu\/wp-json\/wp\/v2\/comments?post=58788"}],"wp:featuredmedia":[{"embeddable":true,"href":"https:\/\/mouldking.store\/hu\/wp-json\/wp\/v2\/media\/58787"}],"wp:attachment":[{"href":"https:\/\/mouldking.store\/hu\/wp-json\/wp\/v2\/media?parent=58788"}],"wp:term":[{"taxonomy":"product_cat","embeddable":true,"href":"https:\/\/mouldking.store\/hu\/wp-json\/wp\/v2\/product_cat?post=58788"},{"taxonomy":"product_tag","embeddable":true,"href":"https:\/\/mouldking.store\/hu\/wp-json\/wp\/v2\/product_tag?post=58788"}],"curies":[{"name":"wp","href":"https:\/\/api.w.org\/{rel}","templated":true}]}}