{"id":58820,"date":"2024-05-29T16:39:55","date_gmt":"2024-05-29T09:39:55","guid":{"rendered":"https:\/\/mouldking.store\/shop\/moc-factory-89122-fnaf-shattered-glamrock-monty-montgomery-gator-glamrock-roxy-roxanne-wolf-glamrock-chica-with-150-pieces\/"},"modified":"2025-12-16T20:59:05","modified_gmt":"2025-12-16T13:59:05","slug":"moc-factory-89122-fnaf-shattered-glamrock-monty-montgomery-gator-glamrock-roxy-roxanne-wolf-glamrock-chica-with-150-pieces","status":"publish","type":"product","link":"https:\/\/mouldking.store\/hu\/shop\/moc-factory-89122-fnaf-shattered-glamrock-monty-montgomery-gator-glamrock-roxy-roxanne-wolf-glamrock-chica-with-150-pieces\/","title":{"rendered":"MOC Factory 89122 FNAF Shattered Glamrock Monty Montgomery Gator Glamrock Roxy Roxanne Wolf Glamrock Chica with 150 Pieces"},"content":{"rendered":"<div>\u2705 MOC-89122 FNAF Shattered Glamrock Monty Montgomery Gator Glamrock Roxy Roxanne Wolf Glamrock Chica<\/p>\n<p>\u2705&#8221;Five Nights at Freddy&#8217;s: Security Breach&#8221; introduces new animatronic characters to the franchise, including those you&#8217;ve mentioned: Shattered Glamrock Monty Montgomery, Gator Glamrock Roxy, and Glamrock Chica.<\/p>\n<p>\ud83d\udeab FONTOS!<\/p>\n<p>Product Name: FNAF Shattered Glamrock Monty Montgomery Gator Glamrock Roxy Roxanne Wolf Glamrock Chica<\/p>\n<p>Kateg\u00f3ria: Film<\/p>\n<p>This Kit Contains: C9908Y01<\/p>\n<p>150 pcs Good Quality Bricks<\/p>\n<p>Size: 8 x 12.8 x 4.2 cm<\/p>\n<p>PDF \u00datmutat\u00f3<\/p>\n<p>\ud83d\udcccA f\u0151szerepl\u0151 term\u00e9szete<\/p>\n<p>Introducing our proud collection named \u201cFNAF Shattered Glamrock Monty Montgomery Gator Glamrock Roxy Roxanne Wolf Glamrock Chica\u201d you should not miss.<\/p>\n<p>Shattered Glamrock Monty Montgomery is a variant of the character Monty Montgomery, a large animatronic alligator who is part of the Glamrock animatronic band. In &#8220;Security Breach,&#8221; Shattered Monty appears to be a more menacing version of the original character, perhaps damaged or altered in some way. Gator Glamrock Roxy is another variant of the character Roxy, an animatronic wolf who is also part of the Glamrock band. The &#8220;Gator&#8221; designation suggests that Roxy has been given a new appearance or theme, possibly related to an alligator or crocodile. Glamrock Chica is a new version of the character Chica, a female animatronic chicken. In &#8220;Security Breach,&#8221; Glamrock Chica is part of the Glamrock band alongside Freddy Fazbear, Monty Montgomery, and Roxy. She has a redesigned appearance with a glamorous and modern look.<\/p><\/div>","protected":false},"excerpt":{"rendered":"<p>M\u00e1rka: MOC Factory<br \/>\nNem: Uniszex<br \/>\nKoroszt\u00e1ly: &gt; 6 \u00e9v<br \/>\nModel Number: 89122<br \/>\nBesorol\u00e1s: \u00d6sszeszerel\u00e9s<br \/>\nM\u0171anyag blokk forma: \u00f6nz\u00e1r\u00f3 t\u00e9gla<br \/>\nAnyaga: M\u0171anyag<br \/>\nM\u0171anyag t\u00edpus: ABS<br \/>\nBricks Blocks: 150 +<br \/>\nEredeti doboza nincs<\/p>","protected":false},"featured_media":58819,"comment_status":"open","ping_status":"closed","template":"","meta":{"_acf_changed":false},"product_cat":[1365,371,581,1408],"product_tag":[11110,13331,11072,8452,12750,13357,13353,13355,13354,434,13360,13359,13352,10010],"class_list":["product","first","instock","shipping-taxable","purchasable","product-type-simple"],"acf":[],"_links":{"self":[{"href":"https:\/\/mouldking.store\/hu\/wp-json\/wp\/v2\/product\/58820","targetHints":{"allow":["GET"]}}],"collection":[{"href":"https:\/\/mouldking.store\/hu\/wp-json\/wp\/v2\/product"}],"about":[{"href":"https:\/\/mouldking.store\/hu\/wp-json\/wp\/v2\/types\/product"}],"replies":[{"embeddable":true,"href":"https:\/\/mouldking.store\/hu\/wp-json\/wp\/v2\/comments?post=58820"}],"wp:featuredmedia":[{"embeddable":true,"href":"https:\/\/mouldking.store\/hu\/wp-json\/wp\/v2\/media\/58819"}],"wp:attachment":[{"href":"https:\/\/mouldking.store\/hu\/wp-json\/wp\/v2\/media?parent=58820"}],"wp:term":[{"taxonomy":"product_cat","embeddable":true,"href":"https:\/\/mouldking.store\/hu\/wp-json\/wp\/v2\/product_cat?post=58820"},{"taxonomy":"product_tag","embeddable":true,"href":"https:\/\/mouldking.store\/hu\/wp-json\/wp\/v2\/product_tag?post=58820"}],"curies":[{"name":"wp","href":"https:\/\/api.w.org\/{rel}","templated":true}]}}