{"id":58858,"date":"2024-05-29T16:42:44","date_gmt":"2024-05-29T09:42:44","guid":{"rendered":"https:\/\/mouldking.store\/shop\/sembo-203172-ztz-99a-main-battle-tank-with-630-pieces\/"},"modified":"2024-05-29T16:42:51","modified_gmt":"2024-05-29T09:42:51","slug":"sembo-203172-ztz-99a-main-battle-tank-with-630-pieces","status":"publish","type":"product","link":"https:\/\/mouldking.store\/hu\/shop\/sembo-203172-ztz-99a-main-battle-tank-with-630-pieces\/","title":{"rendered":"SEMBO 203172 ZTZ-99A Main Battle Tank with 630 Pieces"},"content":{"rendered":"<div>\u2705SEMBO 203172 ZTZ-99A Main Battle Tank<\/p>\n<p>\u2705The ZTZ-99A Main Battle Tank (MBT) is a modern armored fighting vehicle used by the People&#8217;s Liberation Army (PLA) of China. It is an upgraded variant of the original ZTZ-99 tank, featuring improvements in firepower, protection, and mobility.<\/p>\n<p>\ud83d\udeab FONTOS!<\/p>\n<p>Product Name: ZTZ-99A Main Battle Tank<\/p>\n<p>Kateg\u00f3ria: Katonai<\/p>\n<p>This Kit Contains: SEMBO 203172<\/p>\n<p>630 pcs Good Quality Bricks<\/p>\n<p>Size: 25 \u00d7 8.5 \u00d7 13 cm<\/p>\n<p>K\u00e9zi utas\u00edt\u00e1sok<\/p>\n<p>\ud83d\udcccA f\u0151szerepl\u0151 term\u00e9szete<\/p>\n<p>Introducing our proud collection named \u201cZTZ-99A Main Battle Tank\u201d you should not miss.<\/p>\n<p>The ZTZ-99A is equipped with a 125mm smoothbore gun, capable of firing a variety of ammunition types including armor-piercing fin-stabilized discarding sabot (APFSDS) rounds, high-explosive anti-tank (HEAT) rounds, and anti-tank guided missiles (ATGMs). It also has a coaxial 7.62mm machine gun and a roof-mounted remotely operated weapon station (ROWWS) with a 12.7mm heavy machine gun for anti-aircraft and anti-personnel purposes. The tank features advanced composite armor and explosive reactive armor (ERA) panels, providing improved protection against various threats such as kinetic energy penetrators, high-explosive anti-tank (HEAT) rounds, and missiles. The ZTZ-99A&#8217;s armor layout is designed to optimize survivability while maintaining mobility.<\/p><\/div>","protected":false},"excerpt":{"rendered":"<p>M\u00e1rka: SEMBO<br \/>\nNem: Uniszex<br \/>\nKoroszt\u00e1ly: &gt; 6 \u00e9v<br \/>\nModel Number: 203172<br \/>\nBesorol\u00e1s: \u00d6sszeszerel\u00e9s<br \/>\nM\u0171anyag blokk forma: \u00f6nz\u00e1r\u00f3 t\u00e9gla<br \/>\nAnyaga: M\u0171anyag<br \/>\nM\u0171anyag t\u00edpus: ABS<br \/>\nBricks Blocks: 630 +<br \/>\nEredeti doboza nincs<\/p>","protected":false},"featured_media":58857,"comment_status":"open","ping_status":"closed","template":"","meta":{"_acf_changed":false},"product_cat":[1350,1357,372,364],"product_tag":[9077,2641,374,485,389,13364],"class_list":["product","first","instock","shipping-taxable","purchasable","product-type-simple"],"acf":[],"_links":{"self":[{"href":"https:\/\/mouldking.store\/hu\/wp-json\/wp\/v2\/product\/58858","targetHints":{"allow":["GET"]}}],"collection":[{"href":"https:\/\/mouldking.store\/hu\/wp-json\/wp\/v2\/product"}],"about":[{"href":"https:\/\/mouldking.store\/hu\/wp-json\/wp\/v2\/types\/product"}],"replies":[{"embeddable":true,"href":"https:\/\/mouldking.store\/hu\/wp-json\/wp\/v2\/comments?post=58858"}],"wp:featuredmedia":[{"embeddable":true,"href":"https:\/\/mouldking.store\/hu\/wp-json\/wp\/v2\/media\/58857"}],"wp:attachment":[{"href":"https:\/\/mouldking.store\/hu\/wp-json\/wp\/v2\/media?parent=58858"}],"wp:term":[{"taxonomy":"product_cat","embeddable":true,"href":"https:\/\/mouldking.store\/hu\/wp-json\/wp\/v2\/product_cat?post=58858"},{"taxonomy":"product_tag","embeddable":true,"href":"https:\/\/mouldking.store\/hu\/wp-json\/wp\/v2\/product_tag?post=58858"}],"curies":[{"name":"wp","href":"https:\/\/api.w.org\/{rel}","templated":true}]}}