{"id":58903,"date":"2024-05-29T17:13:09","date_gmt":"2024-05-29T10:13:09","guid":{"rendered":"https:\/\/mouldking.store\/shop\/sembo-203111-type-15-light-tank-with-323-pieces\/"},"modified":"2024-05-29T17:13:39","modified_gmt":"2024-05-29T10:13:39","slug":"sembo-203111-type-15-light-tank-with-323-pieces","status":"publish","type":"product","link":"https:\/\/mouldking.store\/hu\/shop\/sembo-203111-type-15-light-tank-with-323-pieces\/","title":{"rendered":"SEMBO 203111 Type 15 Light Tank with 323 Pieces"},"content":{"rendered":"<div>\u2705SEMBO 203111 Type 15 Light Tank<\/p>\n<p>\u2705The Type 15 Light Tank is a modern Chinese armored vehicle designed for reconnaissance and infantry support roles. Developed by China North Industries Group Corporation (Norinco), the Type 15 Light Tank was designed to meet the requirements of the People&#8217;s Liberation Army (PLA) for a lightweight, highly mobile tank suitable for operations in varied terrain, particularly in mountainous regions and urban environments.<\/p>\n<p>\ud83d\udeab FONTOS!<\/p>\n<p>Product Name: Type 15 Light Tank<\/p>\n<p>Kateg\u00f3ria: Katonai<\/p>\n<p>This Kit Contains: SEMBO 203111<\/p>\n<p>323 pcs Good Quality Bricks<\/p>\n<p>Size: 7.9 \u00d7 16.4 \u00d7 7.9 cm<\/p>\n<p>K\u00e9zi utas\u00edt\u00e1sok<\/p>\n<p>\ud83d\udcccA f\u0151szerepl\u0151 term\u00e9szete<\/p>\n<p>Introducing our proud collection named \u201cType 15 Light Tank\u201d you should not miss.<\/p>\n<p>The Type 15 features a welded steel hull and turret, designed to provide protection against small arms fire, artillery shell fragments, and certain types of anti-tank munitions. It is equipped with modular composite armor, providing improved protection compared to older light tanks. The main armament of the Type 15 is a 105mm rifled gun, capable of firing a variety of ammunition types including armor-piercing fin-stabilized discarding sabot (APFSDS), high-explosive anti-tank (HEAT), and high-explosive fragmentation (HE-FRAG) rounds. It also features a coaxial 7.62mm machine gun and a roof-mounted remotely operated weapon station (ROWWS) for additional firepower.<\/p><\/div>","protected":false},"excerpt":{"rendered":"<p>M\u00e1rka: SEMBO<br \/>\nNem: Uniszex<br \/>\nKoroszt\u00e1ly: &gt; 6 \u00e9v<br \/>\nModel Number: 203111<br \/>\nBesorol\u00e1s: \u00d6sszeszerel\u00e9s<br \/>\nM\u0171anyag blokk forma: \u00f6nz\u00e1r\u00f3 t\u00e9gla<br \/>\nAnyaga: M\u0171anyag<br \/>\nM\u0171anyag t\u00edpus: ABS<br \/>\nBricks Blocks: 323 +<br \/>\nEredeti doboza nincs<\/p>","protected":false},"featured_media":58902,"comment_status":"open","ping_status":"closed","template":"","meta":{"_acf_changed":false},"product_cat":[1350,1357,372,364],"product_tag":[10465,374,485,389],"class_list":["product","first","instock","shipping-taxable","purchasable","product-type-simple"],"acf":[],"_links":{"self":[{"href":"https:\/\/mouldking.store\/hu\/wp-json\/wp\/v2\/product\/58903","targetHints":{"allow":["GET"]}}],"collection":[{"href":"https:\/\/mouldking.store\/hu\/wp-json\/wp\/v2\/product"}],"about":[{"href":"https:\/\/mouldking.store\/hu\/wp-json\/wp\/v2\/types\/product"}],"replies":[{"embeddable":true,"href":"https:\/\/mouldking.store\/hu\/wp-json\/wp\/v2\/comments?post=58903"}],"wp:featuredmedia":[{"embeddable":true,"href":"https:\/\/mouldking.store\/hu\/wp-json\/wp\/v2\/media\/58902"}],"wp:attachment":[{"href":"https:\/\/mouldking.store\/hu\/wp-json\/wp\/v2\/media?parent=58903"}],"wp:term":[{"taxonomy":"product_cat","embeddable":true,"href":"https:\/\/mouldking.store\/hu\/wp-json\/wp\/v2\/product_cat?post=58903"},{"taxonomy":"product_tag","embeddable":true,"href":"https:\/\/mouldking.store\/hu\/wp-json\/wp\/v2\/product_tag?post=58903"}],"curies":[{"name":"wp","href":"https:\/\/api.w.org\/{rel}","templated":true}]}}