{"id":58907,"date":"2024-05-29T17:19:48","date_gmt":"2024-05-29T10:19:48","guid":{"rendered":"https:\/\/mouldking.store\/shop\/sembo-203110-type-99a-main-battle-tank-with-1256-pieces\/"},"modified":"2024-05-29T17:20:16","modified_gmt":"2024-05-29T10:20:16","slug":"sembo-203110-type-99a-main-battle-tank-with-1256-pieces","status":"publish","type":"product","link":"https:\/\/mouldking.store\/hu\/shop\/sembo-203110-type-99a-main-battle-tank-with-1256-pieces\/","title":{"rendered":"SEMBO 203110 TYPE 99A Main Battle Tank with 1256 Pieces"},"content":{"rendered":"<div>\u2705SEMBO 203110 TYPE 99A Main Battle Tank<\/p>\n<p>\u2705The Type 99A Main Battle Tank (MBT) is the most advanced tank currently in service with the People&#8217;s Liberation Army (PLA) of China. It is an indigenous development aimed at enhancing China&#8217;s armored warfare capabilities.<\/p>\n<p>\ud83d\udeab FONTOS!<\/p>\n<p>Product Name: TYPE 99A Main Battle Tank<\/p>\n<p>Kateg\u00f3ria: Katonai<\/p>\n<p>This Kit Contains: SEMBO 203110<\/p>\n<p>1256 pcs Good Quality Bricks<\/p>\n<p>Size: 35.8 \u00d7 14 \u00d7 16.7 cm<\/p>\n<p>K\u00e9zi utas\u00edt\u00e1sok<\/p>\n<p>\ud83d\udcccA f\u0151szerepl\u0151 term\u00e9szete<\/p>\n<p>Introducing our proud collection named \u201cTYPE 99A Main Battle Tank\u201d you should not miss.<\/p>\n<p>The Type 99A is designed and manufactured by China North Industries Corporation (Norinco). It is a third-generation MBT and represents a significant advancement over its predecessors, incorporating advanced technology and modern design principles. The Type 99A features composite armor with reactive armor modules, providing enhanced protection against kinetic energy penetrators, shaped charges, and high-explosive anti-tank (HEAT) projectiles. It also incorporates advanced mine protection and NBC (nuclear, biological, chemical) warfare defense systems.<\/p><\/div>","protected":false},"excerpt":{"rendered":"<p>M\u00e1rka: SEMBO<br \/>\nNem: Uniszex<br \/>\nKoroszt\u00e1ly: &gt; 6 \u00e9v<br \/>\nModel Number: 203110<br \/>\nBesorol\u00e1s: \u00d6sszeszerel\u00e9s<br \/>\nM\u0171anyag blokk forma: \u00f6nz\u00e1r\u00f3 t\u00e9gla<br \/>\nAnyaga: M\u0171anyag<br \/>\nM\u0171anyag t\u00edpus: ABS<br \/>\nBricks Blocks: 1256 +<br \/>\nEredeti doboza nincs<\/p>","protected":false},"featured_media":58906,"comment_status":"open","ping_status":"closed","template":"","meta":{"_acf_changed":false},"product_cat":[1350,1357,372,364],"product_tag":[2794,2641,374,485,389,2640,12145],"class_list":["product","first","instock","shipping-taxable","purchasable","product-type-simple"],"acf":[],"_links":{"self":[{"href":"https:\/\/mouldking.store\/hu\/wp-json\/wp\/v2\/product\/58907","targetHints":{"allow":["GET"]}}],"collection":[{"href":"https:\/\/mouldking.store\/hu\/wp-json\/wp\/v2\/product"}],"about":[{"href":"https:\/\/mouldking.store\/hu\/wp-json\/wp\/v2\/types\/product"}],"replies":[{"embeddable":true,"href":"https:\/\/mouldking.store\/hu\/wp-json\/wp\/v2\/comments?post=58907"}],"wp:featuredmedia":[{"embeddable":true,"href":"https:\/\/mouldking.store\/hu\/wp-json\/wp\/v2\/media\/58906"}],"wp:attachment":[{"href":"https:\/\/mouldking.store\/hu\/wp-json\/wp\/v2\/media?parent=58907"}],"wp:term":[{"taxonomy":"product_cat","embeddable":true,"href":"https:\/\/mouldking.store\/hu\/wp-json\/wp\/v2\/product_cat?post=58907"},{"taxonomy":"product_tag","embeddable":true,"href":"https:\/\/mouldking.store\/hu\/wp-json\/wp\/v2\/product_tag?post=58907"}],"curies":[{"name":"wp","href":"https:\/\/api.w.org\/{rel}","templated":true}]}}