{"id":58927,"date":"2024-05-29T17:33:52","date_gmt":"2024-05-29T10:33:52","guid":{"rendered":"https:\/\/mouldking.store\/shop\/wekki-506503-panda-astronaut-with-829-pieces\/"},"modified":"2024-05-29T17:34:08","modified_gmt":"2024-05-29T10:34:08","slug":"wekki-506503-panda-astronaut-with-829-pieces","status":"publish","type":"product","link":"https:\/\/mouldking.store\/hu\/shop\/wekki-506503-panda-astronaut-with-829-pieces\/","title":{"rendered":"WEKKI 506503 Panda \u0171rhaj\u00f3s 829 darabos"},"content":{"rendered":"<div>\u2705WEKKI 506503 Panda Astronaut<\/p>\n<p>\u2705The image of a panda wearing an astronaut suit is quite a whimsical and imaginative one! While it&#8217;s purely fictional and hasn&#8217;t happened in reality, it&#8217;s a fun concept that often appears in art, cartoons, and creative storytelling.<\/p>\n<p>\ud83d\udeab FONTOS!<\/p>\n<p>Product Name: Panda Astronaut<\/p>\n<p>Kateg\u00f3ria: Alkot\u00f3<\/p>\n<p>This Kit Contains: WEKKI 506503<\/p>\n<p>829 pcs Good Quality Bricks<\/p>\n<p>Size: 16 \u00d7 16 \u00d7 20.5 cm<\/p>\n<p>K\u00e9zi utas\u00edt\u00e1sok<\/p>\n<p>\ud83d\udcccA f\u0151szerepl\u0151 term\u00e9szete<\/p>\n<p>Introducing our proud collection named \u201cPanda Astronaut\u201d you should not miss.<\/p>\n<p>The astronaut suit would need to be specially designed to accommodate the unique anatomy of a panda. It would need to be comfortable, yet durable enough to withstand the rigors of space travel. In a fictional scenario, the panda might be part of a mission to explore a distant planet, conduct scientific experiments in space, or even participate in a symbolic mission to promote conservation efforts on Earth.<\/p><\/div>","protected":false},"excerpt":{"rendered":"<p>Brand: WEKKI<br \/>\nNem: Uniszex<br \/>\nKoroszt\u00e1ly: &gt; 6 \u00e9v<br \/>\nModel Number: 506503<br \/>\nBesorol\u00e1s: \u00d6sszeszerel\u00e9s<br \/>\nM\u0171anyag blokk forma: \u00f6nz\u00e1r\u00f3 t\u00e9gla<br \/>\nAnyaga: M\u0171anyag<br \/>\nM\u0171anyag t\u00edpus: ABS<br \/>\nBricks Blocks: 829 +<br \/>\nEredeti doboza nincs<\/p>","protected":false},"featured_media":58926,"comment_status":"open","ping_status":"closed","template":"","meta":{"_acf_changed":false},"product_cat":[1365,371],"product_tag":[11921,11072,8452,13192],"class_list":["product","first","instock","shipping-taxable","purchasable","product-type-simple"],"acf":[],"_links":{"self":[{"href":"https:\/\/mouldking.store\/hu\/wp-json\/wp\/v2\/product\/58927","targetHints":{"allow":["GET"]}}],"collection":[{"href":"https:\/\/mouldking.store\/hu\/wp-json\/wp\/v2\/product"}],"about":[{"href":"https:\/\/mouldking.store\/hu\/wp-json\/wp\/v2\/types\/product"}],"replies":[{"embeddable":true,"href":"https:\/\/mouldking.store\/hu\/wp-json\/wp\/v2\/comments?post=58927"}],"wp:featuredmedia":[{"embeddable":true,"href":"https:\/\/mouldking.store\/hu\/wp-json\/wp\/v2\/media\/58926"}],"wp:attachment":[{"href":"https:\/\/mouldking.store\/hu\/wp-json\/wp\/v2\/media?parent=58927"}],"wp:term":[{"taxonomy":"product_cat","embeddable":true,"href":"https:\/\/mouldking.store\/hu\/wp-json\/wp\/v2\/product_cat?post=58927"},{"taxonomy":"product_tag","embeddable":true,"href":"https:\/\/mouldking.store\/hu\/wp-json\/wp\/v2\/product_tag?post=58927"}],"curies":[{"name":"wp","href":"https:\/\/api.w.org\/{rel}","templated":true}]}}