{"id":58954,"date":"2024-05-29T17:47:38","date_gmt":"2024-05-29T10:47:38","guid":{"rendered":"https:\/\/mouldking.store\/shop\/pantasy-86509-kung-fu-panda-dragon-warrior-with-1200-pieces\/"},"modified":"2024-05-29T17:47:42","modified_gmt":"2024-05-29T10:47:42","slug":"pantasy-86509-kung-fu-panda-dragon-warrior-with-1200-pieces","status":"publish","type":"product","link":"https:\/\/mouldking.store\/hu\/shop\/pantasy-86509-kung-fu-panda-dragon-warrior-with-1200-pieces\/","title":{"rendered":"Pantasy 86509 Kung Fu Panda Dragon Warrior with 1200 Pieces"},"content":{"rendered":"<div>\u2705Pantasy 86509 Kung Fu Panda Dragon Warrior<\/p>\n<p>\u2705In the &#8220;Kung Fu Panda&#8221; movie series, the Dragon Warrior is a legendary figure in the world of kung fu. According to prophecy, the Dragon Warrior is destined to be the greatest kung fu master of all, possessing the power to defeat any enemy. Initially, the role of the Dragon Warrior is sought after by the villainous Tai Lung, who believes himself to be the rightful heir to the title.<\/p>\n<p>\ud83d\udeab FONTOS!<\/p>\n<p>Product Name: Kung Fu Panda Dragon Warrior<\/p>\n<p>Kateg\u00f3ria: Alkot\u00f3<\/p>\n<p>This Kit Contains: Pantasy 86509<\/p>\n<p>1200 pcs Good Quality Bricks<\/p>\n<p>K\u00e9zi utas\u00edt\u00e1sok<\/p>\n<p>\ud83d\udcccA f\u0151szerepl\u0151 term\u00e9szete<\/p>\n<p>Introducing our proud collection named \u201cKung Fu Panda Dragon Warrior\u201d you should not miss.<\/p>\n<p>However, fate has other plans, and Po, a clumsy and unlikely panda, is unexpectedly chosen as the Dragon Warrior by Master Oogway, the wise tortoise who founded the Valley of Peace. Despite his initial doubts and the skepticism of others, Po trains hard under the guidance of Master Shifu and eventually proves himself worthy of the title. Throughout the series, Po&#8217;s journey to becoming the Dragon Warrior is not just about physical prowess but also about self-discovery, inner strength, and the power of believing in oneself. Despite his unconventional appearance and upbringing, Po&#8217;s determination, courage, and heart make him a true hero and the ultimate Dragon Warrior.<\/p><\/div>","protected":false},"excerpt":{"rendered":"<p>M\u00e1rka: Pantasy<br \/>\nNem: Uniszex<br \/>\nKoroszt\u00e1ly: &gt; 6 \u00e9v<br \/>\nModel Number: 86509<br \/>\nBesorol\u00e1s: \u00d6sszeszerel\u00e9s<br \/>\nM\u0171anyag blokk forma: \u00f6nz\u00e1r\u00f3 t\u00e9gla<br \/>\nAnyaga: M\u0171anyag<br \/>\nM\u0171anyag t\u00edpus: ABS<br \/>\nBricks Blocks: 1200 +<br \/>\nEredeti doboza nincs<\/p>","protected":false},"featured_media":58953,"comment_status":"open","ping_status":"closed","template":"","meta":{"_acf_changed":false},"product_cat":[1365,371,581,1408],"product_tag":[11072,8452,1771,13239,434,13192,11369],"class_list":["product","first","instock","shipping-taxable","purchasable","product-type-simple"],"acf":[],"_links":{"self":[{"href":"https:\/\/mouldking.store\/hu\/wp-json\/wp\/v2\/product\/58954","targetHints":{"allow":["GET"]}}],"collection":[{"href":"https:\/\/mouldking.store\/hu\/wp-json\/wp\/v2\/product"}],"about":[{"href":"https:\/\/mouldking.store\/hu\/wp-json\/wp\/v2\/types\/product"}],"replies":[{"embeddable":true,"href":"https:\/\/mouldking.store\/hu\/wp-json\/wp\/v2\/comments?post=58954"}],"wp:featuredmedia":[{"embeddable":true,"href":"https:\/\/mouldking.store\/hu\/wp-json\/wp\/v2\/media\/58953"}],"wp:attachment":[{"href":"https:\/\/mouldking.store\/hu\/wp-json\/wp\/v2\/media?parent=58954"}],"wp:term":[{"taxonomy":"product_cat","embeddable":true,"href":"https:\/\/mouldking.store\/hu\/wp-json\/wp\/v2\/product_cat?post=58954"},{"taxonomy":"product_tag","embeddable":true,"href":"https:\/\/mouldking.store\/hu\/wp-json\/wp\/v2\/product_tag?post=58954"}],"curies":[{"name":"wp","href":"https:\/\/api.w.org\/{rel}","templated":true}]}}