{"id":58976,"date":"2024-05-29T17:50:01","date_gmt":"2024-05-29T10:50:01","guid":{"rendered":"https:\/\/mouldking.store\/shop\/jiestar-jj9072-bazaar-fashion-pink-handbag-with-664-pieces\/"},"modified":"2024-05-29T17:50:06","modified_gmt":"2024-05-29T10:50:06","slug":"jiestar-jj9072-bazaar-fashion-pink-handbag-with-664-pieces","status":"publish","type":"product","link":"https:\/\/mouldking.store\/hu\/shop\/jiestar-jj9072-bazaar-fashion-pink-handbag-with-664-pieces\/","title":{"rendered":"JIESTAR JJ9072 Bazaar Fashion Pink Handbag with 664 Pieces"},"content":{"rendered":"<div>\u2705JIESTAR JJ9072 Bazaar Fashion Pink Handbag<\/p>\n<p>\u2705The Bazaar Fashion Pink Handbag boasts a chic and contemporary design, blending functionality with eye-catching aesthetics.<\/p>\n<p>\ud83d\udeab FONTOS!<\/p>\n<p>Product Name: Bazaar Fashion Pink Handbag<\/p>\n<p>Kateg\u00f3ria: Alkot\u00f3<\/p>\n<p>This Kit Contains: JIESTAR JJ9072<\/p>\n<p>664 pcs Good Quality Bricks<\/p>\n<p>Size: 18.6 \u00d7 11.6 \u00d7 15.2 cm<\/p>\n<p>K\u00e9zi utas\u00edt\u00e1sok<\/p>\n<p>\ud83d\udcccA f\u0151szerepl\u0151 term\u00e9szete<\/p>\n<p>Introducing our proud collection named \u201cBazaar Fashion Pink Handbag\u201d you should not miss.<\/p>\n<p>The Bazaar Fashion Pink Handbag would be versatile enough to complement a variety of outfits, from casual daytime ensembles to more formal evening looks. Bazaar Fashion Pink Handbag would be a versatile and fashionable accessory that combines practicality with style, making it a must-have addition to any fashion-forward wardrobe.<\/p><\/div>","protected":false},"excerpt":{"rendered":"<p>M\u00e1rka: JIESTAR<br \/>\nNem: Uniszex<br \/>\nKoroszt\u00e1ly: &gt; 6 \u00e9v<br \/>\nModel Number: JJ9072<br \/>\nBesorol\u00e1s: \u00d6sszeszerel\u00e9s<br \/>\nM\u0171anyag blokk forma: \u00f6nz\u00e1r\u00f3 t\u00e9gla<br \/>\nAnyaga: M\u0171anyag<br \/>\nM\u0171anyag t\u00edpus: ABS<br \/>\nBricks Blocks: 664 +<br \/>\nEredeti doboza nincs<\/p>","protected":false},"featured_media":58975,"comment_status":"open","ping_status":"closed","template":"","meta":{"_acf_changed":false},"product_cat":[1365,371],"product_tag":[11072,8452,6587,13380],"class_list":["product","first","instock","shipping-taxable","purchasable","product-type-simple"],"acf":[],"_links":{"self":[{"href":"https:\/\/mouldking.store\/hu\/wp-json\/wp\/v2\/product\/58976","targetHints":{"allow":["GET"]}}],"collection":[{"href":"https:\/\/mouldking.store\/hu\/wp-json\/wp\/v2\/product"}],"about":[{"href":"https:\/\/mouldking.store\/hu\/wp-json\/wp\/v2\/types\/product"}],"replies":[{"embeddable":true,"href":"https:\/\/mouldking.store\/hu\/wp-json\/wp\/v2\/comments?post=58976"}],"wp:featuredmedia":[{"embeddable":true,"href":"https:\/\/mouldking.store\/hu\/wp-json\/wp\/v2\/media\/58975"}],"wp:attachment":[{"href":"https:\/\/mouldking.store\/hu\/wp-json\/wp\/v2\/media?parent=58976"}],"wp:term":[{"taxonomy":"product_cat","embeddable":true,"href":"https:\/\/mouldking.store\/hu\/wp-json\/wp\/v2\/product_cat?post=58976"},{"taxonomy":"product_tag","embeddable":true,"href":"https:\/\/mouldking.store\/hu\/wp-json\/wp\/v2\/product_tag?post=58976"}],"curies":[{"name":"wp","href":"https:\/\/api.w.org\/{rel}","templated":true}]}}