{"id":58993,"date":"2024-05-29T18:08:26","date_gmt":"2024-05-29T11:08:26","guid":{"rendered":"https:\/\/mouldking.store\/shop\/happy-build-yc-23004-fire-ladder-sprinkler-truck-with-motor-with-5133-pieces\/"},"modified":"2024-05-29T18:08:44","modified_gmt":"2024-05-29T11:08:44","slug":"happy-build-yc-23004-fire-ladder-sprinkler-truck-with-motor-with-5133-pieces","status":"publish","type":"product","link":"https:\/\/mouldking.store\/hu\/shop\/happy-build-yc-23004-fire-ladder-sprinkler-truck-with-motor-with-5133-pieces\/","title":{"rendered":"HAPPY BUILD YC-23004 Fire Ladder Sprinkler Truck With Motor with 5133 Pieces"},"content":{"rendered":"<div>\u2705HAPPY BUILD YC-23004 Fire Ladder Sprinkler Truck With Motor<\/p>\n<p>\u2705A &#8220;Fire Ladder Sprinkler Truck&#8221; combines two critical firefighting functionalities into one vehicle: firefighting equipment for high-rise buildings (such as a ladder truck) and a sprinkler system for fire suppression.&nbsp;<\/p>\n<p>\ud83d\udeab FONTOS!<\/p>\n<p>Product Name: Fire Ladder Sprinkler Truck With Motor<\/p>\n<p>Kateg\u00f3ria: M\u0171szaki<\/p>\n<p>This Kit Contains: HAPPY BUILD YC-23004<\/p>\n<p>5133 pcs Good Quality Bricks<\/p>\n<p>Size: 50 \u00d7 19 \u00d7 25 cm<\/p>\n<p>K\u00e9zi utas\u00edt\u00e1sok<\/p>\n<p>\ud83d\udcccA f\u0151szerepl\u0151 term\u00e9szete<\/p>\n<p>Introducing our proud collection named \u201cFire Ladder Sprinkler Truck With Motor\u201d you should not miss.<\/p>\n<p>Fire Ladder Sprinkler Truck would represent an innovative solution for combating fires in high-rise buildings, combining the reach and accessibility of a ladder truck with the fire suppression capabilities of a sprinkler system to enhance firefighting effectiveness and safety.<\/p><\/div>","protected":false},"excerpt":{"rendered":"<p>Brand: HAPPY BUILD<br \/>\nNem: Uniszex<br \/>\nKoroszt\u00e1ly: 8 \u00e9v felett<br \/>\nModel Number: YC-23004<br \/>\nBesorol\u00e1s: \u00d6sszeszerel\u00e9s<br \/>\nM\u0171anyag blokk forma: \u00f6nz\u00e1r\u00f3 t\u00e9gla<br \/>\nAnyaga: M\u0171anyag<br \/>\nM\u0171anyag t\u00edpus: ABS<br \/>\nBricks Blocks: 5133 +<br \/>\nEredeti doboza nincs<\/p>","protected":false},"featured_media":58992,"comment_status":"open","ping_status":"closed","template":"","meta":{"_acf_changed":false},"product_cat":[1357,364],"product_tag":[11323,3565,11563,13382,389,11080,466],"class_list":["product","first","instock","shipping-taxable","purchasable","product-type-simple"],"acf":[],"_links":{"self":[{"href":"https:\/\/mouldking.store\/hu\/wp-json\/wp\/v2\/product\/58993","targetHints":{"allow":["GET"]}}],"collection":[{"href":"https:\/\/mouldking.store\/hu\/wp-json\/wp\/v2\/product"}],"about":[{"href":"https:\/\/mouldking.store\/hu\/wp-json\/wp\/v2\/types\/product"}],"replies":[{"embeddable":true,"href":"https:\/\/mouldking.store\/hu\/wp-json\/wp\/v2\/comments?post=58993"}],"wp:featuredmedia":[{"embeddable":true,"href":"https:\/\/mouldking.store\/hu\/wp-json\/wp\/v2\/media\/58992"}],"wp:attachment":[{"href":"https:\/\/mouldking.store\/hu\/wp-json\/wp\/v2\/media?parent=58993"}],"wp:term":[{"taxonomy":"product_cat","embeddable":true,"href":"https:\/\/mouldking.store\/hu\/wp-json\/wp\/v2\/product_cat?post=58993"},{"taxonomy":"product_tag","embeddable":true,"href":"https:\/\/mouldking.store\/hu\/wp-json\/wp\/v2\/product_tag?post=58993"}],"curies":[{"name":"wp","href":"https:\/\/api.w.org\/{rel}","templated":true}]}}