{"id":59014,"date":"2024-05-29T18:09:10","date_gmt":"2024-05-29T11:09:10","guid":{"rendered":"https:\/\/mouldking.store\/shop\/guly-10620-weishi-110-off-road-with-motor-with-5268-pieces\/"},"modified":"2024-05-29T18:09:28","modified_gmt":"2024-05-29T11:09:28","slug":"guly-10620-weishi-110-off-road-with-motor-with-5268-pieces","status":"publish","type":"product","link":"https:\/\/mouldking.store\/hu\/shop\/guly-10620-weishi-110-off-road-with-motor-with-5268-pieces\/","title":{"rendered":"GULY 10620 WEISHI-110 Off-Road With Motor with 5268 Pieces"},"content":{"rendered":"<div>\u2705GULY 10620 WEISHI-110 Off-Road With Motor<\/p>\n<p>\u2705The Land Rover Defender 110 is an iconic off-road vehicle renowned for its rugged capability, durability, and versatility.&nbsp; The Land Rover Defender 110 is built to tackle the most challenging terrain with confidence. It features advanced four-wheel-drive systems, robust suspension components, and high ground clearance, allowing it to traverse mud, sand, rocks, and other obstacles with ease.<\/p>\n<p>\ud83d\udeab FONTOS!<\/p>\n<p>Product Name: WEISHI-110 Off-Road With Motor<\/p>\n<p>Kateg\u00f3ria: M\u0171szaki<\/p>\n<p>This Kit Contains: GULY 10620<\/p>\n<p>5268 pcs Good Quality Bricks<\/p>\n<p>Size: 60 \u00d7 25 \u00d7 30 cm<\/p>\n<p>K\u00e9zi utas\u00edt\u00e1sok<\/p>\n<p>\ud83d\udcccA f\u0151szerepl\u0151 term\u00e9szete<\/p>\n<p>Introducing our proud collection named \u201cWEISHI-110 Off-Road With Motor\u201d you should not miss.<\/p>\n<p>The Defender 110 typically comes equipped with Land Rover&#8217;s Terrain Response system, which offers multiple driving modes to optimize performance in various off-road conditions. Modes may include settings for mud, sand, gravel, snow, and rock crawling. Designed for off-road adventures, the Defender 110 boasts a rugged construction and durable components to withstand the rigors of off-road driving. Its body-on-frame architecture provides strength and durability, while features like skid plates and reinforced chassis components offer protection against impacts and damage.<\/p><\/div>","protected":false},"excerpt":{"rendered":"<p>Brand: GULY<br \/>\nNem: Uniszex<br \/>\nKoroszt\u00e1ly: 8 \u00e9v felett<br \/>\nModel Number: 10620<br \/>\nBesorol\u00e1s: \u00d6sszeszerel\u00e9s<br \/>\nM\u0171anyag blokk forma: \u00f6nz\u00e1r\u00f3 t\u00e9gla<br \/>\nAnyaga: M\u0171anyag<br \/>\nM\u0171anyag t\u00edpus: ABS<br \/>\nBricks Blocks: 5268 +<br \/>\nEredeti doboza nincs<\/p>","protected":false},"featured_media":59013,"comment_status":"open","ping_status":"closed","template":"","meta":{"_acf_changed":false},"product_cat":[1357,364],"product_tag":[13384,11081,13383,4734,11590,389,11080,13385],"class_list":["product","first","instock","shipping-taxable","purchasable","product-type-simple"],"acf":[],"_links":{"self":[{"href":"https:\/\/mouldking.store\/hu\/wp-json\/wp\/v2\/product\/59014","targetHints":{"allow":["GET"]}}],"collection":[{"href":"https:\/\/mouldking.store\/hu\/wp-json\/wp\/v2\/product"}],"about":[{"href":"https:\/\/mouldking.store\/hu\/wp-json\/wp\/v2\/types\/product"}],"replies":[{"embeddable":true,"href":"https:\/\/mouldking.store\/hu\/wp-json\/wp\/v2\/comments?post=59014"}],"wp:featuredmedia":[{"embeddable":true,"href":"https:\/\/mouldking.store\/hu\/wp-json\/wp\/v2\/media\/59013"}],"wp:attachment":[{"href":"https:\/\/mouldking.store\/hu\/wp-json\/wp\/v2\/media?parent=59014"}],"wp:term":[{"taxonomy":"product_cat","embeddable":true,"href":"https:\/\/mouldking.store\/hu\/wp-json\/wp\/v2\/product_cat?post=59014"},{"taxonomy":"product_tag","embeddable":true,"href":"https:\/\/mouldking.store\/hu\/wp-json\/wp\/v2\/product_tag?post=59014"}],"curies":[{"name":"wp","href":"https:\/\/api.w.org\/{rel}","templated":true}]}}