{"id":59040,"date":"2024-05-29T18:23:18","date_gmt":"2024-05-29T11:23:18","guid":{"rendered":"https:\/\/mouldking.store\/shop\/area-x-ab-001-domo-jun-travel-adventure-retro-car-with-504-pieces\/"},"modified":"2024-05-29T18:23:26","modified_gmt":"2024-05-29T11:23:26","slug":"area-x-ab-001-domo-jun-travel-adventure-retro-car-with-504-pieces","status":"publish","type":"product","link":"https:\/\/mouldking.store\/hu\/shop\/area-x-ab-001-domo-jun-travel-adventure-retro-car-with-504-pieces\/","title":{"rendered":"AREA-X AB-001 DOMO Jun Travel Adventure Retro Car with 504 Pieces"},"content":{"rendered":"<div>\u2705AREA-X AB-001 DOMO Jun Travel Adventure Retro Car<\/p>\n<p>\u2705The DOMO Jun Travel Adventure Retro Car would feature a classic, vintage-inspired design reminiscent of iconic cars from the mid-20th century.<\/p>\n<p>\ud83d\udeab FONTOS!<\/p>\n<p>Product Name: DOMO Jun Travel Adventure Retro Car<\/p>\n<p>Kateg\u00f3ria: Film<\/p>\n<p>This Kit Contains: AREA-X AB-001<\/p>\n<p>504 pcs Good Quality Bricks<\/p>\n<p>Size: 15.4 \u00d7 13 \u00d7 14.2 cm<\/p>\n<p>K\u00e9zi utas\u00edt\u00e1sok<\/p>\n<p>\ud83d\udcccA f\u0151szerepl\u0151 term\u00e9szete<\/p>\n<p>Introducing our proud collection named \u201cDOMO Jun Travel Adventure Retro Car\u201d you should not miss.<\/p>\n<p>DOMO Jun Travel Adventure Retro Car would blend vintage aesthetics with modern technology and functionality, offering a unique and stylish vehicle for adventurous journeys on and off the road. With its retro charm and rugged capability, it would appeal to enthusiasts seeking a nostalgic yet capable adventure vehicle.<\/p><\/div>","protected":false},"excerpt":{"rendered":"<p>M\u00e1rka: AREA-X<br \/>\nNem: Uniszex<br \/>\nKoroszt\u00e1ly: &gt; 6 \u00e9v<br \/>\nModel Number: AB-001<br \/>\nBesorol\u00e1s: \u00d6sszeszerel\u00e9s<br \/>\nM\u0171anyag blokk forma: \u00f6nz\u00e1r\u00f3 t\u00e9gla<br \/>\nAnyaga: M\u0171anyag<br \/>\nM\u0171anyag t\u00edpus: ABS<br \/>\nBricks Blocks: 504 +<br \/>\nEredeti doboza nincs<\/p>","protected":false},"featured_media":59039,"comment_status":"open","ping_status":"closed","template":"","meta":{"_acf_changed":false},"product_cat":[1365,1360,371,581,1408,1875],"product_tag":[6470,457,11072,8452,11601,434,7457,7941],"class_list":["product","first","instock","shipping-taxable","purchasable","product-type-simple"],"acf":[],"_links":{"self":[{"href":"https:\/\/mouldking.store\/hu\/wp-json\/wp\/v2\/product\/59040","targetHints":{"allow":["GET"]}}],"collection":[{"href":"https:\/\/mouldking.store\/hu\/wp-json\/wp\/v2\/product"}],"about":[{"href":"https:\/\/mouldking.store\/hu\/wp-json\/wp\/v2\/types\/product"}],"replies":[{"embeddable":true,"href":"https:\/\/mouldking.store\/hu\/wp-json\/wp\/v2\/comments?post=59040"}],"wp:featuredmedia":[{"embeddable":true,"href":"https:\/\/mouldking.store\/hu\/wp-json\/wp\/v2\/media\/59039"}],"wp:attachment":[{"href":"https:\/\/mouldking.store\/hu\/wp-json\/wp\/v2\/media?parent=59040"}],"wp:term":[{"taxonomy":"product_cat","embeddable":true,"href":"https:\/\/mouldking.store\/hu\/wp-json\/wp\/v2\/product_cat?post=59040"},{"taxonomy":"product_tag","embeddable":true,"href":"https:\/\/mouldking.store\/hu\/wp-json\/wp\/v2\/product_tag?post=59040"}],"curies":[{"name":"wp","href":"https:\/\/api.w.org\/{rel}","templated":true}]}}