{"id":59044,"date":"2024-05-29T18:23:38","date_gmt":"2024-05-29T11:23:38","guid":{"rendered":"https:\/\/mouldking.store\/shop\/sembo-202245-j-20-robot-with-1281-pieces\/"},"modified":"2024-05-29T18:23:48","modified_gmt":"2024-05-29T11:23:48","slug":"sembo-202245-j-20-robot-with-1281-pieces","status":"publish","type":"product","link":"https:\/\/mouldking.store\/hu\/shop\/sembo-202245-j-20-robot-with-1281-pieces\/","title":{"rendered":"SEMBO 202245 J-20 Robot with 1281 Pieces"},"content":{"rendered":"<div>\u2705SEMBO 202245 J-20 Robot<\/p>\n<p>\u2705The J-20 is a fifth-generation, twin-engine stealth fighter developed by China&#8217;s Chengdu Aerospace Corporation. It&#8217;s officially known as the Chengdu J-20.<\/p>\n<p>\ud83d\udeab FONTOS!<\/p>\n<p>Product Name: J-20 Robot<\/p>\n<p>Kateg\u00f3ria: Film<\/p>\n<p>This Kit Contains: SEMBO 202245<\/p>\n<p>1281&nbsp; pcs Good Quality Bricks<\/p>\n<p>Size: 35 \u00d7 15 \u00d7 33 cm<\/p>\n<p>K\u00e9zi utas\u00edt\u00e1sok<\/p>\n<p>\ud83d\udcccA f\u0151szerepl\u0151 term\u00e9szete<\/p>\n<p>Introducing our proud collection named \u201c J-20 Robot\u201d you should not miss.<\/p>\n<p>It&#8217;s designed for air superiority and long-range interception missions, featuring advanced stealth technology, supersonic cruising capability, and integrated avionics systems.<\/p><\/div>","protected":false},"excerpt":{"rendered":"<p>M\u00e1rka: SEMBO<br \/>\nNem: Uniszex<br \/>\nKoroszt\u00e1ly: &gt; 6 \u00e9v<br \/>\nModel Number: 202245<br \/>\nBesorol\u00e1s: \u00d6sszeszerel\u00e9s<br \/>\nM\u0171anyag blokk forma: \u00f6nz\u00e1r\u00f3 t\u00e9gla<br \/>\nAnyaga: M\u0171anyag<br \/>\nM\u0171anyag t\u00edpus: ABS<br \/>\nBricks Blocks: 1281 +<br \/>\nEredeti doboza nincs<\/p>","protected":false},"featured_media":59043,"comment_status":"open","ping_status":"closed","template":"","meta":{"_acf_changed":false},"product_cat":[1365,371,581,1408],"product_tag":[11072,8452,11394,434,590],"class_list":["product","first","instock","shipping-taxable","purchasable","product-type-simple"],"acf":[],"_links":{"self":[{"href":"https:\/\/mouldking.store\/hu\/wp-json\/wp\/v2\/product\/59044","targetHints":{"allow":["GET"]}}],"collection":[{"href":"https:\/\/mouldking.store\/hu\/wp-json\/wp\/v2\/product"}],"about":[{"href":"https:\/\/mouldking.store\/hu\/wp-json\/wp\/v2\/types\/product"}],"replies":[{"embeddable":true,"href":"https:\/\/mouldking.store\/hu\/wp-json\/wp\/v2\/comments?post=59044"}],"wp:featuredmedia":[{"embeddable":true,"href":"https:\/\/mouldking.store\/hu\/wp-json\/wp\/v2\/media\/59043"}],"wp:attachment":[{"href":"https:\/\/mouldking.store\/hu\/wp-json\/wp\/v2\/media?parent=59044"}],"wp:term":[{"taxonomy":"product_cat","embeddable":true,"href":"https:\/\/mouldking.store\/hu\/wp-json\/wp\/v2\/product_cat?post=59044"},{"taxonomy":"product_tag","embeddable":true,"href":"https:\/\/mouldking.store\/hu\/wp-json\/wp\/v2\/product_tag?post=59044"}],"curies":[{"name":"wp","href":"https:\/\/api.w.org\/{rel}","templated":true}]}}