{"id":59078,"date":"2024-05-29T18:25:57","date_gmt":"2024-05-29T11:25:57","guid":{"rendered":"https:\/\/mouldking.store\/shop\/pantasy-86513-kung-fu-panda-master-raccoon-cart-with-300-pieces\/"},"modified":"2024-05-29T18:26:08","modified_gmt":"2024-05-29T11:26:08","slug":"pantasy-86513-kung-fu-panda-master-raccoon-cart-with-300-pieces","status":"publish","type":"product","link":"https:\/\/mouldking.store\/hu\/shop\/pantasy-86513-kung-fu-panda-master-raccoon-cart-with-300-pieces\/","title":{"rendered":"Pantasy 86513 Kung Fu Panda Master Raccoon Cart with 300 Pieces"},"content":{"rendered":"<div>\u2705PANTASY 86513 Kung Fu Panda Master Raccoon Cart<\/p>\n<p>\u2705In the &#8220;Kung Fu Panda&#8221; franchise, Master Raccoon doesn&#8217;t have a significant role or presence like Po, the Furious Five, or other prominent characters. However, there is a character named Master Shifu, who is a red panda and serves as the wise and respected master of the Jade Palace in the films.<\/p>\n<p>\ud83d\udeab FONTOS!<\/p>\n<p>Product Name: Kung Fu Panda Master Raccoon Cart<\/p>\n<p>Kateg\u00f3ria: Film<\/p>\n<p>This Kit Contains: PANTASY 86513<\/p>\n<p>300&nbsp; pcs Good Quality Bricks<\/p>\n<p>Size: 11.8 \u00d7 6 \u00d7 14.5 cm<\/p>\n<p>K\u00e9zi utas\u00edt\u00e1sok<\/p>\n<p>\ud83d\udcccA f\u0151szerepl\u0151 term\u00e9szete<\/p>\n<p>Introducing our proud collection named \u201cKung Fu Panda Master Raccoon Cart\u201d you should not miss.<\/p>\n<p>Master Shifu plays a crucial role in training Po, the protagonist, to become the Dragon Warrior and in guiding the Furious Five in their kung fu journey. He is known for his strict discipline, wisdom, and profound understanding of kung fu.<\/p><\/div>","protected":false},"excerpt":{"rendered":"<p>M\u00e1rka: Pantasy<br \/>\nNem: Uniszex<br \/>\nKoroszt\u00e1ly: &gt; 6 \u00e9v<br \/>\nModel Number: 86513<br \/>\nBesorol\u00e1s: \u00d6sszeszerel\u00e9s<br \/>\nM\u0171anyag blokk forma: \u00f6nz\u00e1r\u00f3 t\u00e9gla<br \/>\nAnyaga: M\u0171anyag<br \/>\nM\u0171anyag t\u00edpus: ABS<br \/>\nBricks Blocks: 300 +<br \/>\nEredeti doboza nincs<\/p>","protected":false},"featured_media":59077,"comment_status":"open","ping_status":"closed","template":"","meta":{"_acf_changed":false},"product_cat":[1365,371,581,1408],"product_tag":[12692,11072,8452,13239,7133,434,13192,13386],"class_list":["product","first","instock","shipping-taxable","purchasable","product-type-simple"],"acf":[],"_links":{"self":[{"href":"https:\/\/mouldking.store\/hu\/wp-json\/wp\/v2\/product\/59078","targetHints":{"allow":["GET"]}}],"collection":[{"href":"https:\/\/mouldking.store\/hu\/wp-json\/wp\/v2\/product"}],"about":[{"href":"https:\/\/mouldking.store\/hu\/wp-json\/wp\/v2\/types\/product"}],"replies":[{"embeddable":true,"href":"https:\/\/mouldking.store\/hu\/wp-json\/wp\/v2\/comments?post=59078"}],"wp:featuredmedia":[{"embeddable":true,"href":"https:\/\/mouldking.store\/hu\/wp-json\/wp\/v2\/media\/59077"}],"wp:attachment":[{"href":"https:\/\/mouldking.store\/hu\/wp-json\/wp\/v2\/media?parent=59078"}],"wp:term":[{"taxonomy":"product_cat","embeddable":true,"href":"https:\/\/mouldking.store\/hu\/wp-json\/wp\/v2\/product_cat?post=59078"},{"taxonomy":"product_tag","embeddable":true,"href":"https:\/\/mouldking.store\/hu\/wp-json\/wp\/v2\/product_tag?post=59078"}],"curies":[{"name":"wp","href":"https:\/\/api.w.org\/{rel}","templated":true}]}}