{"id":59118,"date":"2024-05-30T17:35:29","date_gmt":"2024-05-30T10:35:29","guid":{"rendered":"https:\/\/mouldking.store\/shop\/zhegao-612011-dream-castle-with-4780-pieces\/"},"modified":"2024-05-30T17:35:44","modified_gmt":"2024-05-30T10:35:44","slug":"zhegao-612011-dream-castle-with-4780-pieces","status":"publish","type":"product","link":"https:\/\/mouldking.store\/hu\/shop\/zhegao-612011-dream-castle-with-4780-pieces\/","title":{"rendered":"ZHEGAO 612011 Dream Castle with 4780 Pieces"},"content":{"rendered":"<div>\u2705ZHEGAO 612011 Dream Castle<\/p>\n<p>\u2705 &#8220;Dream Castle&#8221; might simply refer to a castle that exists in dreams, either in the imagination or within the realm of dreams in a fictional setting. It could symbolize a place of fantasy, magic, or aspiration.&nbsp;<\/p>\n<p>\ud83d\udeab FONTOS!<\/p>\n<p>Term\u00e9k neve: \u00c1lomv\u00e1r<\/p>\n<p>Kateg\u00f3ria: Modul\u00e1ris \u00e9p\u00fclet<\/p>\n<p>This Kit Contains: ZHEGAO 612011<\/p>\n<p>4780 pcs Good Quality Bricks<\/p>\n<p>Size: 36 \u00d7 38 \u00d7 52 cm<\/p>\n<p>K\u00e9zi utas\u00edt\u00e1sok<\/p>\n<p>\ud83d\udcccA f\u0151szerepl\u0151 term\u00e9szete<\/p>\n<p>Bemutatjuk b\u00fcszke kollekci\u00f3nkat, az \u201e\u00c1lomv\u00e1r\u201d-t, amit \u00e9rdemes kihagyni.<\/p>\n<p>In a fairy tale context, &#8220;Dream Castle&#8221; could be the enchanted home of a royal family, a magical kingdom ruled by a benevolent king or queen, or a mystical fortress guarded by powerful sorcery. It might be a place where dreams come true, where wishes are granted, or where heroes embark on epic quests to overcome challenges and fulfill destinies.<\/p><\/div>","protected":false},"excerpt":{"rendered":"<p>M\u00e1rka: ZHEGAO<br \/>\nNem: Uniszex<br \/>\nKorhat\u00e1r: 14 \u00e9v felett<br \/>\nModel Number: 612011<br \/>\nBesorol\u00e1s: \u00d6sszeszerel\u00e9s<br \/>\nM\u0171anyag blokk forma: \u00f6nz\u00e1r\u00f3 t\u00e9gla<br \/>\nAnyaga: M\u0171anyag<br \/>\nM\u0171anyag t\u00edpus: ABS<br \/>\nBricks Blocks: 4780 +<br \/>\nEredeti doboza nincs<\/p>","protected":false},"featured_media":59117,"comment_status":"open","ping_status":"closed","template":"","meta":{"_acf_changed":false},"product_cat":[1365,1395,371,390],"product_tag":[787,11072,8452,2722,13390,392],"class_list":["product","first","instock","shipping-taxable","purchasable","product-type-simple"],"acf":[],"_links":{"self":[{"href":"https:\/\/mouldking.store\/hu\/wp-json\/wp\/v2\/product\/59118","targetHints":{"allow":["GET"]}}],"collection":[{"href":"https:\/\/mouldking.store\/hu\/wp-json\/wp\/v2\/product"}],"about":[{"href":"https:\/\/mouldking.store\/hu\/wp-json\/wp\/v2\/types\/product"}],"replies":[{"embeddable":true,"href":"https:\/\/mouldking.store\/hu\/wp-json\/wp\/v2\/comments?post=59118"}],"wp:featuredmedia":[{"embeddable":true,"href":"https:\/\/mouldking.store\/hu\/wp-json\/wp\/v2\/media\/59117"}],"wp:attachment":[{"href":"https:\/\/mouldking.store\/hu\/wp-json\/wp\/v2\/media?parent=59118"}],"wp:term":[{"taxonomy":"product_cat","embeddable":true,"href":"https:\/\/mouldking.store\/hu\/wp-json\/wp\/v2\/product_cat?post=59118"},{"taxonomy":"product_tag","embeddable":true,"href":"https:\/\/mouldking.store\/hu\/wp-json\/wp\/v2\/product_tag?post=59118"}],"curies":[{"name":"wp","href":"https:\/\/api.w.org\/{rel}","templated":true}]}}