{"id":59212,"date":"2024-05-30T18:19:51","date_gmt":"2024-05-30T11:19:51","guid":{"rendered":"https:\/\/mouldking.store\/shop\/create-with-passion-212223-semi-mechanical-mecha-with-1403-pieces\/"},"modified":"2024-05-30T18:20:07","modified_gmt":"2024-05-30T11:20:07","slug":"create-with-passion-212223-semi-mechanical-mecha-with-1403-pieces","status":"publish","type":"product","link":"https:\/\/mouldking.store\/hu\/shop\/create-with-passion-212223-semi-mechanical-mecha-with-1403-pieces\/","title":{"rendered":"CREATE WITH PASSION 212223 Semi-mechanical Mecha with 1403 Pieces"},"content":{"rendered":"<div>\u2705CREATE WITH PASSION 212223 Semi-mechanical Mecha<\/p>\n<p>\u2705A &#8220;semi-mechanical mecha&#8221; would likely refer to a type of fictional robot or mechanized suit that combines both mechanical and organic elements. In many science fiction settings, mechas are large humanoid robots or machines piloted by humans or controlled remotely. The term &#8220;semi-mechanical&#8221; suggests that this particular mecha might incorporate biological or organic components alongside its mechanical parts.<\/p>\n<p>\ud83d\udeab FONTOS!<\/p>\n<p>Product Name: Semi-mechanical Mecha<\/p>\n<p>Kateg\u00f3ria: Film<\/p>\n<p>This Kit Contains: CREATE WITH PASSION 212223&nbsp;<\/p>\n<p>1403 pcs Good Quality Bricks<\/p>\n<p>K\u00e9zi utas\u00edt\u00e1sok<\/p>\n<p>\ud83d\udcccA f\u0151szerepl\u0151 term\u00e9szete<\/p>\n<p>Introducing our proud collection named \u201cSemi-mechanical Mecha\u201d you should not miss.<\/p>\n<p>A &#8220;semi-mechanical mecha&#8221; offers a fascinating blend of biological and mechanical elements, providing ample opportunities for creativity and storytelling in science fiction and speculative fiction genres.<\/p><\/div>","protected":false},"excerpt":{"rendered":"<p>Brand: CREATE WITH PASSION<br \/>\nNem: Uniszex<br \/>\nKorhat\u00e1r: 14 \u00e9v felett<br \/>\nModel Number: 212223<br \/>\nBesorol\u00e1s: \u00d6sszeszerel\u00e9s<br \/>\nM\u0171anyag blokk forma: \u00f6nz\u00e1r\u00f3 t\u00e9gla<br \/>\nAnyaga: M\u0171anyag<br \/>\nM\u0171anyag t\u00edpus: ABS<br \/>\nBricks Blocks: 1403 +<br \/>\nEredeti doboza nincs<\/p>","protected":false},"featured_media":59211,"comment_status":"open","ping_status":"closed","template":"","meta":{"_acf_changed":false},"product_cat":[1365,581,1408],"product_tag":[13400,8452,9302,7345,434,13024,12782],"class_list":["product","first","instock","shipping-taxable","purchasable","product-type-simple"],"acf":[],"_links":{"self":[{"href":"https:\/\/mouldking.store\/hu\/wp-json\/wp\/v2\/product\/59212","targetHints":{"allow":["GET"]}}],"collection":[{"href":"https:\/\/mouldking.store\/hu\/wp-json\/wp\/v2\/product"}],"about":[{"href":"https:\/\/mouldking.store\/hu\/wp-json\/wp\/v2\/types\/product"}],"replies":[{"embeddable":true,"href":"https:\/\/mouldking.store\/hu\/wp-json\/wp\/v2\/comments?post=59212"}],"wp:featuredmedia":[{"embeddable":true,"href":"https:\/\/mouldking.store\/hu\/wp-json\/wp\/v2\/media\/59211"}],"wp:attachment":[{"href":"https:\/\/mouldking.store\/hu\/wp-json\/wp\/v2\/media?parent=59212"}],"wp:term":[{"taxonomy":"product_cat","embeddable":true,"href":"https:\/\/mouldking.store\/hu\/wp-json\/wp\/v2\/product_cat?post=59212"},{"taxonomy":"product_tag","embeddable":true,"href":"https:\/\/mouldking.store\/hu\/wp-json\/wp\/v2\/product_tag?post=59212"}],"curies":[{"name":"wp","href":"https:\/\/api.w.org\/{rel}","templated":true}]}}