{"id":59233,"date":"2024-05-30T18:20:33","date_gmt":"2024-05-30T11:20:33","guid":{"rendered":"https:\/\/mouldking.store\/shop\/area-x-ab0013-sunset-with-400-pieces\/"},"modified":"2024-05-30T18:20:35","modified_gmt":"2024-05-30T11:20:35","slug":"area-x-ab0013-sunset-with-400-pieces","status":"publish","type":"product","link":"https:\/\/mouldking.store\/hu\/shop\/area-x-ab0013-sunset-with-400-pieces\/","title":{"rendered":"AREA-X AB0013 Sunset with 400 Pieces"},"content":{"rendered":"<div>\u2705AREA-X AB0013 Sunset<\/p>\n<p>\u2705Sunsets are often used in movies to evoke a sense of beauty, tranquility, and emotional resonance. They can serve various purposes within the narrative, including setting the mood, signaling a change in time or atmosphere, or symbolizing the passage of time or the end of a journey.<\/p>\n<p>\ud83d\udeab FONTOS!<\/p>\n<p>Product Name: Sunset<\/p>\n<p>Kateg\u00f3ria: Film<\/p>\n<p>This Kit Contains: AREA-X AB0013<\/p>\n<p>400 db j\u00f3 min\u0151s\u00e9g\u0171 t\u00e9gla<\/p>\n<p>K\u00e9zi utas\u00edt\u00e1sok<\/p>\n<p>\ud83d\udcccA f\u0151szerepl\u0151 term\u00e9szete<\/p>\n<p>Introducing our proud collection named \u201cSunset\u201d you should not miss.<\/p>\n<p>Sunsets are used metaphorically in &#8220;Doctor Strange&#8221; to represent transitions, revelations, and moments of introspection for the titular character. One of the most notable scenes involving a sunset occurs during Strange&#8217;s training in Kamar-Taj under the Ancient One. As the sun sets over the mystical sanctuary, Strange undergoes a profound realization about the nature of reality and his role within it. The imagery of the setting sun serves as a visual metaphor for the end of his old life and the beginning of his journey into the unknown.<\/p><\/div>","protected":false},"excerpt":{"rendered":"<p>M\u00e1rka: AREA-X<br \/>\nNem: Uniszex<br \/>\nKoroszt\u00e1ly: &gt; 6 \u00e9v<br \/>\nModel Number: AB0013<br \/>\nBesorol\u00e1s: \u00d6sszeszerel\u00e9s<br \/>\nM\u0171anyag blokk forma: \u00f6nz\u00e1r\u00f3 t\u00e9gla<br \/>\nAnyaga: M\u0171anyag<br \/>\nM\u0171anyag t\u00edpus: ABS<br \/>\nT\u00e9gla T\u00e9gla: 400+<br \/>\nEredeti doboza nincs<\/p>","protected":false},"featured_media":59232,"comment_status":"open","ping_status":"closed","template":"","meta":{"_acf_changed":false},"product_cat":[1365,371,581,1408],"product_tag":[11072,8452,434,11747],"class_list":["product","first","instock","shipping-taxable","purchasable","product-type-simple"],"acf":[],"_links":{"self":[{"href":"https:\/\/mouldking.store\/hu\/wp-json\/wp\/v2\/product\/59233","targetHints":{"allow":["GET"]}}],"collection":[{"href":"https:\/\/mouldking.store\/hu\/wp-json\/wp\/v2\/product"}],"about":[{"href":"https:\/\/mouldking.store\/hu\/wp-json\/wp\/v2\/types\/product"}],"replies":[{"embeddable":true,"href":"https:\/\/mouldking.store\/hu\/wp-json\/wp\/v2\/comments?post=59233"}],"wp:featuredmedia":[{"embeddable":true,"href":"https:\/\/mouldking.store\/hu\/wp-json\/wp\/v2\/media\/59232"}],"wp:attachment":[{"href":"https:\/\/mouldking.store\/hu\/wp-json\/wp\/v2\/media?parent=59233"}],"wp:term":[{"taxonomy":"product_cat","embeddable":true,"href":"https:\/\/mouldking.store\/hu\/wp-json\/wp\/v2\/product_cat?post=59233"},{"taxonomy":"product_tag","embeddable":true,"href":"https:\/\/mouldking.store\/hu\/wp-json\/wp\/v2\/product_tag?post=59233"}],"curies":[{"name":"wp","href":"https:\/\/api.w.org\/{rel}","templated":true}]}}