{"id":59242,"date":"2024-05-31T10:50:56","date_gmt":"2024-05-31T03:50:56","guid":{"rendered":"https:\/\/mouldking.store\/shop\/guly-10624-star-rambo-with-motor-with-4106-pieces\/"},"modified":"2024-05-31T10:51:10","modified_gmt":"2024-05-31T03:51:10","slug":"guly-10624-star-rambo-with-motor-with-4106-pieces","status":"publish","type":"product","link":"https:\/\/mouldking.store\/hu\/shop\/guly-10624-star-rambo-with-motor-with-4106-pieces\/","title":{"rendered":"GULY 10624 Star Rambo With Motor with 4106 Pieces"},"content":{"rendered":"<div>\u2705GULY 10624 Star Rambo With Motor<\/p>\n<p>\u2705The Aventador features a sleek and aggressive design, with a powerful naturally aspirated V12 engine, advanced aerodynamics, and cutting-edge technology. It&#8217;s named after a bull that entered into a bullfighting arena in Zaragoza, Spain, in October 1993, staying true to Lamborghini&#8217;s tradition of naming their cars after famous bulls or bullfighting-related terms.<\/p>\n<p>\ud83d\udeab FONTOS!<\/p>\n<p>Product Name: Star Rambo With Motor<\/p>\n<p>Kateg\u00f3ria: M\u0171szaki<\/p>\n<p>This Kit Contains: GULY 10624<\/p>\n<p>4106 pcs Good Quality Bricks<\/p>\n<p>Size: 62 \u00d7 29.3 \u00d7 15 cm<\/p>\n<p>K\u00e9zi utas\u00edt\u00e1sok<\/p>\n<p>\ud83d\udcccA f\u0151szerepl\u0151 term\u00e9szete<\/p>\n<p>Introducing our proud collection named \u201cStar Rambo With Motor\u201d you should not miss.<\/p>\n<p>The Aventador is available in various configurations, including coupe and convertible (roadster) versions, and has seen several special editions and performance variants released over the years, such as the Aventador S, Aventador SVJ, and limited-production models like the Aventador SV and Aventador LP 750-4 Superveloce.<\/p><\/div>","protected":false},"excerpt":{"rendered":"<p>Brand: GULY<br \/>\nNem: Uniszex<br \/>\nKoroszt\u00e1ly: 8 \u00e9v felett<br \/>\nModel Number: 10624<br \/>\nBesorol\u00e1s: \u00d6sszeszerel\u00e9s<br \/>\nM\u0171anyag blokk forma: \u00f6nz\u00e1r\u00f3 t\u00e9gla<br \/>\nAnyaga: M\u0171anyag<br \/>\nM\u0171anyag t\u00edpus: ABS<br \/>\nBricks Blocks: 4106 +<br \/>\nEredeti doboza nincs<\/p>","protected":false},"featured_media":59241,"comment_status":"open","ping_status":"closed","template":"","meta":{"_acf_changed":false},"product_cat":[1360,1357,415,364,1875],"product_tag":[7253,457,12317,673,389,11080],"class_list":["product","first","instock","shipping-taxable","purchasable","product-type-simple"],"acf":[],"_links":{"self":[{"href":"https:\/\/mouldking.store\/hu\/wp-json\/wp\/v2\/product\/59242","targetHints":{"allow":["GET"]}}],"collection":[{"href":"https:\/\/mouldking.store\/hu\/wp-json\/wp\/v2\/product"}],"about":[{"href":"https:\/\/mouldking.store\/hu\/wp-json\/wp\/v2\/types\/product"}],"replies":[{"embeddable":true,"href":"https:\/\/mouldking.store\/hu\/wp-json\/wp\/v2\/comments?post=59242"}],"wp:featuredmedia":[{"embeddable":true,"href":"https:\/\/mouldking.store\/hu\/wp-json\/wp\/v2\/media\/59241"}],"wp:attachment":[{"href":"https:\/\/mouldking.store\/hu\/wp-json\/wp\/v2\/media?parent=59242"}],"wp:term":[{"taxonomy":"product_cat","embeddable":true,"href":"https:\/\/mouldking.store\/hu\/wp-json\/wp\/v2\/product_cat?post=59242"},{"taxonomy":"product_tag","embeddable":true,"href":"https:\/\/mouldking.store\/hu\/wp-json\/wp\/v2\/product_tag?post=59242"}],"curies":[{"name":"wp","href":"https:\/\/api.w.org\/{rel}","templated":true}]}}