{"id":59250,"date":"2024-05-31T11:18:05","date_gmt":"2024-05-31T04:18:05","guid":{"rendered":"https:\/\/mouldking.store\/shop\/cbox-jd036-rosies-flowers-with-889-pieces\/"},"modified":"2024-05-31T11:18:08","modified_gmt":"2024-05-31T04:18:08","slug":"cbox-jd036-rosies-flowers-with-889-pieces","status":"publish","type":"product","link":"https:\/\/mouldking.store\/hu\/shop\/cbox-jd036-rosies-flowers-with-889-pieces\/","title":{"rendered":"CBOX JD036 Rosie&#8217;s Flowers with 889 Pieces"},"content":{"rendered":"<div>\u2705CBOX JD036 Rosie&#8217;s Flowers<\/p>\n<p>\ud83d\udeab FONTOS!<\/p>\n<p>Product Name: Rosie&#8217;s Flowers<\/p>\n<p>Category: Modular Buildings<\/p>\n<p>This Kit Contains: CBOX JD036<\/p>\n<p>889&nbsp; pcs Good Quality Bricks<\/p>\n<p>K\u00e9zi utas\u00edt\u00e1sok<\/p>\n<p>\ud83d\udcccA f\u0151szerepl\u0151 term\u00e9szete<\/p>\n<p>Introducing our proud collection named \u201cRosie&#8217;s Flowers\u201d you should not miss.<\/p>\n<p>Rosie&#8217;s Flowers Modular Buildings could provide a platform for creative expression and innovation in floral design and retailing. The modular spaces could be customized with artistic installations, interactive displays, and themed decorations to enhance the customer experience and showcase the beauty of flowers.<\/p><\/div>","protected":false},"excerpt":{"rendered":"<p>Brand: CBOX<br \/>\nNem: Uniszex<br \/>\nKoroszt\u00e1ly: &gt; 6 \u00e9v<br \/>\nModel Number: JD036<br \/>\nBesorol\u00e1s: \u00d6sszeszerel\u00e9s<br \/>\nM\u0171anyag blokk forma: \u00f6nz\u00e1r\u00f3 t\u00e9gla<br \/>\nAnyaga: M\u0171anyag<br \/>\nM\u0171anyag t\u00edpus: ABS<br \/>\nBricks Blocks: 889 +<br \/>\nEredeti doboza nincs<\/p>","protected":false},"featured_media":59249,"comment_status":"open","ping_status":"closed","template":"","meta":{"_acf_changed":false},"product_cat":[1365,1395,371,390],"product_tag":[11244,11072,8452,11106,392],"class_list":["product","first","instock","shipping-taxable","purchasable","product-type-simple"],"acf":[],"_links":{"self":[{"href":"https:\/\/mouldking.store\/hu\/wp-json\/wp\/v2\/product\/59250","targetHints":{"allow":["GET"]}}],"collection":[{"href":"https:\/\/mouldking.store\/hu\/wp-json\/wp\/v2\/product"}],"about":[{"href":"https:\/\/mouldking.store\/hu\/wp-json\/wp\/v2\/types\/product"}],"replies":[{"embeddable":true,"href":"https:\/\/mouldking.store\/hu\/wp-json\/wp\/v2\/comments?post=59250"}],"wp:featuredmedia":[{"embeddable":true,"href":"https:\/\/mouldking.store\/hu\/wp-json\/wp\/v2\/media\/59249"}],"wp:attachment":[{"href":"https:\/\/mouldking.store\/hu\/wp-json\/wp\/v2\/media?parent=59250"}],"wp:term":[{"taxonomy":"product_cat","embeddable":true,"href":"https:\/\/mouldking.store\/hu\/wp-json\/wp\/v2\/product_cat?post=59250"},{"taxonomy":"product_tag","embeddable":true,"href":"https:\/\/mouldking.store\/hu\/wp-json\/wp\/v2\/product_tag?post=59250"}],"curies":[{"name":"wp","href":"https:\/\/api.w.org\/{rel}","templated":true}]}}