{"id":59253,"date":"2024-05-31T11:21:57","date_gmt":"2024-05-31T04:21:57","guid":{"rendered":"https:\/\/mouldking.store\/shop\/cbox-jd035-isabelle-cabin-with-879-pieces\/"},"modified":"2024-05-31T11:22:01","modified_gmt":"2024-05-31T04:22:01","slug":"cbox-jd035-isabelle-cabin-with-879-pieces","status":"publish","type":"product","link":"https:\/\/mouldking.store\/hu\/shop\/cbox-jd035-isabelle-cabin-with-879-pieces\/","title":{"rendered":"CBOX JD035 Isabelle Cabin with 879 Pieces"},"content":{"rendered":"<div>\u2705CBOX JD035 Isabelle Cabin<\/p>\n<p>\ud83d\udeab FONTOS!<\/p>\n<p>Product Name: Isabelle Cabin<\/p>\n<p>Category: Modular Buildings<\/p>\n<p>This Kit Contains: CBOX JD035&nbsp;<\/p>\n<p>879 pcs Good Quality Bricks<\/p>\n<p>K\u00e9zi utas\u00edt\u00e1sok<\/p>\n<p>\ud83d\udcccA f\u0151szerepl\u0151 term\u00e9szete<\/p>\n<p>Introducing our proud collection named \u201cIsabelle Cabin\u201d you should not miss.<\/p>\n<p>In a fictional or fantastical setting, Isabelle Cabin could represent a mystical or magical entity, such as a sentient cabin with its own personality or powers. It might be a place of mystery, wonder, or danger, where characters encounter supernatural phenomena or embark on mystical journeys.<\/p><\/div>","protected":false},"excerpt":{"rendered":"<p>Brand: CBOX<br \/>\nNem: Uniszex<br \/>\nKoroszt\u00e1ly: &gt; 6 \u00e9v<br \/>\nModel Number: JD035<br \/>\nBesorol\u00e1s: \u00d6sszeszerel\u00e9s<br \/>\nM\u0171anyag blokk forma: \u00f6nz\u00e1r\u00f3 t\u00e9gla<br \/>\nAnyaga: M\u0171anyag<br \/>\nM\u0171anyag t\u00edpus: ABS<br \/>\nBricks Blocks: 879 +<br \/>\nPre-Sale<br \/>\nEredeti doboza nincs<\/p>","protected":false},"featured_media":59252,"comment_status":"open","ping_status":"closed","template":"","meta":{"_acf_changed":false},"product_cat":[1365,371],"product_tag":[11244,11072,8452,3727,13403,1015],"class_list":["product","first","instock","shipping-taxable","purchasable","product-type-simple"],"acf":[],"_links":{"self":[{"href":"https:\/\/mouldking.store\/hu\/wp-json\/wp\/v2\/product\/59253","targetHints":{"allow":["GET"]}}],"collection":[{"href":"https:\/\/mouldking.store\/hu\/wp-json\/wp\/v2\/product"}],"about":[{"href":"https:\/\/mouldking.store\/hu\/wp-json\/wp\/v2\/types\/product"}],"replies":[{"embeddable":true,"href":"https:\/\/mouldking.store\/hu\/wp-json\/wp\/v2\/comments?post=59253"}],"wp:featuredmedia":[{"embeddable":true,"href":"https:\/\/mouldking.store\/hu\/wp-json\/wp\/v2\/media\/59252"}],"wp:attachment":[{"href":"https:\/\/mouldking.store\/hu\/wp-json\/wp\/v2\/media?parent=59253"}],"wp:term":[{"taxonomy":"product_cat","embeddable":true,"href":"https:\/\/mouldking.store\/hu\/wp-json\/wp\/v2\/product_cat?post=59253"},{"taxonomy":"product_tag","embeddable":true,"href":"https:\/\/mouldking.store\/hu\/wp-json\/wp\/v2\/product_tag?post=59253"}],"curies":[{"name":"wp","href":"https:\/\/api.w.org\/{rel}","templated":true}]}}