{"id":59256,"date":"2024-05-31T11:49:43","date_gmt":"2024-05-31T04:49:43","guid":{"rendered":"https:\/\/mouldking.store\/shop\/cbox-jd034-nooks-shop-with-840-pieces\/"},"modified":"2024-05-31T11:49:47","modified_gmt":"2024-05-31T04:49:47","slug":"cbox-jd034-nooks-shop-with-840-pieces","status":"publish","type":"product","link":"https:\/\/mouldking.store\/hu\/shop\/cbox-jd034-nooks-shop-with-840-pieces\/","title":{"rendered":"CBOX JD034 Nook&#8217;s Shop with 840 Pieces"},"content":{"rendered":"<div>\u2705CBOX JD034 Nook&#8217;s Shop<\/p>\n<p>\u2705Nook&#8217;s Shop starts as a small, modest general store where players can purchase basic items such as tools, furniture, and clothing. As players progress in the game and contribute to the growth of their village, Nook&#8217;s Shop can expand and upgrade into larger, more comprehensive stores.<\/p>\n<p>\ud83d\udeab FONTOS!<\/p>\n<p>Product Name: Nook&#8217;s Shop<\/p>\n<p>Category: Modular Buildings<\/p>\n<p>This Kit Contains: CBOX JD034<\/p>\n<p>840 pcs Good Quality Bricks<\/p>\n<p>K\u00e9zi utas\u00edt\u00e1sok<\/p>\n<p>\ud83d\udcccA f\u0151szerepl\u0151 term\u00e9szete<\/p>\n<p>Introducing our proud collection named \u201cNook&#8217;s Shop\u201d you should not miss.<\/p>\n<p>Throughout the Animal Crossing games, Nook&#8217;s Shop can undergo several expansions and upgrades, evolving from a simple convenience store to a bustling department store or shopping center. These expansions typically occur based on certain milestones or achievements reached by the player. Nook&#8217;s Shop offers a wide variety of items for players to purchase, including furniture, clothing, tools, seeds, decorations, and other miscellaneous items. Players can browse the shop&#8217;s selection and purchase items using in-game currency (bells).<\/p><\/div>","protected":false},"excerpt":{"rendered":"<p>Brand: CBOX<br \/>\nNem: Uniszex<br \/>\nKoroszt\u00e1ly: &gt; 6 \u00e9v<br \/>\nModel Number: JD034<br \/>\nBesorol\u00e1s: \u00d6sszeszerel\u00e9s<br \/>\nM\u0171anyag blokk forma: \u00f6nz\u00e1r\u00f3 t\u00e9gla<br \/>\nAnyaga: M\u0171anyag<br \/>\nM\u0171anyag t\u00edpus: ABS<br \/>\nBricks Blocks: 840 +<br \/>\nEredeti doboza nincs<br \/>\nPre-Sale<\/p>","protected":false},"featured_media":59255,"comment_status":"open","ping_status":"closed","template":"","meta":{"_acf_changed":false},"product_cat":[1365,371],"product_tag":[11244,11072,8452,1015,13404,1711],"class_list":["product","first","instock","shipping-taxable","purchasable","product-type-simple"],"acf":[],"_links":{"self":[{"href":"https:\/\/mouldking.store\/hu\/wp-json\/wp\/v2\/product\/59256","targetHints":{"allow":["GET"]}}],"collection":[{"href":"https:\/\/mouldking.store\/hu\/wp-json\/wp\/v2\/product"}],"about":[{"href":"https:\/\/mouldking.store\/hu\/wp-json\/wp\/v2\/types\/product"}],"replies":[{"embeddable":true,"href":"https:\/\/mouldking.store\/hu\/wp-json\/wp\/v2\/comments?post=59256"}],"wp:featuredmedia":[{"embeddable":true,"href":"https:\/\/mouldking.store\/hu\/wp-json\/wp\/v2\/media\/59255"}],"wp:attachment":[{"href":"https:\/\/mouldking.store\/hu\/wp-json\/wp\/v2\/media?parent=59256"}],"wp:term":[{"taxonomy":"product_cat","embeddable":true,"href":"https:\/\/mouldking.store\/hu\/wp-json\/wp\/v2\/product_cat?post=59256"},{"taxonomy":"product_tag","embeddable":true,"href":"https:\/\/mouldking.store\/hu\/wp-json\/wp\/v2\/product_tag?post=59256"}],"curies":[{"name":"wp","href":"https:\/\/api.w.org\/{rel}","templated":true}]}}