{"id":59273,"date":"2024-05-31T12:50:48","date_gmt":"2024-05-31T05:50:48","guid":{"rendered":"https:\/\/mouldking.store\/shop\/baka-33305-black-pearl-with-3839-pieces\/"},"modified":"2024-05-31T12:51:09","modified_gmt":"2024-05-31T05:51:09","slug":"baka-33305-black-pearl-with-3839-pieces","status":"publish","type":"product","link":"https:\/\/mouldking.store\/hu\/shop\/baka-33305-black-pearl-with-3839-pieces\/","title":{"rendered":"BAKA 33305 Black Pearl with 3839 Pieces"},"content":{"rendered":"<div>\u2705BAKA 33305 Black Pearl<\/p>\n<p>\u2705The Black Pearl is a legendary ship in the <em>Karib-tenger kal\u00f3zai<\/em> film series. It serves as a central element in the storyline, appearing in multiple movies. The Black Pearl is a fictional pirate ship depicted as a menacing vessel with black sails. It has a sleek and ominous design, fitting for its reputation as one of the fastest ships on the seas.<\/p>\n<p>\ud83d\udeab FONTOS!<\/p>\n<p>Product Name:&nbsp; Black Pearl<\/p>\n<p>Kateg\u00f3ria: M\u0171szaki<\/p>\n<p>This Kit Contains: BAKA 33305<\/p>\n<p>3839 pcs Good Quality Bricks<\/p>\n<p>K\u00e9zi utas\u00edt\u00e1sok<\/p>\n<p>\ud83d\udcccA f\u0151szerepl\u0151 term\u00e9szete<\/p>\n<p>Introducing our proud collection named \u201cBlack Pearl\u201d you should not miss.<\/p>\n<p>The ship is initially captained by the notorious pirate Hector Barbossa, portrayed by Geoffrey Rush, in the first film, <em>The Curse of the Black Pearl<\/em>. However, in subsequent films, Captain Jack Sparrow, played by Johnny Depp, often takes command of the ship. The Black Pearl is known throughout the Caribbean as a fearsome and unstoppable pirate ship. It is said to be cursed due to its involvement in stealing cursed Aztec gold, leading to its crew being transformed into undead beings at night. The Black Pearl&#8217;s crew consists of a colorful cast of characters, including pirates, rogues, and misfits. Over the course of the films, various characters join and leave the crew, but the ship remains a symbol of freedom and adventure on the high seas.<\/div>","protected":false},"excerpt":{"rendered":"<p>Brand: BAKA<br \/>\nNem: Uniszex<br \/>\nKoroszt\u00e1ly: &gt; 6 \u00e9v<br \/>\nModel Number: 33305<br \/>\nBesorol\u00e1s: \u00d6sszeszerel\u00e9s<br \/>\nM\u0171anyag blokk forma: \u00f6nz\u00e1r\u00f3 t\u00e9gla<br \/>\nAnyaga: M\u0171anyag<br \/>\nM\u0171anyag t\u00edpus: ABS<br \/>\nBricks Blocks: 3839 +<br \/>\nEredeti doboza nincs<br \/>\nA term\u00e9k nem tartalmaz MAtric\u00e1t \u00e9s NYOMTATOTT alkatr\u00e9szeket. Minden nyomtatott alkatr\u00e9szt szabv\u00e1nyos alkatr\u00e9szre cser\u00e9l\u00fcnk, \u00e9s nem j\u00e1r bev\u00e9tel harmadik f\u00e9lt\u0151l sz\u00e1rmaz\u00f3 tartoz\u00e9kokkal.<\/p>","protected":false},"featured_media":59272,"comment_status":"open","ping_status":"closed","template":"","meta":{"_acf_changed":false},"product_cat":[1357,581,364,1408],"product_tag":[6240,12062,434,389],"class_list":["product","first","instock","shipping-taxable","purchasable","product-type-simple"],"acf":[],"_links":{"self":[{"href":"https:\/\/mouldking.store\/hu\/wp-json\/wp\/v2\/product\/59273","targetHints":{"allow":["GET"]}}],"collection":[{"href":"https:\/\/mouldking.store\/hu\/wp-json\/wp\/v2\/product"}],"about":[{"href":"https:\/\/mouldking.store\/hu\/wp-json\/wp\/v2\/types\/product"}],"replies":[{"embeddable":true,"href":"https:\/\/mouldking.store\/hu\/wp-json\/wp\/v2\/comments?post=59273"}],"wp:featuredmedia":[{"embeddable":true,"href":"https:\/\/mouldking.store\/hu\/wp-json\/wp\/v2\/media\/59272"}],"wp:attachment":[{"href":"https:\/\/mouldking.store\/hu\/wp-json\/wp\/v2\/media?parent=59273"}],"wp:term":[{"taxonomy":"product_cat","embeddable":true,"href":"https:\/\/mouldking.store\/hu\/wp-json\/wp\/v2\/product_cat?post=59273"},{"taxonomy":"product_tag","embeddable":true,"href":"https:\/\/mouldking.store\/hu\/wp-json\/wp\/v2\/product_tag?post=59273"}],"curies":[{"name":"wp","href":"https:\/\/api.w.org\/{rel}","templated":true}]}}