{"id":59306,"date":"2024-05-31T14:25:53","date_gmt":"2024-05-31T07:25:53","guid":{"rendered":"https:\/\/mouldking.store\/shop\/moyu-my97122-gran-torino-classic-antique-car-classic-edition-with-592-pieces\/"},"modified":"2024-05-31T14:26:01","modified_gmt":"2024-05-31T07:26:01","slug":"moyu-my97122-gran-torino-classic-antique-car-classic-edition-with-592-pieces","status":"publish","type":"product","link":"https:\/\/mouldking.store\/hu\/shop\/moyu-my97122-gran-torino-classic-antique-car-classic-edition-with-592-pieces\/","title":{"rendered":"MOYU MY97122 Gran Torino Classic Antique Car Classic Edition with 592 Pieces"},"content":{"rendered":"<div>\u2705MOYU MY97122 Gran Torino Classic Antique Car Classic Edition<\/p>\n<p>\u2705The Gran Torino is a classic car model produced by Ford Motor Company. It was manufactured in several generations, with the most well-known being the fourth generation, which was produced from 1972 to 1976. The Gran Torino is known for its distinctive design, including its long hood, sleek lines, and chrome accents.<\/p>\n<p>\ud83d\udeab FONTOS!<\/p>\n<p>Product Name: Gran Torino Classic Antique Car Classic Edition<\/p>\n<p>Kateg\u00f3ria: M\u0171szaki<\/p>\n<p>This Kit Contains: MOYU MY97122<\/p>\n<p>592 pcs Good Quality Bricks<\/p>\n<p>Size: 14.2 \u00d7 6.8 \u00d7 4 cm<\/p>\n<p>K\u00e9zi utas\u00edt\u00e1sok<\/p>\n<p>\ud83d\udcccA f\u0151szerepl\u0151 term\u00e9szete<\/p>\n<p>Introducing our proud collection named \u201cGran Torino Classic Antique Car Classic Edition\u201d you should not miss.<\/p>\n<p>The Gran Torino gained cultural significance beyond its role as an automobile due to its prominent feature in the 2008 film <em>Gran Torino<\/em>, directed by and starring Clint Eastwood. In the film, Eastwood&#8217;s character, Walt Kowalski, owns a 1972 Gran Torino, which becomes a symbol of his pride, values, and struggles.<\/div>","protected":false},"excerpt":{"rendered":"<p>Brand: MOYU<br \/>\nNem: Uniszex<br \/>\nKoroszt\u00e1ly: 8 \u00e9v felett<br \/>\nModel Number: MY97122<br \/>\nBesorol\u00e1s: \u00d6sszeszerel\u00e9s<br \/>\nM\u0171anyag blokk forma: \u00f6nz\u00e1r\u00f3 t\u00e9gla<br \/>\nAnyaga: M\u0171anyag<br \/>\nM\u0171anyag t\u00edpus: ABS<br \/>\nBricks Blocks: 592 +<br \/>\nEredeti doboza nincs<br \/>\nA term\u00e9k nem tartalmaz MAtric\u00e1t \u00e9s NYOMTATOTT alkatr\u00e9szeket. Minden nyomtatott alkatr\u00e9szt szabv\u00e1nyos alkatr\u00e9szre cser\u00e9l\u00fcnk, \u00e9s nem j\u00e1r bev\u00e9tel harmadik f\u00e9lt\u0151l sz\u00e1rmaz\u00f3 tartoz\u00e9kokkal.<\/p>","protected":false},"featured_media":59305,"comment_status":"open","ping_status":"closed","template":"","meta":{"_acf_changed":false},"product_cat":[1360,1357,364,1875],"product_tag":[13222,457,11528,13410,389],"class_list":["product","first","instock","shipping-taxable","purchasable","product-type-simple"],"acf":[],"_links":{"self":[{"href":"https:\/\/mouldking.store\/hu\/wp-json\/wp\/v2\/product\/59306","targetHints":{"allow":["GET"]}}],"collection":[{"href":"https:\/\/mouldking.store\/hu\/wp-json\/wp\/v2\/product"}],"about":[{"href":"https:\/\/mouldking.store\/hu\/wp-json\/wp\/v2\/types\/product"}],"replies":[{"embeddable":true,"href":"https:\/\/mouldking.store\/hu\/wp-json\/wp\/v2\/comments?post=59306"}],"wp:featuredmedia":[{"embeddable":true,"href":"https:\/\/mouldking.store\/hu\/wp-json\/wp\/v2\/media\/59305"}],"wp:attachment":[{"href":"https:\/\/mouldking.store\/hu\/wp-json\/wp\/v2\/media?parent=59306"}],"wp:term":[{"taxonomy":"product_cat","embeddable":true,"href":"https:\/\/mouldking.store\/hu\/wp-json\/wp\/v2\/product_cat?post=59306"},{"taxonomy":"product_tag","embeddable":true,"href":"https:\/\/mouldking.store\/hu\/wp-json\/wp\/v2\/product_tag?post=59306"}],"curies":[{"name":"wp","href":"https:\/\/api.w.org\/{rel}","templated":true}]}}