{"id":59317,"date":"2024-05-31T16:44:37","date_gmt":"2024-05-31T09:44:37","guid":{"rendered":"https:\/\/mouldking.store\/shop\/jiestar-58128-mini-simulation-small-household-appliances-with-366-pieces\/"},"modified":"2024-05-31T16:44:40","modified_gmt":"2024-05-31T09:44:40","slug":"jiestar-58128-mini-simulation-small-household-appliances-with-366-pieces","status":"publish","type":"product","link":"https:\/\/mouldking.store\/hu\/shop\/jiestar-58128-mini-simulation-small-household-appliances-with-366-pieces\/","title":{"rendered":"JIESTAR 58128 Mini Simulation Small Household Appliances with 366 Pieces"},"content":{"rendered":"<div>\u2705JIESTAR 58128 Mini Simulation Small Household Appliances<\/p>\n<p>\u2705Creating a mini-simulation for small household appliances could involve modeling various aspects of appliance usage, such as energy consumption, user interaction, and maintenance.&nbsp;<\/p>\n<p>\ud83d\udeab FONTOS!<\/p>\n<p>Product Name: Mini Simulation Small Household Appliances<\/p>\n<p>Kateg\u00f3ria: Alkot\u00f3<\/p>\n<p>This Kit Contains: JIESTAR 58128<\/p>\n<p>366 pcs Good Quality Bricks<\/p>\n<p>K\u00e9zi utas\u00edt\u00e1sok<\/p>\n<p>\ud83d\udcccA f\u0151szerepl\u0151 term\u00e9szete<\/p>\n<p>Introducing our proud collection named \u201cMini Simulation Small Household Appliances\u201d you should not miss.<\/p>\n<p>Users can interact with each appliance by adjusting settings and cleaning. Each appliance consumes a certain amount of energy when in use. For instance, the refrigerator might consume more energy than the toaster. Appliances require maintenance tasks such as cleaning, defrosting (for the refrigerator), descaling (for the coffee maker), and replacing filters.<\/p><\/div>","protected":false},"excerpt":{"rendered":"<p>M\u00e1rka: JIESTAR<br \/>\nNem: Uniszex<br \/>\nKoroszt\u00e1ly: &gt; 6 \u00e9v<br \/>\nModel Number: 58128<br \/>\nBesorol\u00e1s: \u00d6sszeszerel\u00e9s<br \/>\nM\u0171anyag blokk forma: \u00f6nz\u00e1r\u00f3 t\u00e9gla<br \/>\nAnyaga: M\u0171anyag<br \/>\nM\u0171anyag t\u00edpus: ABS<br \/>\nBricks Blocks: 366 +<br \/>\nEredeti doboza nincs<br \/>\nA term\u00e9k nem tartalmaz MAtric\u00e1t \u00e9s NYOMTATOTT alkatr\u00e9szeket. Minden nyomtatott alkatr\u00e9szt szabv\u00e1nyos alkatr\u00e9szre cser\u00e9l\u00fcnk, \u00e9s nem j\u00e1r bev\u00e9tel harmadik f\u00e9lt\u0151l sz\u00e1rmaz\u00f3 tartoz\u00e9kokkal.<\/p>","protected":false},"author":83,"featured_media":59316,"comment_status":"open","ping_status":"closed","template":"","meta":{"_acf_changed":false},"product_cat":[1365,371],"product_tag":[11072,8452,13412,479,12777,12795],"class_list":["product","first","instock","shipping-taxable","purchasable","product-type-simple"],"acf":[],"_links":{"self":[{"href":"https:\/\/mouldking.store\/hu\/wp-json\/wp\/v2\/product\/59317","targetHints":{"allow":["GET"]}}],"collection":[{"href":"https:\/\/mouldking.store\/hu\/wp-json\/wp\/v2\/product"}],"about":[{"href":"https:\/\/mouldking.store\/hu\/wp-json\/wp\/v2\/types\/product"}],"author":[{"embeddable":true,"href":"https:\/\/mouldking.store\/hu\/wp-json\/wp\/v2\/users\/83"}],"replies":[{"embeddable":true,"href":"https:\/\/mouldking.store\/hu\/wp-json\/wp\/v2\/comments?post=59317"}],"wp:featuredmedia":[{"embeddable":true,"href":"https:\/\/mouldking.store\/hu\/wp-json\/wp\/v2\/media\/59316"}],"wp:attachment":[{"href":"https:\/\/mouldking.store\/hu\/wp-json\/wp\/v2\/media?parent=59317"}],"wp:term":[{"taxonomy":"product_cat","embeddable":true,"href":"https:\/\/mouldking.store\/hu\/wp-json\/wp\/v2\/product_cat?post=59317"},{"taxonomy":"product_tag","embeddable":true,"href":"https:\/\/mouldking.store\/hu\/wp-json\/wp\/v2\/product_tag?post=59317"}],"curies":[{"name":"wp","href":"https:\/\/api.w.org\/{rel}","templated":true}]}}