{"id":59327,"date":"2024-05-31T17:40:14","date_gmt":"2024-05-31T10:40:14","guid":{"rendered":"https:\/\/mouldking.store\/shop\/mork-025011-ford-mustang-with-motor-with-952-pieces\/"},"modified":"2024-05-31T17:40:22","modified_gmt":"2024-05-31T10:40:22","slug":"mork-025011-ford-mustang-with-motor-with-952-pieces","status":"publish","type":"product","link":"https:\/\/mouldking.store\/hu\/shop\/mork-025011-ford-mustang-with-motor-with-952-pieces\/","title":{"rendered":"MORK 025011 Ford Mustang With Motor with 952 Pieces"},"content":{"rendered":"<div>\u2705XMORK 025011 Ford Mustang With Motor<\/p>\n<p>\u2705The Ford Mustang GT500 is an iconic high-performance variant of the Ford Mustang, known for its powerful engine, aggressive styling, and track-worthy capabilities.<\/p>\n<p>\ud83d\udeab FONTOS!<\/p>\n<p>Product Name: Ford Mustang With Motor<\/p>\n<p>Kateg\u00f3ria: M\u0171szaki<\/p>\n<p>This Kit Contains: XMORK 025011&nbsp;<\/p>\n<p>952 pcs Good Quality Bricks<\/p>\n<p>Size: 26.7 \u00d7 14.5 \u00d7 8.8 cm<\/p>\n<p>K\u00e9zi utas\u00edt\u00e1sok<\/p>\n<p>\ud83d\udcccA f\u0151szerepl\u0151 term\u00e9szete<\/p>\n<p>Introducing our proud collection named \u201cFord Mustang With Motor\u201d you should not miss.<\/p>\n<p>The Mustang GT500 boasts a muscular and aggressive exterior design, characterized by a sculpted hood, prominent grille, and aerodynamic enhancements.Design elements such as large air intakes, rear spoiler, and quad exhaust outlets not only enhance the car&#8217;s appearance but also contribute to its high-performance capabilities. GT500 badging and decals adorn the vehicle, signaling its status as the top-tier performance variant in the Mustang lineup.<\/p><\/div>","protected":false},"excerpt":{"rendered":"<p>Brand: MORK<br \/>\nNem: Uniszex<br \/>\nKoroszt\u00e1ly: &gt; 6 \u00e9v<br \/>\nModel Number: 025011<br \/>\nBesorol\u00e1s: \u00d6sszeszerel\u00e9s<br \/>\nM\u0171anyag blokk forma: \u00f6nz\u00e1r\u00f3 t\u00e9gla<br \/>\nAnyaga: M\u0171anyag<br \/>\nM\u0171anyag t\u00edpus: ABS<br \/>\nBricks Blocks: 952 +<br \/>\nEredeti doboza nincs<br \/>\nA term\u00e9k nem tartalmaz MAtric\u00e1t \u00e9s NYOMTATOTT alkatr\u00e9szeket. Minden nyomtatott alkatr\u00e9szt szabv\u00e1nyos alkatr\u00e9szre cser\u00e9l\u00fcnk, \u00e9s nem j\u00e1r bev\u00e9tel harmadik f\u00e9lt\u0151l sz\u00e1rmaz\u00f3 tartoz\u00e9kokkal.<\/p>","protected":false},"featured_media":59326,"comment_status":"open","ping_status":"closed","template":"","meta":{"_acf_changed":false},"product_cat":[1360,1357,364,1875],"product_tag":[457,1747,6653,389],"class_list":["product","first","instock","shipping-taxable","purchasable","product-type-simple"],"acf":[],"_links":{"self":[{"href":"https:\/\/mouldking.store\/hu\/wp-json\/wp\/v2\/product\/59327","targetHints":{"allow":["GET"]}}],"collection":[{"href":"https:\/\/mouldking.store\/hu\/wp-json\/wp\/v2\/product"}],"about":[{"href":"https:\/\/mouldking.store\/hu\/wp-json\/wp\/v2\/types\/product"}],"replies":[{"embeddable":true,"href":"https:\/\/mouldking.store\/hu\/wp-json\/wp\/v2\/comments?post=59327"}],"wp:featuredmedia":[{"embeddable":true,"href":"https:\/\/mouldking.store\/hu\/wp-json\/wp\/v2\/media\/59326"}],"wp:attachment":[{"href":"https:\/\/mouldking.store\/hu\/wp-json\/wp\/v2\/media?parent=59327"}],"wp:term":[{"taxonomy":"product_cat","embeddable":true,"href":"https:\/\/mouldking.store\/hu\/wp-json\/wp\/v2\/product_cat?post=59327"},{"taxonomy":"product_tag","embeddable":true,"href":"https:\/\/mouldking.store\/hu\/wp-json\/wp\/v2\/product_tag?post=59327"}],"curies":[{"name":"wp","href":"https:\/\/api.w.org\/{rel}","templated":true}]}}