{"id":59334,"date":"2024-05-31T18:17:20","date_gmt":"2024-05-31T11:17:20","guid":{"rendered":"https:\/\/mouldking.store\/shop\/custom-92204-succulent-flower-house-with-619-pieces\/"},"modified":"2024-05-31T18:17:21","modified_gmt":"2024-05-31T11:17:21","slug":"custom-92204-succulent-flower-house-with-619-pieces","status":"publish","type":"product","link":"https:\/\/mouldking.store\/hu\/shop\/custom-92204-succulent-flower-house-with-619-pieces\/","title":{"rendered":"Custom 92204 Succulent Flower House with 619 Pieces"},"content":{"rendered":"<div>\u2705Custom 92204 Succulent Flower House<\/p>\n<p>\u2705A succulent flower house is a charming and decorative arrangement of succulent plants arranged within a miniature house-shaped container or planter.<\/p>\n<p>\ud83d\udeab FONTOS!<\/p>\n<p>Product Name: Succulent Flower House<\/p>\n<p>Kateg\u00f3ria: Alkot\u00f3<\/p>\n<p>This Kit Contains: Custom 92204<\/p>\n<p>619 pcs Good Quality Bricks<\/p>\n<p>K\u00e9zi utas\u00edt\u00e1sok<\/p>\n<p>\ud83d\udcccA f\u0151szerepl\u0151 term\u00e9szete<\/p>\n<p>Introducing our proud collection named \u201cSucculent Flower House\u201d you should not miss.<br \/>&nbsp;<br \/>&nbsp;The centerpiece of a succulent flower house is typically a container or planter designed to resemble a miniature house or cottage. This container may be made of materials such as ceramic, wood, or metal. Succulent flower houses typically feature a variety of succulent plant species, chosen for their contrasting shapes, colors, and textures. Common succulents used in such arrangements include Echeveria, Sedum, Aloe, and Crassula, among others.<\/div>","protected":false},"excerpt":{"rendered":"<p>M\u00e1rka: Custom<br \/>\nNem: Uniszex<br \/>\nKoroszt\u00e1ly: &gt; 6 \u00e9v<br \/>\nModel Number: 92204<br \/>\nBesorol\u00e1s: \u00d6sszeszerel\u00e9s<br \/>\nM\u0171anyag blokk forma: \u00f6nz\u00e1r\u00f3 t\u00e9gla<br \/>\nAnyaga: M\u0171anyag<br \/>\nM\u0171anyag t\u00edpus: ABS<br \/>\nBricks Blocks: 619 +<br \/>\nEredeti doboza nincs<br \/>\nA term\u00e9k nem tartalmaz MAtric\u00e1t \u00e9s NYOMTATOTT alkatr\u00e9szeket. Minden nyomtatott alkatr\u00e9szt szabv\u00e1nyos alkatr\u00e9szre cser\u00e9l\u00fcnk, \u00e9s nem j\u00e1r bev\u00e9tel harmadik f\u00e9lt\u0151l sz\u00e1rmaz\u00f3 tartoz\u00e9kokkal.<\/p>","protected":false},"featured_media":59333,"comment_status":"open","ping_status":"closed","template":"","meta":{"_acf_changed":false},"product_cat":[1365,371],"product_tag":[11072,8452,11106,2318,11217],"class_list":["product","first","instock","shipping-taxable","purchasable","product-type-simple"],"acf":[],"_links":{"self":[{"href":"https:\/\/mouldking.store\/hu\/wp-json\/wp\/v2\/product\/59334","targetHints":{"allow":["GET"]}}],"collection":[{"href":"https:\/\/mouldking.store\/hu\/wp-json\/wp\/v2\/product"}],"about":[{"href":"https:\/\/mouldking.store\/hu\/wp-json\/wp\/v2\/types\/product"}],"replies":[{"embeddable":true,"href":"https:\/\/mouldking.store\/hu\/wp-json\/wp\/v2\/comments?post=59334"}],"wp:featuredmedia":[{"embeddable":true,"href":"https:\/\/mouldking.store\/hu\/wp-json\/wp\/v2\/media\/59333"}],"wp:attachment":[{"href":"https:\/\/mouldking.store\/hu\/wp-json\/wp\/v2\/media?parent=59334"}],"wp:term":[{"taxonomy":"product_cat","embeddable":true,"href":"https:\/\/mouldking.store\/hu\/wp-json\/wp\/v2\/product_cat?post=59334"},{"taxonomy":"product_tag","embeddable":true,"href":"https:\/\/mouldking.store\/hu\/wp-json\/wp\/v2\/product_tag?post=59334"}],"curies":[{"name":"wp","href":"https:\/\/api.w.org\/{rel}","templated":true}]}}