{"id":59389,"date":"2024-06-04T17:55:00","date_gmt":"2024-06-04T10:55:00","guid":{"rendered":"https:\/\/mouldking.store\/shop\/jiqing-jq20002-magic-academy-bell-tower-with-1305-pieces\/"},"modified":"2024-06-04T17:55:15","modified_gmt":"2024-06-04T10:55:15","slug":"jiqing-jq20002-magic-academy-bell-tower-with-1305-pieces","status":"publish","type":"product","link":"https:\/\/mouldking.store\/hu\/shop\/jiqing-jq20002-magic-academy-bell-tower-with-1305-pieces\/","title":{"rendered":"JiQing JQ20002 Var\u00e1zsakad\u00e9mia harangtornya 1305 darabbal"},"content":{"rendered":"<div>\u2705JiQing JQ20002 Magic Academy Bell Tower<\/p>\n<p>\u2705A &#8220;Magic Academy Bell Tower&#8221; conjures vivid imagery of a fantastical setting where students learn the mystical arts amidst an atmosphere of enchantment and wonder. This concept is rich with storytelling potential and symbolic meaning.<\/p>\n<p>\ud83d\udeab FONTOS!<\/p>\n<p>Product Name: Magic Academy Bell Tower<\/p>\n<p>Kateg\u00f3ria: Modul\u00e1ris \u00e9p\u00fclet<\/p>\n<p>This Kit Contains: JiQing JQ20002<\/p>\n<p>1305 pcs Good Quality Bricks<\/p>\n<p>Size:&nbsp; 33 \u00d7 11 \u00d7 26 cm<\/p>\n<p>K\u00e9zi utas\u00edt\u00e1sok<\/p>\n<p>\ud83d\udcccA f\u0151szerepl\u0151 term\u00e9szete<\/p>\n<p>Introducing our proud collection named \u201cMagic Academy Bell Tower\u201d you should not miss.<\/p>\n<p>In the world of Harry Potter, the Hogwarts Clock Tower and the Whomping Willow are two iconic and memorable features of the Hogwarts School of Witchcraft and Wizardry. Both play significant roles in the story and add to the rich tapestry of the magical world J.K. Rowling created. The Clock Tower is a tall, imposing structure that looms over the Hogwarts grounds. It is a part of the Hogwarts Castle and serves both a practical and symbolic purpose. The tower houses a large clock, with an intricate mechanism that keeps time for the entire school. The clock\u2019s face is large and visible from various parts of the castle grounds.The Clock Tower is equipped with bells that chime at regular intervals, marking the passage of time and signaling important moments, such as the start and end of classes.<\/p><\/div>","protected":false},"excerpt":{"rendered":"<p>Brand: JiQing<br \/>\nNem: Uniszex<br \/>\nKoroszt\u00e1ly: 8 \u00e9v felett<br \/>\nModel Number: JQ20002<br \/>\nBesorol\u00e1s: \u00d6sszeszerel\u00e9s<br \/>\nM\u0171anyag blokk forma: \u00f6nz\u00e1r\u00f3 t\u00e9gla<br \/>\nAnyaga: M\u0171anyag<br \/>\nM\u0171anyag t\u00edpus: ABS<br \/>\nBricks Blocks: 1305 +<br \/>\nEredeti doboza nincs<br \/>\nA term\u00e9k nem tartalmaz MAtric\u00e1t \u00e9s NYOMTATOTT alkatr\u00e9szeket. Minden nyomtatott alkatr\u00e9szt szabv\u00e1nyos alkatr\u00e9szre cser\u00e9l\u00fcnk, \u00e9s nem j\u00e1r bev\u00e9tel harmadik f\u00e9lt\u0151l sz\u00e1rmaz\u00f3 tartoz\u00e9kokkal.<\/p>","protected":false},"featured_media":59388,"comment_status":"open","ping_status":"closed","template":"","meta":{"_acf_changed":false},"product_cat":[1395,1502,390,581,1408],"product_tag":[10033,4883,2838,2835,2846,13416,392,434,2302],"class_list":["product","first","instock","shipping-taxable","purchasable","product-type-simple"],"acf":[],"_links":{"self":[{"href":"https:\/\/mouldking.store\/hu\/wp-json\/wp\/v2\/product\/59389","targetHints":{"allow":["GET"]}}],"collection":[{"href":"https:\/\/mouldking.store\/hu\/wp-json\/wp\/v2\/product"}],"about":[{"href":"https:\/\/mouldking.store\/hu\/wp-json\/wp\/v2\/types\/product"}],"replies":[{"embeddable":true,"href":"https:\/\/mouldking.store\/hu\/wp-json\/wp\/v2\/comments?post=59389"}],"wp:featuredmedia":[{"embeddable":true,"href":"https:\/\/mouldking.store\/hu\/wp-json\/wp\/v2\/media\/59388"}],"wp:attachment":[{"href":"https:\/\/mouldking.store\/hu\/wp-json\/wp\/v2\/media?parent=59389"}],"wp:term":[{"taxonomy":"product_cat","embeddable":true,"href":"https:\/\/mouldking.store\/hu\/wp-json\/wp\/v2\/product_cat?post=59389"},{"taxonomy":"product_tag","embeddable":true,"href":"https:\/\/mouldking.store\/hu\/wp-json\/wp\/v2\/product_tag?post=59389"}],"curies":[{"name":"wp","href":"https:\/\/api.w.org\/{rel}","templated":true}]}}