{"id":59402,"date":"2024-06-04T18:06:53","date_gmt":"2024-06-04T11:06:53","guid":{"rendered":"https:\/\/mouldking.store\/shop\/cada-c55012-mazda-fc3s-with-282-pieces\/"},"modified":"2024-06-04T18:06:59","modified_gmt":"2024-06-04T11:06:59","slug":"cada-c55012-mazda-fc3s-with-282-pieces","status":"publish","type":"product","link":"https:\/\/mouldking.store\/hu\/shop\/cada-c55012-mazda-fc3s-with-282-pieces\/","title":{"rendered":"CaDa C55012 Mazda FC3S with 282 Pieces"},"content":{"rendered":"<div>\u2705CaDA C55012 Mazda FC3S<\/p>\n<p>\u2705The Mazda FC3S, more commonly known as the Mazda RX-7 FC, is a second-generation model of the Mazda RX-7 sports car. It was produced between 1985 and 1992 and is well-regarded for its performance, handling, and rotary engine.&nbsp;<\/p>\n<p>\ud83d\udeab FONTOS!<\/p>\n<p>Product Name: Mazda FC3S<\/p>\n<p>Kateg\u00f3ria: M\u0171szaki<\/p>\n<p>This Kit Contains: CaDA C55012<\/p>\n<p>282 pcs Good Quality Bricks<\/p>\n<p>Size: 16.6 \u00d7 8.7 \u00d7 4.6 cm<\/p>\n<p>K\u00e9zi utas\u00edt\u00e1sok<\/p>\n<p>\ud83d\udcccA f\u0151szerepl\u0151 term\u00e9szete<\/p>\n<p>Introducing our proud collection named \u201cMazda FC3S\u201d you should not miss.<\/p>\n<p>The RX-7 FC3S features a sleek, aerodynamic body with pop-up headlights, which were a distinctive feature of many sports cars from the 1980s and early 1990s. It has a low, wide stance, emphasizing its sporty character and enhancing stability and handling. The interior of the RX-7 FC3S is driver-focused, with a cockpit-like feel. It includes sports seats, a compact steering wheel, and well-placed control. The instrument cluster typically includes a tachometer prominently displayed, reflecting the car&#8217;s performance orientation<\/p><\/div>","protected":false},"excerpt":{"rendered":"<p>M\u00e1rka: CaDa<br \/>\nNem: Uniszex<br \/>\nKoroszt\u00e1ly: 8 \u00e9v felett<br \/>\nModel Number: C55012<br \/>\nBesorol\u00e1s: \u00d6sszeszerel\u00e9s<br \/>\nM\u0171anyag blokk forma: \u00f6nz\u00e1r\u00f3 t\u00e9gla<br \/>\nAnyaga: M\u0171anyag<br \/>\nM\u0171anyag t\u00edpus: ABS<br \/>\nBricks Blocks: 282 +<br \/>\nEredeti doboza nincs<br \/>\nA term\u00e9k nem tartalmaz MAtric\u00e1t \u00e9s NYOMTATOTT alkatr\u00e9szeket. Minden nyomtatott alkatr\u00e9szt szabv\u00e1nyos alkatr\u00e9szre cser\u00e9l\u00fcnk, \u00e9s nem j\u00e1r bev\u00e9tel harmadik f\u00e9lt\u0151l sz\u00e1rmaz\u00f3 tartoz\u00e9kokkal.<\/p>","protected":false},"featured_media":59401,"comment_status":"open","ping_status":"closed","template":"","meta":{"_acf_changed":false},"product_cat":[1360,1357,364,1875],"product_tag":[457,13419,2331,389,11080],"class_list":["product","first","instock","shipping-taxable","purchasable","product-type-simple"],"acf":[],"_links":{"self":[{"href":"https:\/\/mouldking.store\/hu\/wp-json\/wp\/v2\/product\/59402","targetHints":{"allow":["GET"]}}],"collection":[{"href":"https:\/\/mouldking.store\/hu\/wp-json\/wp\/v2\/product"}],"about":[{"href":"https:\/\/mouldking.store\/hu\/wp-json\/wp\/v2\/types\/product"}],"replies":[{"embeddable":true,"href":"https:\/\/mouldking.store\/hu\/wp-json\/wp\/v2\/comments?post=59402"}],"wp:featuredmedia":[{"embeddable":true,"href":"https:\/\/mouldking.store\/hu\/wp-json\/wp\/v2\/media\/59401"}],"wp:attachment":[{"href":"https:\/\/mouldking.store\/hu\/wp-json\/wp\/v2\/media?parent=59402"}],"wp:term":[{"taxonomy":"product_cat","embeddable":true,"href":"https:\/\/mouldking.store\/hu\/wp-json\/wp\/v2\/product_cat?post=59402"},{"taxonomy":"product_tag","embeddable":true,"href":"https:\/\/mouldking.store\/hu\/wp-json\/wp\/v2\/product_tag?post=59402"}],"curies":[{"name":"wp","href":"https:\/\/api.w.org\/{rel}","templated":true}]}}