{"id":59406,"date":"2024-06-04T18:09:34","date_gmt":"2024-06-04T11:09:34","guid":{"rendered":"https:\/\/mouldking.store\/shop\/jiqing-jq10003-grocery-store-with-2225-pieces\/"},"modified":"2024-06-04T18:09:43","modified_gmt":"2024-06-04T11:09:43","slug":"jiqing-jq10003-grocery-store-with-2225-pieces","status":"publish","type":"product","link":"https:\/\/mouldking.store\/hu\/shop\/jiqing-jq10003-grocery-store-with-2225-pieces\/","title":{"rendered":"JiQing JQ10003 Grocery Store with 2225 Pieces"},"content":{"rendered":"<div>\u2705 JiQing JQ10003 Grocery Store<\/p>\n<p>\u2705A grocery store is a retail establishment that primarily sells food and other household items. It is an essential part of everyday life, providing a wide range of products that cater to the needs of the community.<\/p>\n<p>\ud83d\udeab FONTOS!<\/p>\n<p>Product Name: Grocery Store<\/p>\n<p>Kateg\u00f3ria: Modul\u00e1ris \u00e9p\u00fclet<\/p>\n<p>This Kit Contains: Grocery Store<\/p>\n<p>2225 pcs Good Quality Bricks<\/p>\n<p>Size: 19.5 \u00d7 19.5 \u00d7 27 cm<\/p>\n<p>K\u00e9zi utas\u00edt\u00e1sok<\/p>\n<p>\ud83d\udcccA f\u0151szerepl\u0151 term\u00e9szete<\/p>\n<p>Introducing our proud collection named \u201cGrocery Store\u201d you should not miss.<\/p>\n<p>A grocery store is more than just a place to buy food; it\u2019s a community hub that supports daily life with a diverse range of products and services. From fresh produce and meats to household items and personal care products, grocery stores are designed to meet the varied needs of their customers while providing a convenient and enjoyable shopping experience.<\/p><\/div>","protected":false},"excerpt":{"rendered":"<p>Brand: JiQing<br \/>\nNem: Uniszex<br \/>\nKoroszt\u00e1ly: 8 \u00e9v felett<br \/>\nModel Number: JQ10003<br \/>\nBesorol\u00e1s: \u00d6sszeszerel\u00e9s<br \/>\nM\u0171anyag blokk forma: \u00f6nz\u00e1r\u00f3 t\u00e9gla<br \/>\nAnyaga: M\u0171anyag<br \/>\nM\u0171anyag t\u00edpus: ABS<br \/>\nBricks Blocks: 2225 +<br \/>\nEredeti doboza nincs<br \/>\nA term\u00e9k nem tartalmaz MAtric\u00e1t \u00e9s NYOMTATOTT alkatr\u00e9szeket. Minden nyomtatott alkatr\u00e9szt szabv\u00e1nyos alkatr\u00e9szre cser\u00e9l\u00fcnk, \u00e9s nem j\u00e1r bev\u00e9tel harmadik f\u00e9lt\u0151l sz\u00e1rmaz\u00f3 tartoz\u00e9kokkal.<\/p>","protected":false},"author":83,"featured_media":59405,"comment_status":"open","ping_status":"closed","template":"","meta":{"_acf_changed":false},"product_cat":[1395,1502,390],"product_tag":[11244,4883,13420,12866,12336,5679,392,1693],"class_list":["product","first","instock","shipping-taxable","purchasable","product-type-simple"],"acf":[],"_links":{"self":[{"href":"https:\/\/mouldking.store\/hu\/wp-json\/wp\/v2\/product\/59406","targetHints":{"allow":["GET"]}}],"collection":[{"href":"https:\/\/mouldking.store\/hu\/wp-json\/wp\/v2\/product"}],"about":[{"href":"https:\/\/mouldking.store\/hu\/wp-json\/wp\/v2\/types\/product"}],"author":[{"embeddable":true,"href":"https:\/\/mouldking.store\/hu\/wp-json\/wp\/v2\/users\/83"}],"replies":[{"embeddable":true,"href":"https:\/\/mouldking.store\/hu\/wp-json\/wp\/v2\/comments?post=59406"}],"wp:featuredmedia":[{"embeddable":true,"href":"https:\/\/mouldking.store\/hu\/wp-json\/wp\/v2\/media\/59405"}],"wp:attachment":[{"href":"https:\/\/mouldking.store\/hu\/wp-json\/wp\/v2\/media?parent=59406"}],"wp:term":[{"taxonomy":"product_cat","embeddable":true,"href":"https:\/\/mouldking.store\/hu\/wp-json\/wp\/v2\/product_cat?post=59406"},{"taxonomy":"product_tag","embeddable":true,"href":"https:\/\/mouldking.store\/hu\/wp-json\/wp\/v2\/product_tag?post=59406"}],"curies":[{"name":"wp","href":"https:\/\/api.w.org\/{rel}","templated":true}]}}