{"id":59423,"date":"2024-06-04T18:25:30","date_gmt":"2024-06-04T11:25:30","guid":{"rendered":"https:\/\/mouldking.store\/shop\/jiqing-jq10002-market-street-with-1456-pieces\/"},"modified":"2024-06-04T18:25:47","modified_gmt":"2024-06-04T11:25:47","slug":"jiqing-jq10002-market-street-with-1456-pieces","status":"publish","type":"product","link":"https:\/\/mouldking.store\/hu\/shop\/jiqing-jq10002-market-street-with-1456-pieces\/","title":{"rendered":"JiQing JQ10002 Market Street with 1456 Pieces"},"content":{"rendered":"<div>\u2705JiQing JQ10002 Market Street<\/p>\n<p>\u2705&#8221;Market Street&#8221; is a term commonly used to refer to a central thoroughfare or commercial district within a city or town where various shops, vendors, and businesses are located. Market streets are often bustling with activity and serve as vibrant hubs of economic and social interaction.&nbsp;<\/p>\n<p>\ud83d\udeab FONTOS!<\/p>\n<p>Product Name: Market Street<\/p>\n<p>Kateg\u00f3ria: Modul\u00e1ris \u00e9p\u00fclet<\/p>\n<p>This Kit Contains: JiQing JQ10002<\/p>\n<p>1456 pcs Good Quality Bricks<\/p>\n<p>Size: 19 \u00d7 14.5 \u00d7 27 cm<\/p>\n<p>K\u00e9zi utas\u00edt\u00e1sok<\/p>\n<p>\ud83d\udcccA f\u0151szerepl\u0151 term\u00e9szete<\/p>\n<p>Introducing our proud collection named \u201cMarket Street\u201d you should not miss.<\/p>\n<p>Market Streets are dynamic and diverse urban environments that serve as important economic, social, and cultural centers within cities and towns. With their bustling activity, eclectic mix of shops, and vibrant atmosphere, Market Streets offer a unique and memorable experience for locals and visitors alike.<\/p><\/div>","protected":false},"excerpt":{"rendered":"<p>Brand: JiQing<br \/>\nNem: Uniszex<br \/>\nKoroszt\u00e1ly: &gt; 6 \u00e9v<br \/>\nModel Number: JQ10002<br \/>\nBesorol\u00e1s: \u00d6sszeszerel\u00e9s<br \/>\nM\u0171anyag blokk forma: \u00f6nz\u00e1r\u00f3 t\u00e9gla<br \/>\nAnyaga: M\u0171anyag<br \/>\nM\u0171anyag t\u00edpus: ABS<br \/>\nBricks Blocks: 1456 +<br \/>\nEredeti doboza nincs<br \/>\nA term\u00e9k nem tartalmaz MAtric\u00e1t \u00e9s NYOMTATOTT alkatr\u00e9szeket. Minden nyomtatott alkatr\u00e9szt szabv\u00e1nyos alkatr\u00e9szre cser\u00e9l\u00fcnk, \u00e9s nem j\u00e1r bev\u00e9tel harmadik f\u00e9lt\u0151l sz\u00e1rmaz\u00f3 tartoz\u00e9kokkal.<\/p>","protected":false},"featured_media":59422,"comment_status":"open","ping_status":"closed","template":"","meta":{"_acf_changed":false},"product_cat":[1395,1502,390],"product_tag":[11244,4883,3450,1089,5679,392,3012],"class_list":["product","first","instock","shipping-taxable","purchasable","product-type-simple"],"acf":[],"_links":{"self":[{"href":"https:\/\/mouldking.store\/hu\/wp-json\/wp\/v2\/product\/59423","targetHints":{"allow":["GET"]}}],"collection":[{"href":"https:\/\/mouldking.store\/hu\/wp-json\/wp\/v2\/product"}],"about":[{"href":"https:\/\/mouldking.store\/hu\/wp-json\/wp\/v2\/types\/product"}],"replies":[{"embeddable":true,"href":"https:\/\/mouldking.store\/hu\/wp-json\/wp\/v2\/comments?post=59423"}],"wp:featuredmedia":[{"embeddable":true,"href":"https:\/\/mouldking.store\/hu\/wp-json\/wp\/v2\/media\/59422"}],"wp:attachment":[{"href":"https:\/\/mouldking.store\/hu\/wp-json\/wp\/v2\/media?parent=59423"}],"wp:term":[{"taxonomy":"product_cat","embeddable":true,"href":"https:\/\/mouldking.store\/hu\/wp-json\/wp\/v2\/product_cat?post=59423"},{"taxonomy":"product_tag","embeddable":true,"href":"https:\/\/mouldking.store\/hu\/wp-json\/wp\/v2\/product_tag?post=59423"}],"curies":[{"name":"wp","href":"https:\/\/api.w.org\/{rel}","templated":true}]}}