{"id":59435,"date":"2024-06-04T18:31:17","date_gmt":"2024-06-04T11:31:17","guid":{"rendered":"https:\/\/mouldking.store\/shop\/cada-c61023-mazda-fd3s-rx-7-with-1655-pieces-2\/"},"modified":"2024-06-04T18:31:29","modified_gmt":"2024-06-04T11:31:29","slug":"cada-c61023-mazda-fd3s-rx-7-with-1655-pieces-2","status":"publish","type":"product","link":"https:\/\/mouldking.store\/hu\/shop\/cada-c61023-mazda-fd3s-rx-7-with-1655-pieces-2\/","title":{"rendered":"CaDa C61023 Mazda FD3S RX-7 with 1655 Pieces"},"content":{"rendered":"<div>\u2705CaDA C61023 Mazda FD3S RX-7<\/p>\n<p>\u2705The Mazda FD3S RX-7 is a legendary sports car known for its sleek design and exhilarating performance. It features a rotary engine, which sets it apart from most other cars on the market.&nbsp;<\/p>\n<p>\ud83d\udeab FONTOS!<\/p>\n<p>Product Name: Mazda FD3S RX-7<\/p>\n<p>Kateg\u00f3ria: M\u0171szaki<\/p>\n<p>This Kit Contains: CaDA C61023<\/p>\n<p>1655 pcs Good Quality Bricks<\/p>\n<p>Size: 34.5 \u00d7 14.8 \u00d7 10.6 cm<\/p>\n<p>K\u00e9zi utas\u00edt\u00e1sok<\/p>\n<p>\ud83d\udcccA f\u0151szerepl\u0151 term\u00e9szete<\/p>\n<p>Introducing our proud collection named \u201cMazda FD3S RX-7\u201d you should not miss.<\/p>\n<p>The FD3S RX-7 is highly regarded for its superb handling and agility, making it a favorite among driving enthusiasts. With its iconic pop-up headlights and flowing lines, it&#8217;s a true head-turner on the road. Whether you&#8217;re a fan of its unique engine or simply appreciate its timeless design, the Mazda FD3S RX-7 is sure to provide an exciting driving experience.<\/p><\/div>","protected":false},"excerpt":{"rendered":"<p>M\u00e1rka: CaDa<br \/>\nNem: Uniszex<br \/>\nKoroszt\u00e1ly: 8 \u00e9v felett<br \/>\nModel Number: C61023<br \/>\nBesorol\u00e1s: \u00d6sszeszerel\u00e9s<br \/>\nM\u0171anyag blokk forma: \u00f6nz\u00e1r\u00f3 t\u00e9gla<br \/>\nAnyaga: M\u0171anyag<br \/>\nM\u0171anyag t\u00edpus: ABS<br \/>\nBricks Blocks: 1655 +<br \/>\nEredeti doboza nincs<br \/>\nA term\u00e9k nem tartalmaz MAtric\u00e1t \u00e9s NYOMTATOTT alkatr\u00e9szeket. Minden nyomtatott alkatr\u00e9szt szabv\u00e1nyos alkatr\u00e9szre cser\u00e9l\u00fcnk, \u00e9s nem j\u00e1r bev\u00e9tel harmadik f\u00e9lt\u0151l sz\u00e1rmaz\u00f3 tartoz\u00e9kokkal.<\/p>","protected":false},"featured_media":59434,"comment_status":"open","ping_status":"closed","template":"","meta":{"_acf_changed":false},"product_cat":[1360,1357,364,1875],"product_tag":[457,13294,2331,12365,389],"class_list":["product","first","instock","shipping-taxable","purchasable","product-type-simple"],"acf":[],"_links":{"self":[{"href":"https:\/\/mouldking.store\/hu\/wp-json\/wp\/v2\/product\/59435","targetHints":{"allow":["GET"]}}],"collection":[{"href":"https:\/\/mouldking.store\/hu\/wp-json\/wp\/v2\/product"}],"about":[{"href":"https:\/\/mouldking.store\/hu\/wp-json\/wp\/v2\/types\/product"}],"replies":[{"embeddable":true,"href":"https:\/\/mouldking.store\/hu\/wp-json\/wp\/v2\/comments?post=59435"}],"wp:featuredmedia":[{"embeddable":true,"href":"https:\/\/mouldking.store\/hu\/wp-json\/wp\/v2\/media\/59434"}],"wp:attachment":[{"href":"https:\/\/mouldking.store\/hu\/wp-json\/wp\/v2\/media?parent=59435"}],"wp:term":[{"taxonomy":"product_cat","embeddable":true,"href":"https:\/\/mouldking.store\/hu\/wp-json\/wp\/v2\/product_cat?post=59435"},{"taxonomy":"product_tag","embeddable":true,"href":"https:\/\/mouldking.store\/hu\/wp-json\/wp\/v2\/product_tag?post=59435"}],"curies":[{"name":"wp","href":"https:\/\/api.w.org\/{rel}","templated":true}]}}