{"id":59444,"date":"2024-06-04T18:31:41","date_gmt":"2024-06-04T11:31:41","guid":{"rendered":"https:\/\/mouldking.store\/shop\/mould-king-20030-ev2-all-terrain-tracked-vehicle-with-1046-pieces\/"},"modified":"2024-06-04T18:31:57","modified_gmt":"2024-06-04T11:31:57","slug":"mould-king-20030-ev2-all-terrain-tracked-vehicle-with-1046-pieces","status":"publish","type":"product","link":"https:\/\/mouldking.store\/hu\/shop\/mould-king-20030-ev2-all-terrain-tracked-vehicle-with-1046-pieces\/","title":{"rendered":"MOULD KING 20030 EV2 All Terrain Tracked Vehicle with 1046 Pieces"},"content":{"rendered":"<div>\u2705MouldKing 20030 EV2 All Terrain Tracked Vehicle&nbsp;<\/p>\n<p>\u2705The EV2 All Terrain Tracked Vehicle is designed to traverse a variety of rugged environments, providing superior mobility where wheeled vehicles cannot go. This makes it ideal for off-road adventures, search and rescue operations, military applications, and more.<\/p>\n<p>\ud83d\udeab FONTOS!<\/p>\n<p>Product Name: EV2 All Terrain Tracked Vehicle&nbsp;<\/p>\n<p>Kateg\u00f3ria: Katonai<\/p>\n<p>This Kit Contains: MouldKing 20030<\/p>\n<p>1046 pcs Good Quality Bricks<\/p>\n<p>Size: 30 \u00d7 14 \u00d7 15 cm<\/p>\n<p>K\u00e9zi utas\u00edt\u00e1sok<\/p>\n<p>\ud83d\udcccA f\u0151szerepl\u0151 term\u00e9szete<\/p>\n<p>Introducing our proud collection named \u201cEV2 All Terrain Tracked Vehicle \u201d you should not miss.<\/p>\n<p>Material: Lightweight, high-strength materials like aluminum or carbon fiber to reduce weight while maintaining durability.<br \/>Design: Aerodynamic and compact design for maneuverability and storage.<br \/>Safety Features: Roll cage, seat belts, airbags, and emergency locator beacons.<br \/>Communication Systems: Long-range radios, satellite communication, and onboard diagnostics.<\/div>","protected":false},"excerpt":{"rendered":"<p>M\u00e1rka: MOLD KING<br \/>\nNem: Uniszex<br \/>\nKorhat\u00e1r: 14 \u00e9v felett<br \/>\nModel Number: 20030<br \/>\nBesorol\u00e1s: \u00d6sszeszerel\u00e9s<br \/>\nM\u0171anyag blokk forma: \u00f6nz\u00e1r\u00f3 t\u00e9gla<br \/>\nAnyaga: M\u0171anyag<br \/>\nM\u0171anyag t\u00edpus: ABS<br \/>\nBricks Blocks: 1046 +<br \/>\nEredeti doboza nincs<br \/>\nA term\u00e9k nem tartalmaz MAtric\u00e1t \u00e9s NYOMTATOTT alkatr\u00e9szeket. Minden nyomtatott alkatr\u00e9szt szabv\u00e1nyos alkatr\u00e9szre cser\u00e9l\u00fcnk, \u00e9s nem j\u00e1r bev\u00e9tel harmadik f\u00e9lt\u0151l sz\u00e1rmaz\u00f3 tartoz\u00e9kokkal.<\/p>","protected":false},"featured_media":59443,"comment_status":"open","ping_status":"closed","template":"","meta":{"_acf_changed":false},"product_cat":[1384,1350,1357,372,364],"product_tag":[11220,13424,374,485,389,11373,13425,2803],"class_list":["product","first","instock","shipping-taxable","purchasable","product-type-simple"],"acf":[],"_links":{"self":[{"href":"https:\/\/mouldking.store\/hu\/wp-json\/wp\/v2\/product\/59444","targetHints":{"allow":["GET"]}}],"collection":[{"href":"https:\/\/mouldking.store\/hu\/wp-json\/wp\/v2\/product"}],"about":[{"href":"https:\/\/mouldking.store\/hu\/wp-json\/wp\/v2\/types\/product"}],"replies":[{"embeddable":true,"href":"https:\/\/mouldking.store\/hu\/wp-json\/wp\/v2\/comments?post=59444"}],"wp:featuredmedia":[{"embeddable":true,"href":"https:\/\/mouldking.store\/hu\/wp-json\/wp\/v2\/media\/59443"}],"wp:attachment":[{"href":"https:\/\/mouldking.store\/hu\/wp-json\/wp\/v2\/media?parent=59444"}],"wp:term":[{"taxonomy":"product_cat","embeddable":true,"href":"https:\/\/mouldking.store\/hu\/wp-json\/wp\/v2\/product_cat?post=59444"},{"taxonomy":"product_tag","embeddable":true,"href":"https:\/\/mouldking.store\/hu\/wp-json\/wp\/v2\/product_tag?post=59444"}],"curies":[{"name":"wp","href":"https:\/\/api.w.org\/{rel}","templated":true}]}}