{"id":59479,"date":"2024-06-07T18:01:11","date_gmt":"2024-06-07T11:01:11","guid":{"rendered":"https:\/\/mouldking.store\/shop\/mould-king-17058-mechanical-crane-with-997-pieces\/"},"modified":"2024-06-07T18:01:28","modified_gmt":"2024-06-07T11:01:28","slug":"mould-king-17058-mechanical-crane-with-997-pieces","status":"publish","type":"product","link":"https:\/\/mouldking.store\/hu\/shop\/mould-king-17058-mechanical-crane-with-997-pieces\/","title":{"rendered":"MOULD KING 17058 Mechanical Crane with 997 Pieces"},"content":{"rendered":"<div>\u2705MouldKing 17058 Mechanical Crane<\/p>\n<p>\u2705A mechanical crane is a machine designed to lift, lower, and move heavy objects horizontally. It is an essential piece of equipment in construction, manufacturing, and other industries that require the handling of large, heavy items.&nbsp;<\/p>\n<p>\ud83d\udeab FONTOS!<\/p>\n<p>Product Name: Mechanical Crane<\/p>\n<p>Kateg\u00f3ria: M\u0171szaki<\/p>\n<p>This Kit Contains: MouldKing 17058<\/p>\n<p>997 pcs Good Quality Bricks<\/p>\n<p>Size: 13.5 \u00d7 15.5 \u00d7 44.3 cm<\/p>\n<p>K\u00e9zi utas\u00edt\u00e1sok<\/p>\n<p>\ud83d\udcccA f\u0151szerepl\u0151 term\u00e9szete<\/p>\n<p>Introducing our proud collection named \u201cMechanical Crane\u201d you should not miss.<\/p>\n<p>Types of cranes include tower cranes for tall buildings, mobile cranes for various locations, overhead cranes for factories, loader cranes for vehicles, and gantry cranes for ground-level operation. Cranes operate on principles of mechanical advantage, stability, and load capacity, incorporating safety features like load moment indicators and emergency stop buttons. Proper training, regular inspections, and adherence to load limits are vital for safe crane operation, ensuring they effectively handle tasks like lifting construction materials, moving heavy machinery, loading cargo, and transporting mining products.<\/p><\/div>","protected":false},"excerpt":{"rendered":"<p>M\u00e1rka: MOLD KING<br \/>\nNem: Uniszex<br \/>\nKoroszt\u00e1ly: 8 \u00e9v felett<br \/>\nModel Number: 17058<br \/>\nBesorol\u00e1s: \u00d6sszeszerel\u00e9s<br \/>\nM\u0171anyag blokk forma: \u00f6nz\u00e1r\u00f3 t\u00e9gla<br \/>\nAnyaga: M\u0171anyag<br \/>\nM\u0171anyag t\u00edpus: ABS<br \/>\nBricks Blocks: 997 +<br \/>\nEredeti doboza nincs<br \/>\nA term\u00e9k nem tartalmaz MAtric\u00e1t \u00e9s NYOMTATOTT alkatr\u00e9szeket. Minden nyomtatott alkatr\u00e9szt szabv\u00e1nyos alkatr\u00e9szre cser\u00e9l\u00fcnk, \u00e9s nem j\u00e1r bev\u00e9tel harmadik f\u00e9lt\u0151l sz\u00e1rmaz\u00f3 tartoz\u00e9kokkal.<\/p>","protected":false},"featured_media":59478,"comment_status":"open","ping_status":"closed","template":"","meta":{"_acf_changed":false},"product_cat":[1357,364],"product_tag":[5205,7345,389],"class_list":["product","first","instock","shipping-taxable","purchasable","product-type-simple"],"acf":[],"_links":{"self":[{"href":"https:\/\/mouldking.store\/hu\/wp-json\/wp\/v2\/product\/59479","targetHints":{"allow":["GET"]}}],"collection":[{"href":"https:\/\/mouldking.store\/hu\/wp-json\/wp\/v2\/product"}],"about":[{"href":"https:\/\/mouldking.store\/hu\/wp-json\/wp\/v2\/types\/product"}],"replies":[{"embeddable":true,"href":"https:\/\/mouldking.store\/hu\/wp-json\/wp\/v2\/comments?post=59479"}],"wp:featuredmedia":[{"embeddable":true,"href":"https:\/\/mouldking.store\/hu\/wp-json\/wp\/v2\/media\/59478"}],"wp:attachment":[{"href":"https:\/\/mouldking.store\/hu\/wp-json\/wp\/v2\/media?parent=59479"}],"wp:term":[{"taxonomy":"product_cat","embeddable":true,"href":"https:\/\/mouldking.store\/hu\/wp-json\/wp\/v2\/product_cat?post=59479"},{"taxonomy":"product_tag","embeddable":true,"href":"https:\/\/mouldking.store\/hu\/wp-json\/wp\/v2\/product_tag?post=59479"}],"curies":[{"name":"wp","href":"https:\/\/api.w.org\/{rel}","templated":true}]}}