{"id":59492,"date":"2024-06-07T18:01:27","date_gmt":"2024-06-07T11:01:27","guid":{"rendered":"https:\/\/mouldking.store\/shop\/mould-king-13194-lamborghini-countach-with-motor-with-1384-pieces\/"},"modified":"2024-06-07T18:01:47","modified_gmt":"2024-06-07T11:01:47","slug":"mould-king-13194-lamborghini-countach-with-motor-with-1384-pieces","status":"publish","type":"product","link":"https:\/\/mouldking.store\/hu\/shop\/mould-king-13194-lamborghini-countach-with-motor-with-1384-pieces\/","title":{"rendered":"MOULD KING 13194 Lamborghini Countach With Motor with 1384 Pieces"},"content":{"rendered":"<div>\u2705MouldKing 13194 Lamborghini Countach With Motor<\/p>\n<p>\u2705The Lamborghini Countach is an iconic sports car that epitomizes the high-performance, avant-garde design of the Lamborghini brand. First produced in 1974 and continuing until 1990, the Countach is renowned for its futuristic, wedge-shaped design, scissor doors, and powerful V12 engine. The car&#8217;s striking aesthetics, characterized by sharp angles and aerodynamic lines, set a new standard for supercar design and influenced the automotive industry for decades.<\/p>\n<p>\ud83d\udeab FONTOS!<\/p>\n<p>Product Name: Lamborghini Countach With Motor<\/p>\n<p>Kateg\u00f3ria: M\u0171szaki<\/p>\n<p>This Kit Contains: MouldKing 13194<\/p>\n<p>1384 pcs Good Quality Bricks<\/p>\n<p>Size: 9.5 \u00d7 16.4 \u00d7 33.4 cm<\/p>\n<p>K\u00e9zi utas\u00edt\u00e1sok<\/p>\n<p>\ud83d\udcccA f\u0151szerepl\u0151 term\u00e9szete<\/p>\n<p>Introducing our proud collection named \u201cLamborghini Countach With Motor\u201d you should not miss.<\/p>\n<p>Underneath its bold exterior, the Countach featured advanced engineering for its time, including rear-wheel drive, a mid-engine layout for better weight distribution and handling, and a lightweight tubular space frame. Various iterations of the Countach were produced, each with incremental improvements in performance and styling, such as the LP400, LP500S, and the 25th Anniversary Edition, which celebrated Lamborghini&#8217;s 25 years in business.<\/p><\/div>","protected":false},"excerpt":{"rendered":"<p>M\u00e1rka: MOLD KING<br \/>\nNem: Uniszex<br \/>\nKoroszt\u00e1ly: 8 \u00e9v felett<br \/>\nModel Number: 13194<br \/>\nBesorol\u00e1s: \u00d6sszeszerel\u00e9s<br \/>\nM\u0171anyag blokk forma: \u00f6nz\u00e1r\u00f3 t\u00e9gla<br \/>\nAnyaga: M\u0171anyag<br \/>\nM\u0171anyag t\u00edpus: ABS<br \/>\nBricks Blocks: 1384 +<br \/>\nEredeti doboza nincs<br \/>\nA term\u00e9k nem tartalmaz MAtric\u00e1t \u00e9s NYOMTATOTT alkatr\u00e9szeket. Minden nyomtatott alkatr\u00e9szt szabv\u00e1nyos alkatr\u00e9szre cser\u00e9l\u00fcnk, \u00e9s nem j\u00e1r bev\u00e9tel harmadik f\u00e9lt\u0151l sz\u00e1rmaz\u00f3 tartoz\u00e9kokkal.<\/p>","protected":false},"featured_media":59491,"comment_status":"open","ping_status":"closed","template":"","meta":{"_acf_changed":false},"product_cat":[1357,364],"product_tag":[12112,596,389],"class_list":["product","first","instock","shipping-taxable","purchasable","product-type-simple"],"acf":[],"_links":{"self":[{"href":"https:\/\/mouldking.store\/hu\/wp-json\/wp\/v2\/product\/59492","targetHints":{"allow":["GET"]}}],"collection":[{"href":"https:\/\/mouldking.store\/hu\/wp-json\/wp\/v2\/product"}],"about":[{"href":"https:\/\/mouldking.store\/hu\/wp-json\/wp\/v2\/types\/product"}],"replies":[{"embeddable":true,"href":"https:\/\/mouldking.store\/hu\/wp-json\/wp\/v2\/comments?post=59492"}],"wp:featuredmedia":[{"embeddable":true,"href":"https:\/\/mouldking.store\/hu\/wp-json\/wp\/v2\/media\/59491"}],"wp:attachment":[{"href":"https:\/\/mouldking.store\/hu\/wp-json\/wp\/v2\/media?parent=59492"}],"wp:term":[{"taxonomy":"product_cat","embeddable":true,"href":"https:\/\/mouldking.store\/hu\/wp-json\/wp\/v2\/product_cat?post=59492"},{"taxonomy":"product_tag","embeddable":true,"href":"https:\/\/mouldking.store\/hu\/wp-json\/wp\/v2\/product_tag?post=59492"}],"curies":[{"name":"wp","href":"https:\/\/api.w.org\/{rel}","templated":true}]}}