{"id":59526,"date":"2024-06-07T18:08:29","date_gmt":"2024-06-07T11:08:29","guid":{"rendered":"https:\/\/mouldking.store\/shop\/pantasy-85014-sherlock-holmes-baker-street-221b-apartment-with-3087-pieces\/"},"modified":"2024-06-07T18:08:51","modified_gmt":"2024-06-07T11:08:51","slug":"pantasy-85014-sherlock-holmes-baker-street-221b-apartment-with-3087-pieces","status":"publish","type":"product","link":"https:\/\/mouldking.store\/hu\/shop\/pantasy-85014-sherlock-holmes-baker-street-221b-apartment-with-3087-pieces\/","title":{"rendered":"Pantasy 85014 Sherlock Holmes Baker Street 221B Apartment with 3087 Pieces"},"content":{"rendered":"<div>\u2705Pantasy 85014 Sherlock Holmes Baker Street 221B Apartment<\/p>\n<p>\u2705 Sherlock Holmes&#8217; apartment at 221B Baker Street is one of the most famous addresses in literary history, serving as the residence and office of the legendary detective created by Sir Arthur Conan Doyle. Situated in Victorian London, this fictional location is depicted as a modest yet cozy and cluttered flat where Holmes and his loyal friend Dr. John Watson live and work.&nbsp;<\/p>\n<p>\ud83d\udeab FONTOS!<\/p>\n<p>Product Name: Sherlock Holmes Baker Street 221B Apartment<\/p>\n<p>Kateg\u00f3ria: Modul\u00e1ris \u00e9p\u00fclet<\/p>\n<p>This Kit Contains: Pantasy 85014&nbsp;<\/p>\n<p>3087 pcs Good Quality Bricks<br \/>&nbsp;<br \/>Size: 19.3 \u00d7 25.6 \u00d7 42 cm<\/p>\n<p>K\u00e9zi utas\u00edt\u00e1sok<\/p>\n<p>\ud83d\udcccA f\u0151szerepl\u0151 term\u00e9szete<\/p>\n<p>Introducing our proud collection named \u201cSherlock Holmes Baker Street 221B Apartment\u201d you should not miss.<\/p>\n<p>221B Baker Street is not just a setting but a character in itself, embodying the essence of Victorian London and the intellectual atmosphere of Holmes&#8217; world. The address has become synonymous with detective fiction and is a pilgrimage site for fans. In reality, the Sherlock Holmes Museum is located at this address, providing a tangible connection to the fictional detective.<\/p><\/div>\n<div>The apartment&#8217;s detailed description and the vivid depiction of Holmes&#8217; life within its walls contribute significantly to the atmosphere of the stories. It is a place where many famous cases begin and end, filled with the evidence of Holmes&#8217; brilliant mind and Watson&#8217;s steadfast companionship.<\/div>","protected":false},"excerpt":{"rendered":"<p>M\u00e1rka: Pantasy<br \/>\nNem: Uniszex<br \/>\nKoroszt\u00e1ly: 8 \u00e9v felett<br \/>\nModel Number: 85014<br \/>\nBesorol\u00e1s: \u00d6sszeszerel\u00e9s<br \/>\nM\u0171anyag blokk forma: \u00f6nz\u00e1r\u00f3 t\u00e9gla<br \/>\nAnyaga: M\u0171anyag<br \/>\nM\u0171anyag t\u00edpus: ABS<br \/>\nBricks Blocks: 3087 +<br \/>\nEredeti doboza nincs<br \/>\nA term\u00e9k nem tartalmaz MAtric\u00e1t \u00e9s NYOMTATOTT alkatr\u00e9szeket. Minden nyomtatott alkatr\u00e9szt szabv\u00e1nyos alkatr\u00e9szre cser\u00e9l\u00fcnk, \u00e9s nem j\u00e1r bev\u00e9tel harmadik f\u00e9lt\u0151l sz\u00e1rmaz\u00f3 tartoz\u00e9kokkal.<\/p>","protected":false},"featured_media":59525,"comment_status":"open","ping_status":"closed","template":"","meta":{"_acf_changed":false},"product_cat":[1395,1502,390],"product_tag":[11155,13427,8594,4883,392,7472,3012],"class_list":["product","first","instock","shipping-taxable","purchasable","product-type-simple"],"acf":[],"_links":{"self":[{"href":"https:\/\/mouldking.store\/hu\/wp-json\/wp\/v2\/product\/59526","targetHints":{"allow":["GET"]}}],"collection":[{"href":"https:\/\/mouldking.store\/hu\/wp-json\/wp\/v2\/product"}],"about":[{"href":"https:\/\/mouldking.store\/hu\/wp-json\/wp\/v2\/types\/product"}],"replies":[{"embeddable":true,"href":"https:\/\/mouldking.store\/hu\/wp-json\/wp\/v2\/comments?post=59526"}],"wp:featuredmedia":[{"embeddable":true,"href":"https:\/\/mouldking.store\/hu\/wp-json\/wp\/v2\/media\/59525"}],"wp:attachment":[{"href":"https:\/\/mouldking.store\/hu\/wp-json\/wp\/v2\/media?parent=59526"}],"wp:term":[{"taxonomy":"product_cat","embeddable":true,"href":"https:\/\/mouldking.store\/hu\/wp-json\/wp\/v2\/product_cat?post=59526"},{"taxonomy":"product_tag","embeddable":true,"href":"https:\/\/mouldking.store\/hu\/wp-json\/wp\/v2\/product_tag?post=59526"}],"curies":[{"name":"wp","href":"https:\/\/api.w.org\/{rel}","templated":true}]}}