{"id":59590,"date":"2024-06-10T18:39:07","date_gmt":"2024-06-10T11:39:07","guid":{"rendered":"https:\/\/mouldking.store\/shop\/mould-king-27061-apollo-ie-mini-car-with-325-pieces\/"},"modified":"2024-06-10T18:39:14","modified_gmt":"2024-06-10T11:39:14","slug":"mould-king-27061-apollo-ie-mini-car-with-325-pieces","status":"publish","type":"product","link":"https:\/\/mouldking.store\/hu\/shop\/mould-king-27061-apollo-ie-mini-car-with-325-pieces\/","title":{"rendered":"MOULD KING 27061 Apollo IE Mini Car with 325 Pieces"},"content":{"rendered":"<div>\u2705Mould King 27061 Apollo IE Mini Car<\/p>\n<p>\u2705 The Apollo Intensa Emozione (IE) is anything but &#8220;mini&#8221; \u2013 it&#8217;s a hypercar that commands attention with its striking design and blistering performance. Crafted by Apollo Automobili, a boutique manufacturer known for pushing the boundaries of automotive engineering, the IE is a masterpiece of carbon fiber construction and aerodynamic precision.&nbsp;<\/p>\n<p>\ud83d\udeab FONTOS!<\/p>\n<p>Product Name: Apollo IE Mini Car<\/p>\n<p>Kateg\u00f3ria: M\u0171szaki<\/p>\n<p>This Kit Contains: Mould King 27061<\/p>\n<p>325&nbsp; pcs Good Quality Bricks<\/p>\n<p>Size: 17.8 \u00d7 8.2 \u00d7 4.8 cm<\/p>\n<p>K\u00e9zi utas\u00edt\u00e1sok<\/p>\n<p>\ud83d\udcccA f\u0151szerepl\u0151 term\u00e9szete<\/p>\n<p>Introducing our proud collection named \u201cApollo IE Mini Car\u201d you should not miss.<\/p>\n<p>Its aggressive stance and dramatic lines are complemented by a naturally aspirated V12 engine that produces over 780 horsepower, propelling the car from 0 to 60 mph in just 2.7 seconds. With a top speed exceeding 208 mph, the IE offers a visceral driving experience that few cars can match. Each IE is meticulously hand-built to the highest standards, with a focus on craftsmanship and attention to detail. Limited to a production run of only 10 units, the Apollo IE is a rare and exclusive hypercar that represents the pinnacle of automotive performance and artistry.<\/p><\/div>","protected":false},"excerpt":{"rendered":"<p>M\u00e1rka: MOLD KING<br \/>\nNem: Uniszex<br \/>\nKoroszt\u00e1ly: &gt; 6 \u00e9v<br \/>\nModel Number: 27061<br \/>\nBesorol\u00e1s: \u00d6sszeszerel\u00e9s<br \/>\nM\u0171anyag blokk forma: \u00f6nz\u00e1r\u00f3 t\u00e9gla<br \/>\nAnyaga: M\u0171anyag<br \/>\nM\u0171anyag t\u00edpus: ABS<br \/>\nBricks Blocks: 325 +<br \/>\nEredeti doboza nincs<br \/>\nA term\u00e9k nem tartalmaz MAtric\u00e1t \u00e9s NYOMTATOTT alkatr\u00e9szeket. Minden nyomtatott alkatr\u00e9szt szabv\u00e1nyos alkatr\u00e9szre cser\u00e9l\u00fcnk, \u00e9s nem j\u00e1r bev\u00e9tel harmadik f\u00e9lt\u0151l sz\u00e1rmaz\u00f3 tartoz\u00e9kokkal.<\/p>","protected":false},"featured_media":59589,"comment_status":"open","ping_status":"closed","template":"","meta":{"_acf_changed":false},"product_cat":[1360,1357,364,1875],"product_tag":[5173,457,389],"class_list":["product","first","instock","shipping-taxable","purchasable","product-type-simple"],"acf":[],"_links":{"self":[{"href":"https:\/\/mouldking.store\/hu\/wp-json\/wp\/v2\/product\/59590","targetHints":{"allow":["GET"]}}],"collection":[{"href":"https:\/\/mouldking.store\/hu\/wp-json\/wp\/v2\/product"}],"about":[{"href":"https:\/\/mouldking.store\/hu\/wp-json\/wp\/v2\/types\/product"}],"replies":[{"embeddable":true,"href":"https:\/\/mouldking.store\/hu\/wp-json\/wp\/v2\/comments?post=59590"}],"wp:featuredmedia":[{"embeddable":true,"href":"https:\/\/mouldking.store\/hu\/wp-json\/wp\/v2\/media\/59589"}],"wp:attachment":[{"href":"https:\/\/mouldking.store\/hu\/wp-json\/wp\/v2\/media?parent=59590"}],"wp:term":[{"taxonomy":"product_cat","embeddable":true,"href":"https:\/\/mouldking.store\/hu\/wp-json\/wp\/v2\/product_cat?post=59590"},{"taxonomy":"product_tag","embeddable":true,"href":"https:\/\/mouldking.store\/hu\/wp-json\/wp\/v2\/product_tag?post=59590"}],"curies":[{"name":"wp","href":"https:\/\/api.w.org\/{rel}","templated":true}]}}