{"id":59612,"date":"2024-06-10T18:40:32","date_gmt":"2024-06-10T11:40:32","guid":{"rendered":"https:\/\/mouldking.store\/shop\/create-with-passion-d2201-semi-mechanical-series-rocket-with-2166-pieces\/"},"modified":"2024-06-10T18:40:45","modified_gmt":"2024-06-10T11:40:45","slug":"create-with-passion-d2201-semi-mechanical-series-rocket-with-2166-pieces","status":"publish","type":"product","link":"https:\/\/mouldking.store\/hu\/shop\/create-with-passion-d2201-semi-mechanical-series-rocket-with-2166-pieces\/","title":{"rendered":"CREATE WITH PASSION D2201 Semi-Mechanical Series Rocket with 2166 Pieces"},"content":{"rendered":"<div>\u2705CREATE WITH PASSION D2201 Semi-Mechanical Series Rocket<\/p>\n<p>\u2705 A semi-mechanical series rocket combines aspects of both traditional chemical propulsion systems and mechanical components to achieve propulsion in space. &nbsp; Like traditional rockets, a semi-mechanical series rocket would likely use chemical propulsion for its primary thrust. This involves burning fuel and oxidizer in a combustion chamber to produce high-pressure exhaust gases that propel the rocket forward.&nbsp;<\/p>\n<p>\ud83d\udeab FONTOS!<\/p>\n<p>Product Name: Semi-Mechanical Series Rocket<\/p>\n<p>Kateg\u00f3ria: \u0170r<\/p>\n<p>This Kit Contains: CREATE WITH PASSION D2201&nbsp;<\/p>\n<p>2166 pcs Good Quality Bricks<\/p>\n<p>K\u00e9zi utas\u00edt\u00e1sok<\/p>\n<p>\ud83d\udcccA f\u0151szerepl\u0151 term\u00e9szete<\/p>\n<p>Introducing our proud collection named \u201cSemi-Mechanical Series Rocket\u201d you should not miss.<\/p>\n<p>&nbsp;Semi-mechanical series rockets could have a range of applications in space exploration, satellite deployment, and scientific missions. &nbsp; For example, they could be used for deploying and servicing satellites, assembling structures or habitats in space, or conducting experiments or observations that require precise positioning or manipulation. &nbsp; By combining the power of chemical propulsion with the versatility of mechanical systems, semi-mechanical series rockets could open up new possibilities for space exploration and utilization.&nbsp;<\/p><\/div>","protected":false},"excerpt":{"rendered":"<p>Brand: CREATE WITH PASSION<br \/>\nNem: Uniszex<br \/>\nKorhat\u00e1r: 14 \u00e9v felett<br \/>\nModel Number: D2201<br \/>\nBesorol\u00e1s: \u00d6sszeszerel\u00e9s<br \/>\nM\u0171anyag blokk forma: \u00f6nz\u00e1r\u00f3 t\u00e9gla<br \/>\nAnyaga: M\u0171anyag<br \/>\nM\u0171anyag t\u00edpus: ABS<br \/>\nBricks Blocks: 2166 +<br \/>\nEredeti doboza nincs<br \/>\nA term\u00e9k nem tartalmaz MAtric\u00e1t \u00e9s NYOMTATOTT alkatr\u00e9szeket. Minden nyomtatott alkatr\u00e9szt szabv\u00e1nyos alkatr\u00e9szre cser\u00e9l\u00fcnk, \u00e9s nem j\u00e1r bev\u00e9tel harmadik f\u00e9lt\u0151l sz\u00e1rmaz\u00f3 tartoz\u00e9kokkal.<\/p>","protected":false},"featured_media":59611,"comment_status":"open","ping_status":"closed","template":"","meta":{"_acf_changed":false},"product_cat":[1357,364],"product_tag":[7345,8162,13024,389],"class_list":["product","first","instock","shipping-taxable","purchasable","product-type-simple"],"acf":[],"_links":{"self":[{"href":"https:\/\/mouldking.store\/hu\/wp-json\/wp\/v2\/product\/59612","targetHints":{"allow":["GET"]}}],"collection":[{"href":"https:\/\/mouldking.store\/hu\/wp-json\/wp\/v2\/product"}],"about":[{"href":"https:\/\/mouldking.store\/hu\/wp-json\/wp\/v2\/types\/product"}],"replies":[{"embeddable":true,"href":"https:\/\/mouldking.store\/hu\/wp-json\/wp\/v2\/comments?post=59612"}],"wp:featuredmedia":[{"embeddable":true,"href":"https:\/\/mouldking.store\/hu\/wp-json\/wp\/v2\/media\/59611"}],"wp:attachment":[{"href":"https:\/\/mouldking.store\/hu\/wp-json\/wp\/v2\/media?parent=59612"}],"wp:term":[{"taxonomy":"product_cat","embeddable":true,"href":"https:\/\/mouldking.store\/hu\/wp-json\/wp\/v2\/product_cat?post=59612"},{"taxonomy":"product_tag","embeddable":true,"href":"https:\/\/mouldking.store\/hu\/wp-json\/wp\/v2\/product_tag?post=59612"}],"curies":[{"name":"wp","href":"https:\/\/api.w.org\/{rel}","templated":true}]}}