{"id":59625,"date":"2024-06-10T18:44:29","date_gmt":"2024-06-10T11:44:29","guid":{"rendered":"https:\/\/mouldking.store\/shop\/mould-king-12030-the-general-with-motor-with-977-pieces\/"},"modified":"2024-06-10T18:44:44","modified_gmt":"2024-06-10T11:44:44","slug":"mould-king-12030-the-general-with-motor-with-977-pieces","status":"publish","type":"product","link":"https:\/\/mouldking.store\/hu\/shop\/mould-king-12030-the-general-with-motor-with-977-pieces\/","title":{"rendered":"MOULD KING 12030 The General With Motor with 977 Pieces"},"content":{"rendered":"<div>\u2705MouldKing 12030 The General With Motor<\/p>\n<p>\u2705 &#8220;The General&#8221; is a famous locomotive engine with a rich history, particularly known for its role in the American Civil War.&nbsp; &#8220;The General&#8221; was a steam locomotive used in the Western &amp; Atlantic Railroad (W&amp;A) during the Civil War era. It gained fame during the Great Locomotive Chase of 1862, an event that occurred during the Civil War.&nbsp;<\/p>\n<p>\ud83d\udeab FONTOS!<\/p>\n<p>Product Name: The General With Motor<\/p>\n<p>Kateg\u00f3ria: M\u0171szaki<\/p>\n<p>This Kit Contains: MouldKing 12030<\/p>\n<p>977 pcs Good Quality Bricks<\/p>\n<p>Size: 36.2 \u00d7 6.5 \u00d7 9.6 cm<\/p>\n<p>K\u00e9zi utas\u00edt\u00e1sok<\/p>\n<p>\ud83d\udcccA f\u0151szerepl\u0151 term\u00e9szete<\/p>\n<p>Introducing our proud collection named \u201cThe General With Motor\u201d you should not miss.<\/p>\n<p>&nbsp;On April 12, 1862, Union spies, led by James J. Andrews, commandeered &#8220;The General&#8221; in an attempt to disrupt Confederate supply lines by destroying tracks and telegraph lines. The locomotive was pursued by a group of Confederate soldiers, including conductor William Fuller, who pursued it by foot, handcar, and eventually by commandeering another locomotive, &#8220;The Texas.&#8221; &nbsp; After a dramatic chase spanning miles of track, &#8220;The General&#8221; ran out of fuel and water, and Andrews and his men were captured. Most of the Union spies were executed, while some managed to escape or were later exchanged as prisoners of war. &nbsp; &#8220;The General&#8221; was eventually returned to service and continued to operate on the Western &amp; Atlantic Railroad until it was retired in 1891. It was later restored and preserved as a historic artifact, eventually becoming part of the collection at the Southern Museum of Civil War and Locomotive History in Kennesaw, Georgia.&nbsp;<\/p><\/div>","protected":false},"excerpt":{"rendered":"<p>M\u00e1rka: MOLD KING<br \/>\nNem: Uniszex<br \/>\nKorhat\u00e1r: 14 \u00e9v felett<br \/>\nModel Number: 12030<br \/>\nBesorol\u00e1s: \u00d6sszeszerel\u00e9s<br \/>\nM\u0171anyag blokk forma: \u00f6nz\u00e1r\u00f3 t\u00e9gla<br \/>\nAnyaga: M\u0171anyag<br \/>\nM\u0171anyag t\u00edpus: ABS<br \/>\nBricks Blocks: 977 +<br \/>\nEredeti doboza nincs<br \/>\nA term\u00e9k nem tartalmaz MAtric\u00e1t \u00e9s NYOMTATOTT alkatr\u00e9szeket. Minden nyomtatott alkatr\u00e9szt szabv\u00e1nyos alkatr\u00e9szre cser\u00e9l\u00fcnk, \u00e9s nem j\u00e1r bev\u00e9tel harmadik f\u00e9lt\u0151l sz\u00e1rmaz\u00f3 tartoz\u00e9kokkal.<\/p>","protected":false},"featured_media":59624,"comment_status":"open","ping_status":"closed","template":"","meta":{"_acf_changed":false},"product_cat":[1357,364],"product_tag":[11333,482,389,300],"class_list":["product","first","instock","shipping-taxable","purchasable","product-type-simple"],"acf":[],"_links":{"self":[{"href":"https:\/\/mouldking.store\/hu\/wp-json\/wp\/v2\/product\/59625","targetHints":{"allow":["GET"]}}],"collection":[{"href":"https:\/\/mouldking.store\/hu\/wp-json\/wp\/v2\/product"}],"about":[{"href":"https:\/\/mouldking.store\/hu\/wp-json\/wp\/v2\/types\/product"}],"replies":[{"embeddable":true,"href":"https:\/\/mouldking.store\/hu\/wp-json\/wp\/v2\/comments?post=59625"}],"wp:featuredmedia":[{"embeddable":true,"href":"https:\/\/mouldking.store\/hu\/wp-json\/wp\/v2\/media\/59624"}],"wp:attachment":[{"href":"https:\/\/mouldking.store\/hu\/wp-json\/wp\/v2\/media?parent=59625"}],"wp:term":[{"taxonomy":"product_cat","embeddable":true,"href":"https:\/\/mouldking.store\/hu\/wp-json\/wp\/v2\/product_cat?post=59625"},{"taxonomy":"product_tag","embeddable":true,"href":"https:\/\/mouldking.store\/hu\/wp-json\/wp\/v2\/product_tag?post=59625"}],"curies":[{"name":"wp","href":"https:\/\/api.w.org\/{rel}","templated":true}]}}