{"id":59634,"date":"2024-06-10T18:45:00","date_gmt":"2024-06-10T11:45:00","guid":{"rendered":"https:\/\/mouldking.store\/shop\/kalos-blocks-81001-chinese-traditional-tibetan-folk-houses-with-379-pieces\/"},"modified":"2024-06-10T18:46:02","modified_gmt":"2024-06-10T11:46:02","slug":"kalos-blocks-81001-chinese-traditional-tibetan-folk-houses-with-379-pieces","status":"publish","type":"product","link":"https:\/\/mouldking.store\/hu\/shop\/kalos-blocks-81001-chinese-traditional-tibetan-folk-houses-with-379-pieces\/","title":{"rendered":"KALOS BLOCKS 81001 Chinese Traditional Tibetan Folk Houses with 379 Pieces"},"content":{"rendered":"<div>\u2705Kalos 81001 Chinese Traditional Tibetan Folk Houses<\/p>\n<p>\u2705 Traditional Tibetan folk houses, known as &#8220;Tibetan vernacular architecture,&#8221; reflect the unique culture, climate, and geographical conditions of the Tibetan Plateau.&nbsp;<\/p>\n<p>\ud83d\udeab FONTOS!<\/p>\n<p>Product Name: Chinese Traditional Tibetan Folk Houses<\/p>\n<p>Category: Modular Buildings<\/p>\n<p>This Kit Contains: Kalos 81001&nbsp;<\/p>\n<p>379 pcs Good Quality Bricks<\/p>\n<p>Size: 13.6 \u00d7 12.8 \u00d7 10.9 cm<\/p>\n<p>K\u00e9zi utas\u00edt\u00e1sok<\/p>\n<p>\ud83d\udcccA f\u0151szerepl\u0151 term\u00e9szete<\/p>\n<p>Introducing our proud collection named \u201cChinese Traditional Tibetan Folk Houses\u201d you should not miss.<\/p>\n<p>&nbsp;Traditional Tibetan folk houses are not just structures; they are a manifestation of the Tibetan way of life, reflecting a deep connection to the land, the environment, and the spiritual beliefs of the Tibetan people. As symbols of resilience and cultural identity, these unique dwellings continue to inspire admiration and reverence around the world.&nbsp;<\/p><\/div>","protected":false},"excerpt":{"rendered":"<p>Brand: KALOS BLOCKS<br \/>\nNem: Uniszex<br \/>\nKoroszt\u00e1ly: &gt; 6 \u00e9v<br \/>\nModel Number: 81001<br \/>\nBesorol\u00e1s: \u00d6sszeszerel\u00e9s<br \/>\nM\u0171anyag blokk forma: \u00f6nz\u00e1r\u00f3 t\u00e9gla<br \/>\nAnyaga: M\u0171anyag<br \/>\nM\u0171anyag t\u00edpus: ABS<br \/>\nBricks Blocks: 379 +<br \/>\nEredeti doboza nincs<br \/>\nA term\u00e9k nem tartalmaz MAtric\u00e1t \u00e9s NYOMTATOTT alkatr\u00e9szeket. Minden nyomtatott alkatr\u00e9szt szabv\u00e1nyos alkatr\u00e9szre cser\u00e9l\u00fcnk, \u00e9s nem j\u00e1r bev\u00e9tel harmadik f\u00e9lt\u0151l sz\u00e1rmaz\u00f3 tartoz\u00e9kokkal.<\/p>","protected":false},"featured_media":59633,"comment_status":"open","ping_status":"closed","template":"","meta":{"_acf_changed":false},"product_cat":[1395,1502,390],"product_tag":[11244,6462,4883,13430,2318,5679,392,13431,11074],"class_list":["product","first","instock","shipping-taxable","purchasable","product-type-simple"],"acf":[],"_links":{"self":[{"href":"https:\/\/mouldking.store\/hu\/wp-json\/wp\/v2\/product\/59634","targetHints":{"allow":["GET"]}}],"collection":[{"href":"https:\/\/mouldking.store\/hu\/wp-json\/wp\/v2\/product"}],"about":[{"href":"https:\/\/mouldking.store\/hu\/wp-json\/wp\/v2\/types\/product"}],"replies":[{"embeddable":true,"href":"https:\/\/mouldking.store\/hu\/wp-json\/wp\/v2\/comments?post=59634"}],"wp:featuredmedia":[{"embeddable":true,"href":"https:\/\/mouldking.store\/hu\/wp-json\/wp\/v2\/media\/59633"}],"wp:attachment":[{"href":"https:\/\/mouldking.store\/hu\/wp-json\/wp\/v2\/media?parent=59634"}],"wp:term":[{"taxonomy":"product_cat","embeddable":true,"href":"https:\/\/mouldking.store\/hu\/wp-json\/wp\/v2\/product_cat?post=59634"},{"taxonomy":"product_tag","embeddable":true,"href":"https:\/\/mouldking.store\/hu\/wp-json\/wp\/v2\/product_tag?post=59634"}],"curies":[{"name":"wp","href":"https:\/\/api.w.org\/{rel}","templated":true}]}}