{"id":59637,"date":"2024-06-10T18:46:29","date_gmt":"2024-06-10T11:46:29","guid":{"rendered":"https:\/\/mouldking.store\/shop\/kalos-blocks-81002-chinese-traditional-buyi-dwellings-with-394-pieces\/"},"modified":"2024-06-10T18:46:32","modified_gmt":"2024-06-10T11:46:32","slug":"kalos-blocks-81002-chinese-traditional-buyi-dwellings-with-394-pieces","status":"publish","type":"product","link":"https:\/\/mouldking.store\/hu\/shop\/kalos-blocks-81002-chinese-traditional-buyi-dwellings-with-394-pieces\/","title":{"rendered":"KALOS BLOCKS 81002 Chinese Traditional Buyi Dwellings with 394 Pieces"},"content":{"rendered":"<div>\u2705Kalos 81002 Chinese Traditional Buyi Dwellings&nbsp;<\/p>\n<p>\u2705 The traditional dwellings of the Buyi people, an ethnic minority group in China, are a fascinating reflection of their rich cultural heritage and unique way of life.&nbsp;<\/p>\n<p>\ud83d\udeab FONTOS!<\/p>\n<p>Product Name: Chinese Traditional Buyi Dwellings&nbsp;<\/p>\n<p>Category: Modular Buildings<\/p>\n<p>This Kit Contains: Kalos 81002<\/p>\n<p>394 pcs Good Quality Bricks<\/p>\n<p>Size: 13.6 \u00d7 13.4 \u00d7 9 cm<\/p>\n<p>K\u00e9zi utas\u00edt\u00e1sok<\/p>\n<p>\ud83d\udcccA f\u0151szerepl\u0151 term\u00e9szete<\/p>\n<p>Introducing our proud collection named \u201cChinese Traditional Buyi Dwellings \u201d you should not miss.<\/p>\n<p>&nbsp;The traditional dwellings of the Buyi people are not just structures; they are a tangible expression of the Buyi&#8217;s cultural identity, values, and way of life. As symbols of resilience and cultural heritage, these unique dwellings continue to inspire admiration and reverence, serving as a reminder of the rich diversity of China&#8217;s ethnic minority groups.&nbsp;<\/p><\/div>","protected":false},"excerpt":{"rendered":"<p>Brand: KALOS BLOCKS<br \/>\nNem: Uniszex<br \/>\nKoroszt\u00e1ly: &gt; 6 \u00e9v<br \/>\nModel Number: 81002<br \/>\nBesorol\u00e1s: \u00d6sszeszerel\u00e9s<br \/>\nM\u0171anyag blokk forma: \u00f6nz\u00e1r\u00f3 t\u00e9gla<br \/>\nAnyaga: M\u0171anyag<br \/>\nM\u0171anyag t\u00edpus: ABS<br \/>\nBricks Blocks: 394 +<br \/>\nEredeti doboza nincs<br \/>\nA term\u00e9k nem tartalmaz MAtric\u00e1t \u00e9s NYOMTATOTT alkatr\u00e9szeket. Minden nyomtatott alkatr\u00e9szt szabv\u00e1nyos alkatr\u00e9szre cser\u00e9l\u00fcnk, \u00e9s nem j\u00e1r bev\u00e9tel harmadik f\u00e9lt\u0151l sz\u00e1rmaz\u00f3 tartoz\u00e9kokkal.<\/p>","protected":false},"featured_media":59636,"comment_status":"open","ping_status":"closed","template":"","meta":{"_acf_changed":false},"product_cat":[1395,1502,390],"product_tag":[11244,6462,4883,5679,1015,13431,11074],"class_list":["product","first","instock","shipping-taxable","purchasable","product-type-simple"],"acf":[],"_links":{"self":[{"href":"https:\/\/mouldking.store\/hu\/wp-json\/wp\/v2\/product\/59637","targetHints":{"allow":["GET"]}}],"collection":[{"href":"https:\/\/mouldking.store\/hu\/wp-json\/wp\/v2\/product"}],"about":[{"href":"https:\/\/mouldking.store\/hu\/wp-json\/wp\/v2\/types\/product"}],"replies":[{"embeddable":true,"href":"https:\/\/mouldking.store\/hu\/wp-json\/wp\/v2\/comments?post=59637"}],"wp:featuredmedia":[{"embeddable":true,"href":"https:\/\/mouldking.store\/hu\/wp-json\/wp\/v2\/media\/59636"}],"wp:attachment":[{"href":"https:\/\/mouldking.store\/hu\/wp-json\/wp\/v2\/media?parent=59637"}],"wp:term":[{"taxonomy":"product_cat","embeddable":true,"href":"https:\/\/mouldking.store\/hu\/wp-json\/wp\/v2\/product_cat?post=59637"},{"taxonomy":"product_tag","embeddable":true,"href":"https:\/\/mouldking.store\/hu\/wp-json\/wp\/v2\/product_tag?post=59637"}],"curies":[{"name":"wp","href":"https:\/\/api.w.org\/{rel}","templated":true}]}}