{"id":59643,"date":"2024-06-10T18:46:41","date_gmt":"2024-06-10T11:46:41","guid":{"rendered":"https:\/\/mouldking.store\/shop\/kalos-blocks-81003-chinese-traditional-dai-folk-houses-with-392-pieces\/"},"modified":"2024-06-10T18:46:44","modified_gmt":"2024-06-10T11:46:44","slug":"kalos-blocks-81003-chinese-traditional-dai-folk-houses-with-392-pieces","status":"publish","type":"product","link":"https:\/\/mouldking.store\/hu\/shop\/kalos-blocks-81003-chinese-traditional-dai-folk-houses-with-392-pieces\/","title":{"rendered":"KALOS BLOCKS 81003 Chinese Traditional Dai Folk Houses with 392 Pieces"},"content":{"rendered":"<div>\u2705Kalos 81003 Chinese Traditional Dai Folk Houses<\/p>\n<p>\u2705 The traditional dwellings of the Dai people, an ethnic group mainly residing in the tropical regions of southwestern China, particularly in Yunnan province, reflect their unique cultural heritage and environmental adaptation.&nbsp;<\/p>\n<p>\ud83d\udeab FONTOS!<\/p>\n<p>Product Name: Chinese Traditional Dai Folk Houses<\/p>\n<p>Category: Modular Buildings<\/p><\/div>\n<div>This Kit Contains: Kalos 81003<\/p>\n<p>392 pcs Good Quality Bricks<\/p>\n<p>Size: 14.4 \u00d7 13.1 \u00d7 10.9 cm<\/p>\n<p>K\u00e9zi utas\u00edt\u00e1sok<\/p>\n<p>\ud83d\udcccA f\u0151szerepl\u0151 term\u00e9szete<\/p>\n<p>Introducing our proud collection named \u201cChinese Traditional Dai Folk Houses\u201d you should not miss.<\/p>\n<p>The traditional dwellings of the Dai people are not just structures; they are a tangible expression of the Dai&#8217;s cultural identity, values, and way of life. As symbols of resilience and cultural heritage, these unique dwellings continue to inspire admiration and reverence, serving as a reminder of the rich diversity of China&#8217;s ethnic minority groups.<\/p><\/div>","protected":false},"excerpt":{"rendered":"<p>Brand: KALOS BLOCKS<br \/>\nNem: Uniszex<br \/>\nKoroszt\u00e1ly: &gt; 6 \u00e9v<br \/>\nModel Number: 81003<br \/>\nBesorol\u00e1s: \u00d6sszeszerel\u00e9s<br \/>\nM\u0171anyag blokk forma: \u00f6nz\u00e1r\u00f3 t\u00e9gla<br \/>\nAnyaga: M\u0171anyag<br \/>\nM\u0171anyag t\u00edpus: ABS<br \/>\nBricks Blocks: 392 +<br \/>\nEredeti doboza nincs<br \/>\nA term\u00e9k nem tartalmaz MAtric\u00e1t \u00e9s NYOMTATOTT alkatr\u00e9szeket. Minden nyomtatott alkatr\u00e9szt szabv\u00e1nyos alkatr\u00e9szre cser\u00e9l\u00fcnk, \u00e9s nem j\u00e1r bev\u00e9tel harmadik f\u00e9lt\u0151l sz\u00e1rmaz\u00f3 tartoz\u00e9kokkal.<\/p>","protected":false},"author":83,"featured_media":59642,"comment_status":"open","ping_status":"closed","template":"","meta":{"_acf_changed":false},"product_cat":[1395,1502,390],"product_tag":[11244,6462,4883,2318,5679,392,13431,11074],"class_list":["product","first","instock","shipping-taxable","purchasable","product-type-simple"],"acf":[],"_links":{"self":[{"href":"https:\/\/mouldking.store\/hu\/wp-json\/wp\/v2\/product\/59643","targetHints":{"allow":["GET"]}}],"collection":[{"href":"https:\/\/mouldking.store\/hu\/wp-json\/wp\/v2\/product"}],"about":[{"href":"https:\/\/mouldking.store\/hu\/wp-json\/wp\/v2\/types\/product"}],"author":[{"embeddable":true,"href":"https:\/\/mouldking.store\/hu\/wp-json\/wp\/v2\/users\/83"}],"replies":[{"embeddable":true,"href":"https:\/\/mouldking.store\/hu\/wp-json\/wp\/v2\/comments?post=59643"}],"wp:featuredmedia":[{"embeddable":true,"href":"https:\/\/mouldking.store\/hu\/wp-json\/wp\/v2\/media\/59642"}],"wp:attachment":[{"href":"https:\/\/mouldking.store\/hu\/wp-json\/wp\/v2\/media?parent=59643"}],"wp:term":[{"taxonomy":"product_cat","embeddable":true,"href":"https:\/\/mouldking.store\/hu\/wp-json\/wp\/v2\/product_cat?post=59643"},{"taxonomy":"product_tag","embeddable":true,"href":"https:\/\/mouldking.store\/hu\/wp-json\/wp\/v2\/product_tag?post=59643"}],"curies":[{"name":"wp","href":"https:\/\/api.w.org\/{rel}","templated":true}]}}