{"id":59678,"date":"2024-06-11T18:22:50","date_gmt":"2024-06-11T11:22:50","guid":{"rendered":"https:\/\/mouldking.store\/shop\/baka-33203-rosary-abbey-with-2960-pieces\/"},"modified":"2024-06-11T18:22:53","modified_gmt":"2024-06-11T11:22:53","slug":"baka-33203-rosary-abbey-with-2960-pieces","status":"publish","type":"product","link":"https:\/\/mouldking.store\/hu\/shop\/baka-33203-rosary-abbey-with-2960-pieces\/","title":{"rendered":"BAKA 33203 Rosary Abbey with 2960 Pieces"},"content":{"rendered":"<div>\u2705BAKA 33203 Rosary Abbey<\/p>\n<p>\u2705 Rosary Abbey is a term that typically refers to a monastery or convent associated with the Roman Catholic Church where members of religious orders, such as the Dominicans or the Order of Preachers, reside and follow a monastic lifestyle centered around prayer, study, and communal living. The name &#8220;Rosary Abbey&#8221; likely emphasizes the importance of the rosary, a traditional Catholic devotion consisting of prayers and meditations on the life of Jesus Christ and the Virgin Mary.&nbsp;<\/p>\n<p>\ud83d\udeab FONTOS!<\/p>\n<p>Product Name: Rosary Abbey<\/p>\n<p>Category: Modular Buildings<\/p>\n<p>This Kit Contains: BAKA 33203<\/p>\n<p>2960 pcs Good Quality Bricks<\/p>\n<p>K\u00e9zi utas\u00edt\u00e1sok<\/p>\n<p>\ud83d\udcccA f\u0151szerepl\u0151 term\u00e9szete<\/p>\n<p>Introducing our proud collection named \u201cRosary Abbey\u201d you should not miss.<\/p>\n<p>&nbsp;The term &#8220;Rosary Abbey&#8221; may be used metaphorically or poetically to describe any monastery or convent where the rosary is cherished and promoted as a means of spiritual growth and devotion. However, there may be specific monastic communities or religious institutions formally known as &#8220;Rosary Abbey&#8221; or similar names that have a historical or cultural significance within the Catholic Church. &nbsp; Rosary Abbey represents a sacred space where individuals can deepen their relationship with God through prayer, contemplation, and community life. The rosary, with its focus on the life, death, and resurrection of Jesus Christ and the intercession of the Blessed Virgin Mary, serves as a powerful tool for meditation, spiritual growth, and union with God.&nbsp;<\/p><\/div>","protected":false},"excerpt":{"rendered":"<p>Brand: BAKA<br \/>\nNem: Uniszex<br \/>\nKoroszt\u00e1ly: &gt; 6 \u00e9v<br \/>\nModel Number: 33203<br \/>\nBesorol\u00e1s: \u00d6sszeszerel\u00e9s<br \/>\nM\u0171anyag blokk forma: \u00f6nz\u00e1r\u00f3 t\u00e9gla<br \/>\nAnyaga: M\u0171anyag<br \/>\nM\u0171anyag t\u00edpus: ABS<br \/>\nBricks Blocks: 2960 +<br \/>\nEredeti doboza nincs<br \/>\nA term\u00e9k nem tartalmaz MAtric\u00e1t \u00e9s NYOMTATOTT alkatr\u00e9szeket. Minden nyomtatott alkatr\u00e9szt szabv\u00e1nyos alkatr\u00e9szre cser\u00e9l\u00fcnk, \u00e9s nem j\u00e1r bev\u00e9tel harmadik f\u00e9lt\u0151l sz\u00e1rmaz\u00f3 tartoz\u00e9kokkal.<br \/>\nEl\u0151v\u00e9tel<\/p>","protected":false},"featured_media":59677,"comment_status":"open","ping_status":"closed","template":"","meta":{"_acf_changed":false},"product_cat":[1395,1502,390],"product_tag":[13436,11244,4883,12522,5679,392,13435],"class_list":["product","first","instock","shipping-taxable","purchasable","product-type-simple"],"acf":[],"_links":{"self":[{"href":"https:\/\/mouldking.store\/hu\/wp-json\/wp\/v2\/product\/59678","targetHints":{"allow":["GET"]}}],"collection":[{"href":"https:\/\/mouldking.store\/hu\/wp-json\/wp\/v2\/product"}],"about":[{"href":"https:\/\/mouldking.store\/hu\/wp-json\/wp\/v2\/types\/product"}],"replies":[{"embeddable":true,"href":"https:\/\/mouldking.store\/hu\/wp-json\/wp\/v2\/comments?post=59678"}],"wp:featuredmedia":[{"embeddable":true,"href":"https:\/\/mouldking.store\/hu\/wp-json\/wp\/v2\/media\/59677"}],"wp:attachment":[{"href":"https:\/\/mouldking.store\/hu\/wp-json\/wp\/v2\/media?parent=59678"}],"wp:term":[{"taxonomy":"product_cat","embeddable":true,"href":"https:\/\/mouldking.store\/hu\/wp-json\/wp\/v2\/product_cat?post=59678"},{"taxonomy":"product_tag","embeddable":true,"href":"https:\/\/mouldking.store\/hu\/wp-json\/wp\/v2\/product_tag?post=59678"}],"curies":[{"name":"wp","href":"https:\/\/api.w.org\/{rel}","templated":true}]}}