{"id":59694,"date":"2024-06-11T18:28:08","date_gmt":"2024-06-11T11:28:08","guid":{"rendered":"https:\/\/mouldking.store\/shop\/baka-33204-strawberry-ice-workshop-with-3945-pieces\/"},"modified":"2024-06-11T18:28:12","modified_gmt":"2024-06-11T11:28:12","slug":"baka-33204-strawberry-ice-workshop-with-3945-pieces","status":"publish","type":"product","link":"https:\/\/mouldking.store\/hu\/shop\/baka-33204-strawberry-ice-workshop-with-3945-pieces\/","title":{"rendered":"BAKA 33204 Strawberry Ice Workshop with 3945 Pieces"},"content":{"rendered":"<div>\u2705BAKA 33204 Strawberry Ice Workshop<\/p>\n<p>\u2705 This could be a fun and tasty activity where participants learn how to make strawberry ice cream from scratch. In such a workshop, attendees might get hands-on experience with mixing ingredients, operating ice cream machines, and experimenting with flavors and toppings. It could be a great way to enjoy a sweet treat while learning new culinary skills.&nbsp;<\/p>\n<p>\ud83d\udeab FONTOS!<\/p>\n<p>Name: Strawberry Ice Workshop<\/p>\n<p>Category: Modular Buildings<\/p>\n<p>This Kit Contains: BAKA 33204&nbsp;<\/p>\n<p>3945 pcs Good Quality Bricks<\/p>\n<p>K\u00e9zi utas\u00edt\u00e1sok<\/p>\n<p>\ud83d\udcccA f\u0151szerepl\u0151 term\u00e9szete<\/p>\n<p>Introducing our proud collection named \u201cStrawberry Ice Workshop\u201d you should not miss.<\/p>\n<p>&nbsp;&#8220;Strawberry Ice Workshop&#8221; could involve the art of ice sculpting, specifically focusing on creating sculptures inspired by strawberries or other fruit. Participants would learn carving techniques, handling tools, and shaping ice into intricate designs. It could be a unique and visually stunning activity suitable for artists, aspiring sculptors, or anyone interested in exploring the world of ice art.&nbsp;<\/p><\/div>","protected":false},"excerpt":{"rendered":"<p>Brand: BAKA<br \/>\nNem: Uniszex<br \/>\nKoroszt\u00e1ly: &gt; 6 \u00e9v<br \/>\nModel Number: 33204<br \/>\nBesorol\u00e1s: \u00d6sszeszerel\u00e9s<br \/>\nM\u0171anyag blokk forma: \u00f6nz\u00e1r\u00f3 t\u00e9gla<br \/>\nAnyaga: M\u0171anyag<br \/>\nM\u0171anyag t\u00edpus: ABS<br \/>\nBricks Blocks: 3945 +<br \/>\nEredeti doboza nincs<br \/>\nA term\u00e9k nem tartalmaz MAtric\u00e1t \u00e9s NYOMTATOTT alkatr\u00e9szeket. Minden nyomtatott alkatr\u00e9szt szabv\u00e1nyos alkatr\u00e9szre cser\u00e9l\u00fcnk, \u00e9s nem j\u00e1r bev\u00e9tel harmadik f\u00e9lt\u0151l sz\u00e1rmaz\u00f3 tartoz\u00e9kokkal.<br \/>\nEl\u0151v\u00e9tel<\/p>","protected":false},"featured_media":59693,"comment_status":"open","ping_status":"closed","template":"","meta":{"_acf_changed":false},"product_cat":[1365,1395,1502,390],"product_tag":[11244,4883,8452,13439,13254,12522,5679,11707],"class_list":["product","first","instock","shipping-taxable","purchasable","product-type-simple"],"acf":[],"_links":{"self":[{"href":"https:\/\/mouldking.store\/hu\/wp-json\/wp\/v2\/product\/59694","targetHints":{"allow":["GET"]}}],"collection":[{"href":"https:\/\/mouldking.store\/hu\/wp-json\/wp\/v2\/product"}],"about":[{"href":"https:\/\/mouldking.store\/hu\/wp-json\/wp\/v2\/types\/product"}],"replies":[{"embeddable":true,"href":"https:\/\/mouldking.store\/hu\/wp-json\/wp\/v2\/comments?post=59694"}],"wp:featuredmedia":[{"embeddable":true,"href":"https:\/\/mouldking.store\/hu\/wp-json\/wp\/v2\/media\/59693"}],"wp:attachment":[{"href":"https:\/\/mouldking.store\/hu\/wp-json\/wp\/v2\/media?parent=59694"}],"wp:term":[{"taxonomy":"product_cat","embeddable":true,"href":"https:\/\/mouldking.store\/hu\/wp-json\/wp\/v2\/product_cat?post=59694"},{"taxonomy":"product_tag","embeddable":true,"href":"https:\/\/mouldking.store\/hu\/wp-json\/wp\/v2\/product_tag?post=59694"}],"curies":[{"name":"wp","href":"https:\/\/api.w.org\/{rel}","templated":true}]}}