{"id":59717,"date":"2024-06-11T18:29:57","date_gmt":"2024-06-11T11:29:57","guid":{"rendered":"https:\/\/mouldking.store\/shop\/j-arer-dme001-starry-night-with-1731-pieces\/"},"modified":"2024-06-11T18:30:55","modified_gmt":"2024-06-11T11:30:55","slug":"j-arer-dme001-starry-night-with-1731-pieces","status":"publish","type":"product","link":"https:\/\/mouldking.store\/hu\/shop\/j-arer-dme001-starry-night-with-1731-pieces\/","title":{"rendered":"J-ARER DME001 Starry Night with 1731 Pieces"},"content":{"rendered":"<div>\u2705J-ARER DME001 Starry Night<\/p>\n<p>\u2705 &#8220;Starry Night&#8221; refers to one of Vincent van Gogh&#8217;s most famous and iconic paintings, created in 1889 during his stay at the Saint-Paul-de-Mausole asylum in Saint-R\u00e9my-de-Provence, France.&nbsp;<\/p>\n<p>\ud83d\udeab FONTOS!<\/p>\n<p>Product Name: Starry Night<\/p>\n<p>Kateg\u00f3ria: Film<\/p>\n<p>This Kit Contains: J-ARER DME001<\/p>\n<p>1731 pcs Good Quality Bricks<\/p>\n<p>Size: 26 \u00d7 18 \u00d7 6 cm<\/p>\n<p>K\u00e9zi utas\u00edt\u00e1sok<\/p>\n<p>\ud83d\udcccA f\u0151szerepl\u0151 term\u00e9szete<\/p>\n<p>Introducing our proud collection named \u201cStarry Night\u201d you should not miss.<\/p>\n<p>&nbsp;&#8220;Starry Night&#8221; is a masterpiece of modern art that continues to fascinate and inspire viewers with its evocative imagery, emotional depth, and timeless beauty. Van Gogh&#8217;s bold use of color and expressive brushwork capture the imagination and invite contemplation of the mysteries of the universe and the human spirit.&nbsp;<\/p><\/div>","protected":false},"excerpt":{"rendered":"<p>Brand: J-ARER<br \/>\nNem: Uniszex<br \/>\nKoroszt\u00e1ly: &gt; 6 \u00e9v<br \/>\nModel Number: DME001<br \/>\nBesorol\u00e1s: \u00d6sszeszerel\u00e9s<br \/>\nM\u0171anyag blokk forma: \u00f6nz\u00e1r\u00f3 t\u00e9gla<br \/>\nAnyaga: M\u0171anyag<br \/>\nM\u0171anyag t\u00edpus: ABS<br \/>\nBricks Blocks: 1731 +<br \/>\nEredeti doboza nincs<br \/>\nA term\u00e9k nem tartalmaz MAtric\u00e1t \u00e9s NYOMTATOTT alkatr\u00e9szeket. Minden nyomtatott alkatr\u00e9szt szabv\u00e1nyos alkatr\u00e9szre cser\u00e9l\u00fcnk, \u00e9s nem j\u00e1r bev\u00e9tel harmadik f\u00e9lt\u0151l sz\u00e1rmaz\u00f3 tartoz\u00e9kokkal.<\/p>","protected":false},"featured_media":59716,"comment_status":"open","ping_status":"closed","template":"","meta":{"_acf_changed":false},"product_cat":[1365,371,581,1408],"product_tag":[11072,8452,434,12938],"class_list":["product","first","instock","shipping-taxable","purchasable","product-type-simple"],"acf":[],"_links":{"self":[{"href":"https:\/\/mouldking.store\/hu\/wp-json\/wp\/v2\/product\/59717","targetHints":{"allow":["GET"]}}],"collection":[{"href":"https:\/\/mouldking.store\/hu\/wp-json\/wp\/v2\/product"}],"about":[{"href":"https:\/\/mouldking.store\/hu\/wp-json\/wp\/v2\/types\/product"}],"replies":[{"embeddable":true,"href":"https:\/\/mouldking.store\/hu\/wp-json\/wp\/v2\/comments?post=59717"}],"wp:featuredmedia":[{"embeddable":true,"href":"https:\/\/mouldking.store\/hu\/wp-json\/wp\/v2\/media\/59716"}],"wp:attachment":[{"href":"https:\/\/mouldking.store\/hu\/wp-json\/wp\/v2\/media?parent=59717"}],"wp:term":[{"taxonomy":"product_cat","embeddable":true,"href":"https:\/\/mouldking.store\/hu\/wp-json\/wp\/v2\/product_cat?post=59717"},{"taxonomy":"product_tag","embeddable":true,"href":"https:\/\/mouldking.store\/hu\/wp-json\/wp\/v2\/product_tag?post=59717"}],"curies":[{"name":"wp","href":"https:\/\/api.w.org\/{rel}","templated":true}]}}