{"id":59736,"date":"2024-06-11T18:31:51","date_gmt":"2024-06-11T11:31:51","guid":{"rendered":"https:\/\/mouldking.store\/shop\/baka-33210-halloween-psalm-castle-with-8510-pieces\/"},"modified":"2024-06-11T18:31:54","modified_gmt":"2024-06-11T11:31:54","slug":"baka-33210-halloween-psalm-castle-with-8510-pieces","status":"publish","type":"product","link":"https:\/\/mouldking.store\/hu\/shop\/baka-33210-halloween-psalm-castle-with-8510-pieces\/","title":{"rendered":"BAKA 33210 Halloween Psalm Castle with 8510 Pieces"},"content":{"rendered":"<div>\u2705BAKA 33210 Halloween Psalm Castle<\/p>\n<p>\u2705 The centerpiece of the Halloween Psalm Castle is, of course, the castle itself\u2014an ancient and imposing structure perched atop a mist-shrouded hill. The castle&#8217;s dark stone walls, looming towers, and gothic architecture create an atmosphere of eerie grandeur.&nbsp;<\/p>\n<p>\ud83d\udeab FONTOS!<\/p>\n<p>Product Name: Halloween Psalm Castle<\/p>\n<p>Category: Modular Buildings<\/p>\n<p>This Kit Contains: BAKA 33210&nbsp;<\/p>\n<p>8510 pcs Good Quality Bricks<\/p>\n<p>K\u00e9zi utas\u00edt\u00e1sok<\/p>\n<p>\ud83d\udcccA f\u0151szerepl\u0151 term\u00e9szete<\/p>\n<p>Introducing our proud collection named \u201cHalloween Psalm Castle\u201d you should not miss.<\/p>\n<p>&nbsp;Halloween Psalm Castle is a place where the magic of Halloween meets the allure of ancient castles and the mysteries of the supernatural. It is a place of celebration, enchantment, and adventure, where visitors can immerse themselves in the spirit of the season while exploring the dark and haunted corridors of a castle steeped in history and legend.&nbsp;<\/p><\/div>","protected":false},"excerpt":{"rendered":"<p>Brand: BAKA<br \/>\nNem: Uniszex<br \/>\nKoroszt\u00e1ly: &gt; 6 \u00e9v<br \/>\nModel Number: 33210<br \/>\nBesorol\u00e1s: \u00d6sszeszerel\u00e9s<br \/>\nM\u0171anyag blokk forma: \u00f6nz\u00e1r\u00f3 t\u00e9gla<br \/>\nAnyaga: M\u0171anyag<br \/>\nM\u0171anyag t\u00edpus: ABS<br \/>\nBricks Blocks: 8510 +<br \/>\nEredeti doboza nincs<br \/>\nA term\u00e9k nem tartalmaz MAtric\u00e1t \u00e9s NYOMTATOTT alkatr\u00e9szeket. Minden nyomtatott alkatr\u00e9szt szabv\u00e1nyos alkatr\u00e9szre cser\u00e9l\u00fcnk, \u00e9s nem j\u00e1r bev\u00e9tel harmadik f\u00e9lt\u0151l sz\u00e1rmaz\u00f3 tartoz\u00e9kokkal.<\/p>","protected":false},"featured_media":59735,"comment_status":"open","ping_status":"closed","template":"","meta":{"_acf_changed":false},"product_cat":[1365,1395,390],"product_tag":[11244,787,8452,2859,12522,5679,392,13447],"class_list":["product","first","instock","shipping-taxable","purchasable","product-type-simple"],"acf":[],"_links":{"self":[{"href":"https:\/\/mouldking.store\/hu\/wp-json\/wp\/v2\/product\/59736","targetHints":{"allow":["GET"]}}],"collection":[{"href":"https:\/\/mouldking.store\/hu\/wp-json\/wp\/v2\/product"}],"about":[{"href":"https:\/\/mouldking.store\/hu\/wp-json\/wp\/v2\/types\/product"}],"replies":[{"embeddable":true,"href":"https:\/\/mouldking.store\/hu\/wp-json\/wp\/v2\/comments?post=59736"}],"wp:featuredmedia":[{"embeddable":true,"href":"https:\/\/mouldking.store\/hu\/wp-json\/wp\/v2\/media\/59735"}],"wp:attachment":[{"href":"https:\/\/mouldking.store\/hu\/wp-json\/wp\/v2\/media?parent=59736"}],"wp:term":[{"taxonomy":"product_cat","embeddable":true,"href":"https:\/\/mouldking.store\/hu\/wp-json\/wp\/v2\/product_cat?post=59736"},{"taxonomy":"product_tag","embeddable":true,"href":"https:\/\/mouldking.store\/hu\/wp-json\/wp\/v2\/product_tag?post=59736"}],"curies":[{"name":"wp","href":"https:\/\/api.w.org\/{rel}","templated":true}]}}