{"id":59739,"date":"2024-06-11T18:32:08","date_gmt":"2024-06-11T11:32:08","guid":{"rendered":"https:\/\/mouldking.store\/shop\/j-arer-dmd001-balloon-house-with-1249-pieces\/"},"modified":"2024-06-11T18:32:20","modified_gmt":"2024-06-11T11:32:20","slug":"j-arer-dmd001-balloon-house-with-1249-pieces","status":"publish","type":"product","link":"https:\/\/mouldking.store\/hu\/shop\/j-arer-dmd001-balloon-house-with-1249-pieces\/","title":{"rendered":"J-ARER DMD001 Balloon House with 1249 Pieces"},"content":{"rendered":"<div>\u2705J-ARER DMD001 Balloon House<\/p>\n<p>\u2705 The &#8220;Balloon House&#8221; conjures up a whimsical image of a structure lifted into the air by a cluster of colorful balloons, reminiscent of the iconic house from the animated movie &#8220;Up.&#8221;&nbsp;<\/p>\n<p>\ud83d\udeab FONTOS!<\/p>\n<p>Product Name: Balloon House<\/p>\n<p>Kateg\u00f3ria: Film&nbsp;<\/p>\n<p>This Kit Contains: J-ARER DMD001<\/p>\n<p>1249 pcs Good Quality Bricks<\/p>\n<p>Size: 12.8 \u00d7 12.8 \u00d7 21 cm<\/p>\n<p>K\u00e9zi utas\u00edt\u00e1sok<\/p>\n<p>\ud83d\udcccA f\u0151szerepl\u0151 term\u00e9szete<\/p>\n<p>Introducing our proud collection named \u201cBalloon House\u201d you should not miss.<\/p>\n<p>&nbsp;The Balloon House features a charming exterior designed to resemble a traditional house, complete with walls, windows, a roof, and a front door. However, instead of being anchored to the ground, the house is suspended in the air by a cluster of large, brightly colored balloons. &nbsp; The balloons that lift the house skyward come in a variety of shapes, sizes, and colors, adding to the whimsical and eye-catching nature of the structure. Each balloon is securely tethered to the house to ensure stability and safety.&nbsp;<\/p><\/div>","protected":false},"excerpt":{"rendered":"<p>Brand: J-ARER<br \/>\nNem: Uniszex<br \/>\nKoroszt\u00e1ly: &gt; 6 \u00e9v<br \/>\nModel Number: DMD001<br \/>\nBesorol\u00e1s: \u00d6sszeszerel\u00e9s<br \/>\nM\u0171anyag blokk forma: \u00f6nz\u00e1r\u00f3 t\u00e9gla<br \/>\nAnyaga: M\u0171anyag<br \/>\nM\u0171anyag t\u00edpus: ABS<br \/>\nBricks Blocks: 1249 +<br \/>\nEredeti doboza nincs<br \/>\nA term\u00e9k nem tartalmaz MAtric\u00e1t \u00e9s NYOMTATOTT alkatr\u00e9szeket. Minden nyomtatott alkatr\u00e9szt szabv\u00e1nyos alkatr\u00e9szre cser\u00e9l\u00fcnk, \u00e9s nem j\u00e1r bev\u00e9tel harmadik f\u00e9lt\u0151l sz\u00e1rmaz\u00f3 tartoz\u00e9kokkal.<\/p>","protected":false},"featured_media":59738,"comment_status":"open","ping_status":"closed","template":"","meta":{"_acf_changed":false},"product_cat":[1365,371,581,1408],"product_tag":[12348,13124,11072,8452,2318,434],"class_list":["product","first","instock","shipping-taxable","purchasable","product-type-simple"],"acf":[],"_links":{"self":[{"href":"https:\/\/mouldking.store\/hu\/wp-json\/wp\/v2\/product\/59739","targetHints":{"allow":["GET"]}}],"collection":[{"href":"https:\/\/mouldking.store\/hu\/wp-json\/wp\/v2\/product"}],"about":[{"href":"https:\/\/mouldking.store\/hu\/wp-json\/wp\/v2\/types\/product"}],"replies":[{"embeddable":true,"href":"https:\/\/mouldking.store\/hu\/wp-json\/wp\/v2\/comments?post=59739"}],"wp:featuredmedia":[{"embeddable":true,"href":"https:\/\/mouldking.store\/hu\/wp-json\/wp\/v2\/media\/59738"}],"wp:attachment":[{"href":"https:\/\/mouldking.store\/hu\/wp-json\/wp\/v2\/media?parent=59739"}],"wp:term":[{"taxonomy":"product_cat","embeddable":true,"href":"https:\/\/mouldking.store\/hu\/wp-json\/wp\/v2\/product_cat?post=59739"},{"taxonomy":"product_tag","embeddable":true,"href":"https:\/\/mouldking.store\/hu\/wp-json\/wp\/v2\/product_tag?post=59739"}],"curies":[{"name":"wp","href":"https:\/\/api.w.org\/{rel}","templated":true}]}}