{"id":59993,"date":"2024-07-10T16:52:23","date_gmt":"2024-07-10T09:52:23","guid":{"rendered":"https:\/\/mouldking.store\/shop\/moc-factory-108544-call-of-duty-ray-gun-zombies-wonder-weapons-with-1223-pieces\/"},"modified":"2025-12-16T20:59:04","modified_gmt":"2025-12-16T13:59:04","slug":"moc-factory-108544-call-of-duty-ray-gun-zombies-wonder-weapons-with-1223-pieces","status":"publish","type":"product","link":"https:\/\/mouldking.store\/hu\/shop\/moc-factory-108544-call-of-duty-ray-gun-zombies-wonder-weapons-with-1223-pieces\/","title":{"rendered":"MOC Factory 108544 Call of Duty Ray Gun Zombies Wonder fegyverek 1223 darabbal"},"content":{"rendered":"<div>\u2705 MOC-108544 Call of Duty Ray Gun Zombies Wonder Weapons<\/p>\n<p>\u2705 In the Call of Duty: Zombies series, Wonder Weapons are powerful and often unique weapons that stand out from the conventional arsenal. The Ray Gun is one of the most iconic Wonder Weapons.&nbsp;<\/p>\n<p>\ud83d\udeab FONTOS!<\/p>\n<p>Product Name: Call of Duty Ray Gun Zombies Wonder Weapons<\/p>\n<p>Kateg\u00f3ria: Film<\/p>\n<p>This Kit Contains: C10024<\/p>\n<p>1223 pcs Good Quality Bricks<\/p>\n<p>Size: 18 x 6 x 9 cm<\/p>\n<p>Weight: 0.67 kg<\/p>\n<p>PDF \u00datmutat\u00f3<\/p>\n<p>\ud83d\udcccA f\u0151szerepl\u0151 term\u00e9szete<\/p>\n<p>Introducing our proud collection named \u201cCall of Duty Ray Gun Zombies Wonder Weapons\u201d you should not miss.<\/p>\n<p>&nbsp;The Ray Gun Mark II, introduced in Black Ops II\u2019s Buried, offers a three-round burst fire with enhanced damage in its upgraded form, Porter&#8217;s Mark II Ray Gun. The Thundergun, first seen in Black Ops\u2019 Kino der Toten, emits a powerful shockwave that instantly kills and hurls zombies away, becoming the Zeus Cannon when Pack-a-Punched. The Wunderwaffe DG-2 from World at War\u2019s Shi No Numa fires electricity, chaining between zombies, and upgrades to the Wunderwaffe DG-3 JZ with increased capacity. Black Ops\u2019 Call of the Dead introduces the Scavenger, a sniper rifle with explosive bolts, which turns into the Hyena Infra-dead upon upgrading.&nbsp;<\/p><\/div>","protected":false},"excerpt":{"rendered":"<p>M\u00e1rka: MOC Factory<br \/>\nNem: Uniszex<br \/>\nKoroszt\u00e1ly: &gt; 6 \u00e9v<br \/>\nModel Number: 108544<br \/>\nBesorol\u00e1s: \u00d6sszeszerel\u00e9s<br \/>\nM\u0171anyag blokk forma: \u00f6nz\u00e1r\u00f3 t\u00e9gla<br \/>\nAnyaga: M\u0171anyag<br \/>\nM\u0171anyag t\u00edpus: ABS<br \/>\nBricks Blocks: 1223 +<br \/>\nEredeti doboza nincs<br \/>\nA term\u00e9k nem tartalmaz MAtric\u00e1t \u00e9s NYOMTATOTT alkatr\u00e9szeket. Minden nyomtatott alkatr\u00e9szt szabv\u00e1nyos alkatr\u00e9szre cser\u00e9l\u00fcnk, \u00e9s nem j\u00e1r bev\u00e9tel harmadik f\u00e9lt\u0151l sz\u00e1rmaz\u00f3 tartoz\u00e9kokkal.<\/p>","protected":false},"featured_media":59992,"comment_status":"open","ping_status":"closed","template":"","meta":{"_acf_changed":false},"product_cat":[1357,581,364,1408,1922],"product_tag":[13486,5154,434,13487,389,3819,11415],"class_list":["product","first","instock","shipping-taxable","purchasable","product-type-simple"],"acf":[],"_links":{"self":[{"href":"https:\/\/mouldking.store\/hu\/wp-json\/wp\/v2\/product\/59993","targetHints":{"allow":["GET"]}}],"collection":[{"href":"https:\/\/mouldking.store\/hu\/wp-json\/wp\/v2\/product"}],"about":[{"href":"https:\/\/mouldking.store\/hu\/wp-json\/wp\/v2\/types\/product"}],"replies":[{"embeddable":true,"href":"https:\/\/mouldking.store\/hu\/wp-json\/wp\/v2\/comments?post=59993"}],"wp:featuredmedia":[{"embeddable":true,"href":"https:\/\/mouldking.store\/hu\/wp-json\/wp\/v2\/media\/59992"}],"wp:attachment":[{"href":"https:\/\/mouldking.store\/hu\/wp-json\/wp\/v2\/media?parent=59993"}],"wp:term":[{"taxonomy":"product_cat","embeddable":true,"href":"https:\/\/mouldking.store\/hu\/wp-json\/wp\/v2\/product_cat?post=59993"},{"taxonomy":"product_tag","embeddable":true,"href":"https:\/\/mouldking.store\/hu\/wp-json\/wp\/v2\/product_tag?post=59993"}],"curies":[{"name":"wp","href":"https:\/\/api.w.org\/{rel}","templated":true}]}}